{"id":320,"date":"2024-07-31T14:25:18","date_gmt":"2024-07-31T12:25:18","guid":{"rendered":"https:\/\/winebase.hu\/qr\/cookie-policy-eu"},"modified":"2024-08-01T16:44:19","modified_gmt":"2024-08-01T14:44:19","slug":"suti-szabalyzat","status":"publish","type":"page","link":"https:\/\/winebase.hu\/qr\/suti-szabalyzat","title":{"rendered":"S\u00fcti szab\u00e1lyzat"},"content":{"rendered":"\n<!-- Legal document generated by Complianz | GDPR\/CCPA Cookie Consent https:\/\/wordpress.org\/plugins\/complianz-gdpr -->\n<div id=\"cmplz-document\" class=\"cmplz-document cookie-statement cmplz-document-eu\"><p><i>Ez a Cookie-szab\u00e1lyzat legut\u00f3bbi friss\u00edt\u00e9se: 2024.08.01., \u00e9s az Eur\u00f3pai Gazdas\u00e1gi T\u00e9rs\u00e9g \u00e9s Sv\u00e1jc \u00e1llampolg\u00e1raira \u00e9s t\u00f6rv\u00e9nyes \u00e1lland\u00f3 lakosaira vonatkozik.<\/i><br><\/p><h2>1. Bemutatkoz\u00e1s<\/h2><p>Weboldalunk, a <a href=\"https:\/\/winebase.hu\/qr\">https:\/\/winebase.hu\/qr<\/a> (a tov\u00e1bbiakban: \"webhely\") s\u00fctiket \u00e9s egy\u00e9b kapcsol\u00f3d\u00f3 technol\u00f3gi\u00e1kat haszn\u00e1l (a k\u00e9nyelem kedv\u00e9\u00e9rt minden technol\u00f3gi\u00e1t \"s\u00fctinek\" nevez\u00fcnk). A cookie-kat az \u00e1ltalunk bevont harmadik felek is elhelyezik. Az al\u00e1bbi dokumentumban t\u00e1j\u00e9koztatjuk \u00d6nt a weboldalunkon haszn\u00e1lt cookie-k haszn\u00e1lat\u00e1r\u00f3l.<\/p><h2>2. Mik azok a s\u00fctik?<\/h2><p>A cookie egy kis, egyszer\u0171 f\u00e1jl, amelyet a webhely oldalaival egy\u00fctt k\u00fcldenek el, \u00e9s a b\u00f6ng\u00e9sz\u0151je a sz\u00e1m\u00edt\u00f3g\u00e9pe vagy egy m\u00e1sik eszk\u00f6z merevlemez\u00e9n t\u00e1rolja. Az ott t\u00e1rolt inform\u00e1ci\u00f3k egy k\u00e9s\u0151bbi l\u00e1togat\u00e1s sor\u00e1n visszaker\u00fclhetnek szervereinkre vagy az \u00e9rintett harmadik felek szervereire.<\/p><h2>3. Mik azok a scriptek?<\/h2><p>A script egy olyan programk\u00f3d, amelyet weboldalunk megfelel\u0151 \u00e9s interakt\u00edv m\u0171k\u00f6d\u00e9s\u00e9hez haszn\u00e1lnak. Ez a k\u00f3d a szerver\u00fcnk\u00f6n vagy az \u00d6n k\u00e9sz\u00fcl\u00e9k\u00e9n fut le.<\/p><h2>4. Mi az a webjelz\u0151?<\/h2><p>A webjelz\u0151 (vagy pixelc\u00edmke) egy kicsi, l\u00e1thatatlan sz\u00f6veg- vagy k\u00e9pr\u00e9szlet a webhelyen, amelyet a webhely forgalm\u00e1nak figyel\u00e9s\u00e9re haszn\u00e1lnak. Ennek \u00e9rdek\u00e9ben webjelz\u0151k seg\u00edts\u00e9g\u00e9vel k\u00fcl\u00f6nf\u00e9le adatokat t\u00e1rolunk \u00d6nr\u0151l.<\/p><h2>5. S\u00fcti<\/h2><p class=\"cmplz-subtitle\">5.1 Technikai \u00e9s funkcion\u00e1lis s\u00fcti<\/p><p>Egyes cookie-k biztos\u00edtj\u00e1k, hogy a webhely bizonyos r\u00e9szei megfelel\u0151en m\u0171k\u00f6djenek, \u00e9s hogy az \u00d6n felhaszn\u00e1l\u00f3i preferenci\u00e1i ismertek maradjanak. A funkcion\u00e1lis cookie-k elhelyez\u00e9s\u00e9vel megk\u00f6nny\u00edtj\u00fck weboldalunk l\u00e1togat\u00e1s\u00e1t. \u00cdgy nem kell ism\u00e9telten megadnia ugyanazokat az adatokat, amikor felkeresi weboldalunkat, \u00e9s p\u00e9ld\u00e1ul a term\u00e9kek a kos\u00e1rban maradnak, am\u00edg nem fizet. Ezeket a s\u00fctiket az \u00d6n hozz\u00e1j\u00e1rul\u00e1sa n\u00e9lk\u00fcl is elhelyezhetj\u00fck.<\/p><h2>6. Elhelyezett s\u00fctik<\/h2><div id=\"cmplz-cookies-overview\"><details class=\"cmplz-dropdown cmplz-service-desc cmplz-dropdown-cookiepolicy \">\n\t<summary class=\"cmplz-service-header\"><div>\n\t\t<h3>Miscellaneous<\/h3>\n\t\t<p>C\u00e9l f\u00fcgg\u0151ben l\u00e9v\u0151 vizsg\u00e1lat<\/p>\n\t\t<label for=\"cmplz_service_miscellaneous\" class=\"cmplz_consent_per_service_label\"><span class=\"screen-reader-text\">Consent to service miscellaneous<\/span><\/label>\n\t\t<input type=\"checkbox\" id=\"cmplz_service_miscellaneous\" class=\"cmplz-accept-service cmplz-hidden\" data-service=\"miscellaneous\" data-category=\"functional\"><\/div>\n\t<\/summary>\n\t<div class=\"cmplz-service-description\">\n\t\t<h4>Haszn\u00e1lat<\/h4>\n\t\t<p><\/p>\n\t<\/div>\n\t<div class=\"cmplz-sharing-data\">\n\t\t<h4>Megosztott adat<\/h4>\n\t\t<p>Az adatok megoszt\u00e1sa vizsg\u00e1lat alatt \u00e1ll<\/p>\n\t<\/div>\n\t<div class=\"cookies-per-purpose\">\n    <div class=\"purpose\"><h4>C\u00e9l f\u00fcgg\u0151ben l\u00e9v\u0151 vizsg\u00e1lat<\/h4><\/div>\n    <div class=\"name-header\">\n\t<h5>N\u00e9v<\/h5>\n<\/div>\n<div class=\"name\">_ga<\/div>\n<div class=\"retention-header\">\n\t<h5>Lej\u00e1rat<\/h5>\n<\/div>\n<div class=\"retention\"><\/div>\n<div class=\"function-header\">\n\t<h5>Feladat<\/h5>\n<\/div>\n<div class=\"function\"><\/div>\n<div class=\"name-header\">\n\t<h5>N\u00e9v<\/h5>\n<\/div>\n<div class=\"name\">_ga_Q8D12B8SJ8<\/div>\n<div class=\"retention-header\">\n\t<h5>Lej\u00e1rat<\/h5>\n<\/div>\n<div class=\"retention\"><\/div>\n<div class=\"function-header\">\n\t<h5>Feladat<\/h5>\n<\/div>\n<div class=\"function\"><\/div>\n<div class=\"name-header\">\n\t<h5>N\u00e9v<\/h5>\n<\/div>\n<div class=\"name\">2fuf6at4<\/div>\n<div class=\"retention-header\">\n\t<h5>Lej\u00e1rat<\/h5>\n<\/div>\n<div class=\"retention\"><\/div>\n<div class=\"function-header\">\n\t<h5>Feladat<\/h5>\n<\/div>\n<div class=\"function\"><\/div>\n<div class=\"name-header\">\n\t<h5>N\u00e9v<\/h5>\n<\/div>\n<div class=\"name\">k7k80o55<\/div>\n<div class=\"retention-header\">\n\t<h5>Lej\u00e1rat<\/h5>\n<\/div>\n<div class=\"retention\"><\/div>\n<div class=\"function-header\">\n\t<h5>Feladat<\/h5>\n<\/div>\n<div class=\"function\"><\/div>\n<div class=\"name-header\">\n\t<h5>N\u00e9v<\/h5>\n<\/div>\n<div class=\"name\">jd4mdtr6<\/div>\n<div class=\"retention-header\">\n\t<h5>Lej\u00e1rat<\/h5>\n<\/div>\n<div class=\"retention\"><\/div>\n<div class=\"function-header\">\n\t<h5>Feladat<\/h5>\n<\/div>\n<div class=\"function\"><\/div>\n<div class=\"name-header\">\n\t<h5>N\u00e9v<\/h5>\n<\/div>\n<div class=\"name\">fpwchxd2<\/div>\n<div class=\"retention-header\">\n\t<h5>Lej\u00e1rat<\/h5>\n<\/div>\n<div class=\"retention\"><\/div>\n<div class=\"function-header\">\n\t<h5>Feladat<\/h5>\n<\/div>\n<div class=\"function\"><\/div>\n<div class=\"name-header\">\n\t<h5>N\u00e9v<\/h5>\n<\/div>\n<div class=\"name\">pdqhrfdj<\/div>\n<div class=\"retention-header\">\n\t<h5>Lej\u00e1rat<\/h5>\n<\/div>\n<div class=\"retention\"><\/div>\n<div class=\"function-header\">\n\t<h5>Feladat<\/h5>\n<\/div>\n<div class=\"function\"><\/div>\n<div class=\"name-header\">\n\t<h5>N\u00e9v<\/h5>\n<\/div>\n<div class=\"name\">367fomw3<\/div>\n<div class=\"retention-header\">\n\t<h5>Lej\u00e1rat<\/h5>\n<\/div>\n<div class=\"retention\"><\/div>\n<div class=\"function-header\">\n\t<h5>Feladat<\/h5>\n<\/div>\n<div class=\"function\"><\/div>\n<div class=\"name-header\">\n\t<h5>N\u00e9v<\/h5>\n<\/div>\n<div class=\"name\">4nyi2d7r<\/div>\n<div class=\"retention-header\">\n\t<h5>Lej\u00e1rat<\/h5>\n<\/div>\n<div class=\"retention\"><\/div>\n<div class=\"function-header\">\n\t<h5>Feladat<\/h5>\n<\/div>\n<div class=\"function\"><\/div>\n<div class=\"name-header\">\n\t<h5>N\u00e9v<\/h5>\n<\/div>\n<div class=\"name\">yx8zuzgu<\/div>\n<div class=\"retention-header\">\n\t<h5>Lej\u00e1rat<\/h5>\n<\/div>\n<div class=\"retention\"><\/div>\n<div class=\"function-header\">\n\t<h5>Feladat<\/h5>\n<\/div>\n<div class=\"function\"><\/div>\n<div class=\"name-header\">\n\t<h5>N\u00e9v<\/h5>\n<\/div>\n<div class=\"name\">ydeyrekp<\/div>\n<div class=\"retention-header\">\n\t<h5>Lej\u00e1rat<\/h5>\n<\/div>\n<div class=\"retention\"><\/div>\n<div class=\"function-header\">\n\t<h5>Feladat<\/h5>\n<\/div>\n<div class=\"function\"><\/div>\n<div class=\"name-header\">\n\t<h5>N\u00e9v<\/h5>\n<\/div>\n<div class=\"name\">dyzxokvk<\/div>\n<div class=\"retention-header\">\n\t<h5>Lej\u00e1rat<\/h5>\n<\/div>\n<div class=\"retention\"><\/div>\n<div class=\"function-header\">\n\t<h5>Feladat<\/h5>\n<\/div>\n<div class=\"function\"><\/div>\n<div class=\"name-header\">\n\t<h5>N\u00e9v<\/h5>\n<\/div>\n<div class=\"name\">hskf493a<\/div>\n<div class=\"retention-header\">\n\t<h5>Lej\u00e1rat<\/h5>\n<\/div>\n<div class=\"retention\"><\/div>\n<div class=\"function-header\">\n\t<h5>Feladat<\/h5>\n<\/div>\n<div class=\"function\"><\/div>\n<div class=\"name-header\">\n\t<h5>N\u00e9v<\/h5>\n<\/div>\n<div class=\"name\">selectedFormType<\/div>\n<div class=\"retention-header\">\n\t<h5>Lej\u00e1rat<\/h5>\n<\/div>\n<div class=\"retention\"><\/div>\n<div class=\"function-header\">\n\t<h5>Feladat<\/h5>\n<\/div>\n<div class=\"function\"><\/div>\n<div class=\"name-header\">\n\t<h5>N\u00e9v<\/h5>\n<\/div>\n<div class=\"name\">emoji-mart.last<\/div>\n<div class=\"retention-header\">\n\t<h5>Lej\u00e1rat<\/h5>\n<\/div>\n<div class=\"retention\"><\/div>\n<div class=\"function-header\">\n\t<h5>Feladat<\/h5>\n<\/div>\n<div class=\"function\"><\/div>\n<div class=\"name-header\">\n\t<h5>N\u00e9v<\/h5>\n<\/div>\n<div class=\"name\">omWpApi<\/div>\n<div class=\"retention-header\">\n\t<h5>Lej\u00e1rat<\/h5>\n<\/div>\n<div class=\"retention\"><\/div>\n<div class=\"function-header\">\n\t<h5>Feladat<\/h5>\n<\/div>\n<div class=\"function\"><\/div>\n<div class=\"name-header\">\n\t<h5>N\u00e9v<\/h5>\n<\/div>\n<div class=\"name\">emoji-mart.frequently<\/div>\n<div class=\"retention-header\">\n\t<h5>Lej\u00e1rat<\/h5>\n<\/div>\n<div class=\"retention\"><\/div>\n<div class=\"function-header\">\n\t<h5>Feladat<\/h5>\n<\/div>\n<div class=\"function\"><\/div>\n<div class=\"name-header\">\n\t<h5>N\u00e9v<\/h5>\n<\/div>\n<div class=\"name\">log-settings<\/div>\n<div class=\"retention-header\">\n\t<h5>Lej\u00e1rat<\/h5>\n<\/div>\n<div class=\"retention\"><\/div>\n<div class=\"function-header\">\n\t<h5>Feladat<\/h5>\n<\/div>\n<div class=\"function\"><\/div>\n<div class=\"name-header\">\n\t<h5>N\u00e9v<\/h5>\n<\/div>\n<div class=\"name\">loglevel<\/div>\n<div class=\"retention-header\">\n\t<h5>Lej\u00e1rat<\/h5>\n<\/div>\n<div class=\"retention\"><\/div>\n<div class=\"function-header\">\n\t<h5>Feladat<\/h5>\n<\/div>\n<div class=\"function\"><\/div>\n<div class=\"name-header\">\n\t<h5>N\u00e9v<\/h5>\n<\/div>\n<div class=\"name\">entriesPerPage<\/div>\n<div class=\"retention-header\">\n\t<h5>Lej\u00e1rat<\/h5>\n<\/div>\n<div class=\"retention\"><\/div>\n<div class=\"function-header\">\n\t<h5>Feladat<\/h5>\n<\/div>\n<div class=\"function\"><\/div>\n<div class=\"name-header\">\n\t<h5>N\u00e9v<\/h5>\n<\/div>\n<div class=\"name\">1toibxv5<\/div>\n<div class=\"retention-header\">\n\t<h5>Lej\u00e1rat<\/h5>\n<\/div>\n<div class=\"retention\"><\/div>\n<div class=\"function-header\">\n\t<h5>Feladat<\/h5>\n<\/div>\n<div class=\"function\"><\/div>\n<div class=\"name-header\">\n\t<h5>N\u00e9v<\/h5>\n<\/div>\n<div class=\"name\">j1c0hj1a<\/div>\n<div class=\"retention-header\">\n\t<h5>Lej\u00e1rat<\/h5>\n<\/div>\n<div class=\"retention\"><\/div>\n<div class=\"function-header\">\n\t<h5>Feladat<\/h5>\n<\/div>\n<div class=\"function\"><\/div>\n<div class=\"name-header\">\n\t<h5>N\u00e9v<\/h5>\n<\/div>\n<div class=\"name\">ph1dy13n<\/div>\n<div class=\"retention-header\">\n\t<h5>Lej\u00e1rat<\/h5>\n<\/div>\n<div class=\"retention\"><\/div>\n<div class=\"function-header\">\n\t<h5>Feladat<\/h5>\n<\/div>\n<div class=\"function\"><\/div>\n<div class=\"name-header\">\n\t<h5>N\u00e9v<\/h5>\n<\/div>\n<div class=\"name\">8w1zazp3<\/div>\n<div class=\"retention-header\">\n\t<h5>Lej\u00e1rat<\/h5>\n<\/div>\n<div class=\"retention\"><\/div>\n<div class=\"function-header\">\n\t<h5>Feladat<\/h5>\n<\/div>\n<div class=\"function\"><\/div>\n<div class=\"name-header\">\n\t<h5>N\u00e9v<\/h5>\n<\/div>\n<div class=\"name\">c47mngya<\/div>\n<div class=\"retention-header\">\n\t<h5>Lej\u00e1rat<\/h5>\n<\/div>\n<div class=\"retention\"><\/div>\n<div class=\"function-header\">\n\t<h5>Feladat<\/h5>\n<\/div>\n<div class=\"function\"><\/div>\n<div class=\"name-header\">\n\t<h5>N\u00e9v<\/h5>\n<\/div>\n<div class=\"name\">p4s885on<\/div>\n<div class=\"retention-header\">\n\t<h5>Lej\u00e1rat<\/h5>\n<\/div>\n<div class=\"retention\"><\/div>\n<div class=\"function-header\">\n\t<h5>Feladat<\/h5>\n<\/div>\n<div class=\"function\"><\/div>\n<div class=\"name-header\">\n\t<h5>N\u00e9v<\/h5>\n<\/div>\n<div class=\"name\">drm1xvgt<\/div>\n<div class=\"retention-header\">\n\t<h5>Lej\u00e1rat<\/h5>\n<\/div>\n<div class=\"retention\"><\/div>\n<div class=\"function-header\">\n\t<h5>Feladat<\/h5>\n<\/div>\n<div class=\"function\"><\/div>\n<div class=\"name-header\">\n\t<h5>N\u00e9v<\/h5>\n<\/div>\n<div class=\"name\">5kjkr0qu<\/div>\n<div class=\"retention-header\">\n\t<h5>Lej\u00e1rat<\/h5>\n<\/div>\n<div class=\"retention\"><\/div>\n<div class=\"function-header\">\n\t<h5>Feladat<\/h5>\n<\/div>\n<div class=\"function\"><\/div>\n<div class=\"name-header\">\n\t<h5>N\u00e9v<\/h5>\n<\/div>\n<div class=\"name\">76koxdcg<\/div>\n<div class=\"retention-header\">\n\t<h5>Lej\u00e1rat<\/h5>\n<\/div>\n<div class=\"retention\"><\/div>\n<div class=\"function-header\">\n\t<h5>Feladat<\/h5>\n<\/div>\n<div class=\"function\"><\/div>\n<div class=\"name-header\">\n\t<h5>N\u00e9v<\/h5>\n<\/div>\n<div class=\"name\">omVisitsFirst<\/div>\n<div class=\"retention-header\">\n\t<h5>Lej\u00e1rat<\/h5>\n<\/div>\n<div class=\"retention\"><\/div>\n<div class=\"function-header\">\n\t<h5>Feladat<\/h5>\n<\/div>\n<div class=\"function\"><\/div>\n<div class=\"name-header\">\n\t<h5>N\u00e9v<\/h5>\n<\/div>\n<div class=\"name\">omVisits<\/div>\n<div class=\"retention-header\">\n\t<h5>Lej\u00e1rat<\/h5>\n<\/div>\n<div class=\"retention\"><\/div>\n<div class=\"function-header\">\n\t<h5>Feladat<\/h5>\n<\/div>\n<div class=\"function\"><\/div>\n<div class=\"name-header\">\n\t<h5>N\u00e9v<\/h5>\n<\/div>\n<div class=\"name\">omSessionStart<\/div>\n<div class=\"retention-header\">\n\t<h5>Lej\u00e1rat<\/h5>\n<\/div>\n<div class=\"retention\"><\/div>\n<div class=\"function-header\">\n\t<h5>Feladat<\/h5>\n<\/div>\n<div class=\"function\"><\/div>\n<div class=\"name-header\">\n\t<h5>N\u00e9v<\/h5>\n<\/div>\n<div class=\"name\">omScrollHeight<\/div>\n<div class=\"retention-header\">\n\t<h5>Lej\u00e1rat<\/h5>\n<\/div>\n<div class=\"retention\"><\/div>\n<div class=\"function-header\">\n\t<h5>Feladat<\/h5>\n<\/div>\n<div class=\"function\"><\/div>\n<div class=\"name-header\">\n\t<h5>N\u00e9v<\/h5>\n<\/div>\n<div class=\"name\">omSessionPageviews<\/div>\n<div class=\"retention-header\">\n\t<h5>Lej\u00e1rat<\/h5>\n<\/div>\n<div class=\"retention\"><\/div>\n<div class=\"function-header\">\n\t<h5>Feladat<\/h5>\n<\/div>\n<div class=\"function\"><\/div>\n<div class=\"name-header\">\n\t<h5>N\u00e9v<\/h5>\n<\/div>\n<div class=\"name\">adobeCleanFontAdded<\/div>\n<div class=\"retention-header\">\n\t<h5>Lej\u00e1rat<\/h5>\n<\/div>\n<div class=\"retention\"><\/div>\n<div class=\"function-header\">\n\t<h5>Feladat<\/h5>\n<\/div>\n<div class=\"function\"><\/div>\n<div class=\"name-header\">\n\t<h5>N\u00e9v<\/h5>\n<\/div>\n<div class=\"name\">language<\/div>\n<div class=\"retention-header\">\n\t<h5>Lej\u00e1rat<\/h5>\n<\/div>\n<div class=\"retention\"><\/div>\n<div class=\"function-header\">\n\t<h5>Feladat<\/h5>\n<\/div>\n<div class=\"function\"><\/div>\n<div class=\"name-header\">\n\t<h5>N\u00e9v<\/h5>\n<\/div>\n<div class=\"name\">_omappvp<\/div>\n<div class=\"retention-header\">\n\t<h5>Lej\u00e1rat<\/h5>\n<\/div>\n<div class=\"retention\"><\/div>\n<div class=\"function-header\">\n\t<h5>Feladat<\/h5>\n<\/div>\n<div class=\"function\"><\/div>\n<div class=\"name-header\">\n\t<h5>N\u00e9v<\/h5>\n<\/div>\n<div class=\"name\">_omappvs<\/div>\n<div class=\"retention-header\">\n\t<h5>Lej\u00e1rat<\/h5>\n<\/div>\n<div class=\"retention\"><\/div>\n<div class=\"function-header\">\n\t<h5>Feladat<\/h5>\n<\/div>\n<div class=\"function\"><\/div>\n\n<\/div>\n<\/details>\n<\/div><h2>7. Beleegyez\u00e9s<\/h2><p>Amikor el\u0151sz\u00f6r l\u00e1togat meg weboldalunkon, egy felugr\u00f3 ablakot jelen\u00edt\u00fcnk meg a s\u00fctikr\u0151l sz\u00f3l\u00f3 magyar\u00e1zattal. Amint r\u00e1kattint a \u201eS\u00fctik elfogad\u00e1sa\u201d elemre, beleegyezik, hogy minden cookie-t \u00e9s be\u00e9p\u00fcl\u0151 modult haszn\u00e1ljunk az el\u0151ugr\u00f3 ablakban \u00e9s a jelen Cookie-szab\u00e1lyzatban le\u00edrtak szerint. B\u00f6ng\u00e9sz\u0151j\u00e9n kereszt\u00fcl letilthatja a cookie-k haszn\u00e1lat\u00e1t, de vegye figyelembe, hogy el\u0151fordulhat, hogy weboldalunk m\u00e1r nem fog megfelel\u0151en m\u0171k\u00f6dni.<\/p><p class=\"cmplz-subtitle\">7.1 A beleegyez\u00e9si be\u00e1ll\u00edt\u00e1sok kezel\u00e9se<\/p><div id=\"cmplz-manage-consent-container-nojavascript\">Javascript t\u00e1mogat\u00e1s n\u00e9lk\u00fcl t\u00f6lt\u00f6tte be a Cookie-szab\u00e1lyzatot.&nbsp;Az AMP-n haszn\u00e1lhatja az oldal alj\u00e1n tal\u00e1lhat\u00f3 hozz\u00e1j\u00e1rul\u00e1s kezel\u00e9se gombot.<\/div><div id=\"cmplz-manage-consent-container\" class=\"cmplz-manage-consent-container\"><\/div><h2>8. Cookie-k enged\u00e9lyez\u00e9se\/letilt\u00e1sa \u00e9s t\u00f6rl\u00e9se<\/h2><p>Haszn\u00e1lhatja internetb\u00f6ng\u00e9sz\u0151j\u00e9t a cookie-k automatikus vagy manu\u00e1lis t\u00f6rl\u00e9s\u00e9re. Azt is megadhatja, hogy bizonyos s\u00fctik ne ker\u00fcljenek elhelyez\u00e9sre. Egy m\u00e1sik lehet\u0151s\u00e9g, hogy m\u00f3dos\u00edtsa internetb\u00f6ng\u00e9sz\u0151j\u00e9nek be\u00e1ll\u00edt\u00e1sait, hogy minden cookie elhelyez\u00e9sekor \u00fczenetet kapjon. Ha t\u00f6bbet szeretne megtudni ezekr\u0151l a lehet\u0151s\u00e9gekr\u0151l, olvassa el a b\u00f6ng\u00e9sz\u0151je S\u00fag\u00f3 r\u00e9sz\u00e9ben tal\u00e1lhat\u00f3 utas\u00edt\u00e1sokat.<\/p><p>Felh\u00edvjuk figyelm\u00e9t, hogy el\u0151fordulhat, hogy weboldalunk nem fog megfelel\u0151en m\u0171k\u00f6dni, ha az \u00f6sszes cookie le van tiltva. Ha t\u00f6rli a cookie-kat a b\u00f6ng\u00e9sz\u0151j\u00e9ben, azok az \u00d6n hozz\u00e1j\u00e1rul\u00e1sa ut\u00e1n \u00fajra el lesznek helyezve, amikor ism\u00e9t felkeresi weboldalunkat.<\/p><h2>9. Az \u00d6n szem\u00e9lyes adatokkal kapcsolatos jogai<\/h2><p>Szem\u00e9lyes adataival kapcsolatban az al\u00e1bbi jogokkal rendelkezik:<\/p><ul>\n                    <li>\u00d6nnek joga van tudni, hogy mi\u00e9rt van sz\u00fcks\u00e9g szem\u00e9lyes adataira, mi t\u00f6rt\u00e9nik vel\u00fck, \u00e9s mennyi ideig \u0151rzik meg azokat.<\/li>\n                    <li>Hozz\u00e1f\u00e9r\u00e9si jog: \u00d6nnek joga van hozz\u00e1f\u00e9rni az \u00e1ltalunk ismert szem\u00e9lyes adataihoz.<\/li>\n                    <li>Helyesb\u00edt\u00e9shez val\u00f3 jog: \u00d6n b\u00e1rmikor jogosult szem\u00e9lyes adatait kieg\u00e9sz\u00edteni, helyesb\u00edteni, t\u00f6r\u00f6lni vagy z\u00e1rolni.<\/li>\n                    <li>Ha hozz\u00e1j\u00e1rul\u00e1s\u00e1t adja adatai feldolgoz\u00e1s\u00e1hoz, \u00d6nnek jog\u00e1ban \u00e1ll visszavonni a hozz\u00e1j\u00e1rul\u00e1s\u00e1t, \u00e9s t\u00f6r\u00f6lni szem\u00e9lyes adatait.<\/li>\n                    <li>Adatai tov\u00e1bb\u00edt\u00e1s\u00e1nak joga: jogosult arra, hogy minden szem\u00e9lyes adat\u00e1t az adatkezel\u0151t\u0151l k\u00e9rje, \u00e9s azokat teljes eg\u00e9sz\u00e9ben egy m\u00e1sik adatkezel\u0151nek tov\u00e1bb\u00edtsa.<\/li>\n                    <li>Tiltakoz\u00e1si jog: \u00d6n tiltakozhat adatai kezel\u00e9se ellen. Ennek betartjuk, kiv\u00e9ve, ha az adatkezel\u00e9snek indokolt oka van.<\/li>\n                <\/ul><p>E jogok gyakorl\u00e1s\u00e1hoz vegye fel vel\u00fcnk a kapcsolatot. K\u00e9rj\u00fck, tekintse meg a jelen Cookie-szab\u00e1lyzat alj\u00e1n tal\u00e1lhat\u00f3 el\u00e9rhet\u0151s\u00e9geket. Ha panasza van azzal kapcsolatban, hogy hogyan kezelj\u00fck adatait, szeretn\u00e9nk meghallgatni \u00d6nt, de \u00d6nnek jog\u00e1ban \u00e1ll panaszt beny\u00fajtani a fel\u00fcgyeleti hat\u00f3s\u00e1ghoz (Adatv\u00e9delmi Hat\u00f3s\u00e1g).<\/p><h2>10. Kapcsolati adatok<\/h2><p>A Cookie-szab\u00e1lyzatunkkal \u00e9s a jelen nyilatkozattal kapcsolatos k\u00e9rd\u00e9sei \u00e9s\/vagy megjegyz\u00e9sei eset\u00e9n k\u00e9rj\u00fck, vegye fel vel\u00fcnk a kapcsolatot az al\u00e1bbi el\u00e9rhet\u0151s\u00e9geken:<\/p><p><span class=\"cmplz-contact-organisation\">Sz\u0151ke Tibor E.V.<\/span><br>\n                      <span class=\"cmplz-contact-address\">6400 Kiskunhalas, Batth\u00e1ny u. 54.<\/span><br>\n                      <span class=\"cmplz-contact-country\">Hungary<\/span><br>\n                      <span class=\"cmplz-contact-domain\">Website: <a href=\"https:\/\/winebase.hu\/qr\">https:\/\/winebase.hu\/qr<\/a><\/span><br>\n                      <span class=\"cmplz-contact-email\">Email: <span class=\"cmplz-obfuscate\">&#104;&#101;llo@<span class=\"cmplz-fmail-domain\">&#101;&#120;.c&#111;m<\/span>w&#105;neb&#097;s&#101;&#046;&#104;&#117;<\/span><\/span><br>\n                    <span class=\"cmplz-contact-telephone\"><\/span><\/p><\/div>\n","protected":false},"excerpt":{"rendered":"","protected":false},"author":1,"featured_media":0,"parent":0,"menu_order":0,"comment_status":"closed","ping_status":"closed","template":"","meta":{"footnotes":""},"class_list":["post-320","page","type-page","status-publish","hentry"],"_links":{"self":[{"href":"https:\/\/winebase.hu\/qr\/wp-json\/wp\/v2\/pages\/320","targetHints":{"allow":["GET"]}}],"collection":[{"href":"https:\/\/winebase.hu\/qr\/wp-json\/wp\/v2\/pages"}],"about":[{"href":"https:\/\/winebase.hu\/qr\/wp-json\/wp\/v2\/types\/page"}],"author":[{"embeddable":true,"href":"https:\/\/winebase.hu\/qr\/wp-json\/wp\/v2\/users\/1"}],"replies":[{"embeddable":true,"href":"https:\/\/winebase.hu\/qr\/wp-json\/wp\/v2\/comments?post=320"}],"version-history":[{"count":1,"href":"https:\/\/winebase.hu\/qr\/wp-json\/wp\/v2\/pages\/320\/revisions"}],"predecessor-version":[{"id":327,"href":"https:\/\/winebase.hu\/qr\/wp-json\/wp\/v2\/pages\/320\/revisions\/327"}],"wp:attachment":[{"href":"https:\/\/winebase.hu\/qr\/wp-json\/wp\/v2\/media?parent=320"}],"curies":[{"name":"wp","href":"https:\/\/api.w.org\/{rel}","templated":true}]}}