{"id":320,"date":"2024-07-31T14:25:18","date_gmt":"2024-07-31T12:25:18","guid":{"rendered":"https:\/\/winebase.hu\/qr\/cookie-policy-eu"},"modified":"2024-08-01T16:44:19","modified_gmt":"2024-08-01T14:44:19","slug":"suti-szabalyzat","status":"publish","type":"page","link":"https:\/\/winebase.hu\/qr\/sv\/suti-szabalyzat","title":{"rendered":"Policy f\u00f6r cookies"},"content":{"rendered":"<!-- Legal document generated by Complianz | GDPR\/CCPA Cookie Consent https:\/\/wordpress.org\/plugins\/complianz-gdpr -->\n<div id=\"cmplz-document\" class=\"cmplz-document cookie-statement cmplz-document-eu\"><p><i>Denna cookiepolicy uppdaterades per den 01.08.2024 och g\u00e4ller f\u00f6r medborgare och lagliga permanenta inv\u00e5nare i Europeiska ekonomiska samarbetsomr\u00e5det och Schweiz.<\/i><br><\/p><h2>1. Inledning<\/h2><p>V\u00e5r webbplats, <a href=\"https:\/\/winebase.hu\/qr\/sv\">https:\/\/winebase.hu\/qr\/sv<\/a> (nedan kallad \"webbplatsen\") anv\u00e4nder cookies och andra relaterade tekniker (f\u00f6r enkelhets skull kallas alla tekniker f\u00f6r \"cookies\"). Cookies placeras ocks\u00e5 av tredje parter som vi har kontaktat. I dokumentet nedan informerar vi dig om anv\u00e4ndningen av cookies p\u00e5 v\u00e5r webbplats.<\/p><h2>2. Vad \u00e4r cookies?<\/h2><p>En cookie \u00e4r en liten, liten fil som skickas tillsammans med sidor p\u00e5 denna webbplats och lagras av din webbl\u00e4sare p\u00e5 din dators eller annan enhets h\u00e5rddisk. Information som lagras d\u00e4r kan h\u00e4mtas av v\u00e5ra servrar eller av relevanta tredjeparts servrar vid ett senare bes\u00f6k.<\/p><h2>3. Vad \u00e4r manuset?<\/h2><p>Ett skript \u00e4r en bit programmeringskod som anv\u00e4nds f\u00f6r att f\u00e5 v\u00e5r webbplats att fungera korrekt och interaktivt. Denna kod k\u00f6rs p\u00e5 v\u00e5r server eller p\u00e5 din dator.<\/p><h2>4. Vad \u00e4r en webbfyr?<\/h2><p>En webbl\u00e4sare (eller en pixeltagg) \u00e4r en liten, liten bit text eller bild p\u00e5 en webbplats som anv\u00e4nds f\u00f6r att \u00f6vervaka trafiken p\u00e5 en webbplats. F\u00f6r att g\u00f6ra detta lagras olika uppgifter om dig med hj\u00e4lp av webbl\u00e4sare.<\/p><h2>5. Kakor<\/h2><p class=\"cmplz-subtitle\">5.1 Tekniska eller funktionella cookies<\/p><p>Vissa cookies s\u00e4kerst\u00e4ller att vissa delar av webbplatsen fungerar korrekt och att dina anv\u00e4ndarpreferenser f\u00f6rblir korrekta. Genom att placera funktionella cookies g\u00f6r vi det enklare f\u00f6r dig att bes\u00f6ka och navigera p\u00e5 v\u00e5r webbplats, s\u00e5 att du inte beh\u00f6ver ange samma information upprepade g\u00e5nger n\u00e4r du bes\u00f6ker v\u00e5r webbplats och till exempel att varorna ligger i din varukorg tills du har betalat. Vi kan eventuellt placera dessa cookies utan ditt samtycke.<\/p><h2>6. Placerade kakor<\/h2><div id=\"cmplz-cookies-overview\"><details class=\"cmplz-dropdown cmplz-service-desc cmplz-dropdown-cookiepolicy\">\n\t<summary class=\"cmplz-service-header\"><div>\n\t\t<h3>\u00d6vrigt<\/h3>\n\t\t<p>Syfte under utredning<\/p>\n\t\t<label for=\"cmplz_service_\u00d6vrigt\" class=\"cmplz_consent_per_service_label\"><span class=\"screen-reader-text\">Samtycke till tj\u00e4nst \u00d6vrigt<\/span><\/label>\n\t\t<input type=\"checkbox\" id=\"cmplz_service_\u00d6vrigt\" class=\"cmplz-accept-service cmplz-hidden\" data-service=\"\u00d6vrigt\" data-category=\"functional\"><\/div>\n\t<\/summary>\n\t<div class=\"cmplz-service-description\">\n\t\t<h4>Anv\u00e4ndning<\/h4>\n\t\t<p><\/p>\n\t<\/div>\n\t<div class=\"cmplz-sharing-data\">\n\t\t<h4>Delar data<\/h4>\n\t\t<p>Delning av data v\u00e4ntar p\u00e5 utredning<\/p>\n\t<\/div>\n\t<div class=\"cookies-per-purpose\">\n    <div class=\"purpose\"><h4>Syfte under utredning<\/h4><\/div>\n    <div class=\"name-header\">\n\t<h5>Namn<\/h5>\n<\/div>\n<div class=\"name\">_ga<\/div>\n<div class=\"retention-header\">\n\t<h5>L\u00f6per ut<\/h5>\n<\/div>\n<div class=\"retention\"><\/div>\n<div class=\"function-header\">\n\t<h5>Funktion<\/h5>\n<\/div>\n<div class=\"function\"><\/div>\n<div class=\"name-header\">\n\t<h5>Namn<\/h5>\n<\/div>\n<div class=\"name\">_ga_Q8D12B8SJ8<\/div>\n<div class=\"retention-header\">\n\t<h5>L\u00f6per ut<\/h5>\n<\/div>\n<div class=\"retention\"><\/div>\n<div class=\"function-header\">\n\t<h5>Funktion<\/h5>\n<\/div>\n<div class=\"function\"><\/div>\n<div class=\"name-header\">\n\t<h5>Namn<\/h5>\n<\/div>\n<div class=\"name\">2fuf6at4<\/div>\n<div class=\"retention-header\">\n\t<h5>L\u00f6per ut<\/h5>\n<\/div>\n<div class=\"retention\"><\/div>\n<div class=\"function-header\">\n\t<h5>Funktion<\/h5>\n<\/div>\n<div class=\"function\"><\/div>\n<div class=\"name-header\">\n\t<h5>Namn<\/h5>\n<\/div>\n<div class=\"name\">k7k80o55<\/div>\n<div class=\"retention-header\">\n\t<h5>L\u00f6per ut<\/h5>\n<\/div>\n<div class=\"retention\"><\/div>\n<div class=\"function-header\">\n\t<h5>Funktion<\/h5>\n<\/div>\n<div class=\"function\"><\/div>\n<div class=\"name-header\">\n\t<h5>Namn<\/h5>\n<\/div>\n<div class=\"name\">jd4mdtr6<\/div>\n<div class=\"retention-header\">\n\t<h5>L\u00f6per ut<\/h5>\n<\/div>\n<div class=\"retention\"><\/div>\n<div class=\"function-header\">\n\t<h5>Funktion<\/h5>\n<\/div>\n<div class=\"function\"><\/div>\n<div class=\"name-header\">\n\t<h5>Namn<\/h5>\n<\/div>\n<div class=\"name\">fpwchxd2<\/div>\n<div class=\"retention-header\">\n\t<h5>L\u00f6per ut<\/h5>\n<\/div>\n<div class=\"retention\"><\/div>\n<div class=\"function-header\">\n\t<h5>Funktion<\/h5>\n<\/div>\n<div class=\"function\"><\/div>\n<div class=\"name-header\">\n\t<h5>Namn<\/h5>\n<\/div>\n<div class=\"name\">pdqhrfdj<\/div>\n<div class=\"retention-header\">\n\t<h5>L\u00f6per ut<\/h5>\n<\/div>\n<div class=\"retention\"><\/div>\n<div class=\"function-header\">\n\t<h5>Funktion<\/h5>\n<\/div>\n<div class=\"function\"><\/div>\n<div class=\"name-header\">\n\t<h5>Namn<\/h5>\n<\/div>\n<div class=\"name\">367fomw3<\/div>\n<div class=\"retention-header\">\n\t<h5>L\u00f6per ut<\/h5>\n<\/div>\n<div class=\"retention\"><\/div>\n<div class=\"function-header\">\n\t<h5>Funktion<\/h5>\n<\/div>\n<div class=\"function\"><\/div>\n<div class=\"name-header\">\n\t<h5>Namn<\/h5>\n<\/div>\n<div class=\"name\">4nyi2d7r<\/div>\n<div class=\"retention-header\">\n\t<h5>L\u00f6per ut<\/h5>\n<\/div>\n<div class=\"retention\"><\/div>\n<div class=\"function-header\">\n\t<h5>Funktion<\/h5>\n<\/div>\n<div class=\"function\"><\/div>\n<div class=\"name-header\">\n\t<h5>Namn<\/h5>\n<\/div>\n<div class=\"name\">yx8zuzgu<\/div>\n<div class=\"retention-header\">\n\t<h5>L\u00f6per ut<\/h5>\n<\/div>\n<div class=\"retention\"><\/div>\n<div class=\"function-header\">\n\t<h5>Funktion<\/h5>\n<\/div>\n<div class=\"function\"><\/div>\n<div class=\"name-header\">\n\t<h5>Namn<\/h5>\n<\/div>\n<div class=\"name\">ydeyrekp<\/div>\n<div class=\"retention-header\">\n\t<h5>L\u00f6per ut<\/h5>\n<\/div>\n<div class=\"retention\"><\/div>\n<div class=\"function-header\">\n\t<h5>Funktion<\/h5>\n<\/div>\n<div class=\"function\"><\/div>\n<div class=\"name-header\">\n\t<h5>Namn<\/h5>\n<\/div>\n<div class=\"name\">dyzxokvk<\/div>\n<div class=\"retention-header\">\n\t<h5>L\u00f6per ut<\/h5>\n<\/div>\n<div class=\"retention\"><\/div>\n<div class=\"function-header\">\n\t<h5>Funktion<\/h5>\n<\/div>\n<div class=\"function\"><\/div>\n<div class=\"name-header\">\n\t<h5>Namn<\/h5>\n<\/div>\n<div class=\"name\">hskf493a<\/div>\n<div class=\"retention-header\">\n\t<h5>L\u00f6per ut<\/h5>\n<\/div>\n<div class=\"retention\"><\/div>\n<div class=\"function-header\">\n\t<h5>Funktion<\/h5>\n<\/div>\n<div class=\"function\"><\/div>\n<div class=\"name-header\">\n\t<h5>Namn<\/h5>\n<\/div>\n<div class=\"name\">valdFormTyp<\/div>\n<div class=\"retention-header\">\n\t<h5>L\u00f6per ut<\/h5>\n<\/div>\n<div class=\"retention\"><\/div>\n<div class=\"function-header\">\n\t<h5>Funktion<\/h5>\n<\/div>\n<div class=\"function\"><\/div>\n<div class=\"name-header\">\n\t<h5>Namn<\/h5>\n<\/div>\n<div class=\"name\">emoji-mart.last<\/div>\n<div class=\"retention-header\">\n\t<h5>L\u00f6per ut<\/h5>\n<\/div>\n<div class=\"retention\"><\/div>\n<div class=\"function-header\">\n\t<h5>Funktion<\/h5>\n<\/div>\n<div class=\"function\"><\/div>\n<div class=\"name-header\">\n\t<h5>Namn<\/h5>\n<\/div>\n<div class=\"name\">omWpApi<\/div>\n<div class=\"retention-header\">\n\t<h5>L\u00f6per ut<\/h5>\n<\/div>\n<div class=\"retention\"><\/div>\n<div class=\"function-header\">\n\t<h5>Funktion<\/h5>\n<\/div>\n<div class=\"function\"><\/div>\n<div class=\"name-header\">\n\t<h5>Namn<\/h5>\n<\/div>\n<div class=\"name\">emoji-mart.ofta<\/div>\n<div class=\"retention-header\">\n\t<h5>L\u00f6per ut<\/h5>\n<\/div>\n<div class=\"retention\"><\/div>\n<div class=\"function-header\">\n\t<h5>Funktion<\/h5>\n<\/div>\n<div class=\"function\"><\/div>\n<div class=\"name-header\">\n\t<h5>Namn<\/h5>\n<\/div>\n<div class=\"name\">logg-inst\u00e4llningar<\/div>\n<div class=\"retention-header\">\n\t<h5>L\u00f6per ut<\/h5>\n<\/div>\n<div class=\"retention\"><\/div>\n<div class=\"function-header\">\n\t<h5>Funktion<\/h5>\n<\/div>\n<div class=\"function\"><\/div>\n<div class=\"name-header\">\n\t<h5>Namn<\/h5>\n<\/div>\n<div class=\"name\">Loggniv\u00e5<\/div>\n<div class=\"retention-header\">\n\t<h5>L\u00f6per ut<\/h5>\n<\/div>\n<div class=\"retention\"><\/div>\n<div class=\"function-header\">\n\t<h5>Funktion<\/h5>\n<\/div>\n<div class=\"function\"><\/div>\n<div class=\"name-header\">\n\t<h5>Namn<\/h5>\n<\/div>\n<div class=\"name\">posterPerSida<\/div>\n<div class=\"retention-header\">\n\t<h5>L\u00f6per ut<\/h5>\n<\/div>\n<div class=\"retention\"><\/div>\n<div class=\"function-header\">\n\t<h5>Funktion<\/h5>\n<\/div>\n<div class=\"function\"><\/div>\n<div class=\"name-header\">\n\t<h5>Namn<\/h5>\n<\/div>\n<div class=\"name\">1toibxv5<\/div>\n<div class=\"retention-header\">\n\t<h5>L\u00f6per ut<\/h5>\n<\/div>\n<div class=\"retention\"><\/div>\n<div class=\"function-header\">\n\t<h5>Funktion<\/h5>\n<\/div>\n<div class=\"function\"><\/div>\n<div class=\"name-header\">\n\t<h5>Namn<\/h5>\n<\/div>\n<div class=\"name\">j1c0hj1a<\/div>\n<div class=\"retention-header\">\n\t<h5>L\u00f6per ut<\/h5>\n<\/div>\n<div class=\"retention\"><\/div>\n<div class=\"function-header\">\n\t<h5>Funktion<\/h5>\n<\/div>\n<div class=\"function\"><\/div>\n<div class=\"name-header\">\n\t<h5>Namn<\/h5>\n<\/div>\n<div class=\"name\">ph1dy13n<\/div>\n<div class=\"retention-header\">\n\t<h5>L\u00f6per ut<\/h5>\n<\/div>\n<div class=\"retention\"><\/div>\n<div class=\"function-header\">\n\t<h5>Funktion<\/h5>\n<\/div>\n<div class=\"function\"><\/div>\n<div class=\"name-header\">\n\t<h5>Namn<\/h5>\n<\/div>\n<div class=\"name\">8w1zazp3<\/div>\n<div class=\"retention-header\">\n\t<h5>L\u00f6per ut<\/h5>\n<\/div>\n<div class=\"retention\"><\/div>\n<div class=\"function-header\">\n\t<h5>Funktion<\/h5>\n<\/div>\n<div class=\"function\"><\/div>\n<div class=\"name-header\">\n\t<h5>Namn<\/h5>\n<\/div>\n<div class=\"name\">c47mngya<\/div>\n<div class=\"retention-header\">\n\t<h5>L\u00f6per ut<\/h5>\n<\/div>\n<div class=\"retention\"><\/div>\n<div class=\"function-header\">\n\t<h5>Funktion<\/h5>\n<\/div>\n<div class=\"function\"><\/div>\n<div class=\"name-header\">\n\t<h5>Namn<\/h5>\n<\/div>\n<div class=\"name\">p4s885on<\/div>\n<div class=\"retention-header\">\n\t<h5>L\u00f6per ut<\/h5>\n<\/div>\n<div class=\"retention\"><\/div>\n<div class=\"function-header\">\n\t<h5>Funktion<\/h5>\n<\/div>\n<div class=\"function\"><\/div>\n<div class=\"name-header\">\n\t<h5>Namn<\/h5>\n<\/div>\n<div class=\"name\">drm1xvgt<\/div>\n<div class=\"retention-header\">\n\t<h5>L\u00f6per ut<\/h5>\n<\/div>\n<div class=\"retention\"><\/div>\n<div class=\"function-header\">\n\t<h5>Funktion<\/h5>\n<\/div>\n<div class=\"function\"><\/div>\n<div class=\"name-header\">\n\t<h5>Namn<\/h5>\n<\/div>\n<div class=\"name\">5kjkr0qu<\/div>\n<div class=\"retention-header\">\n\t<h5>L\u00f6per ut<\/h5>\n<\/div>\n<div class=\"retention\"><\/div>\n<div class=\"function-header\">\n\t<h5>Funktion<\/h5>\n<\/div>\n<div class=\"function\"><\/div>\n<div class=\"name-header\">\n\t<h5>Namn<\/h5>\n<\/div>\n<div class=\"name\">76koxdcg<\/div>\n<div class=\"retention-header\">\n\t<h5>L\u00f6per ut<\/h5>\n<\/div>\n<div class=\"retention\"><\/div>\n<div class=\"function-header\">\n\t<h5>Funktion<\/h5>\n<\/div>\n<div class=\"function\"><\/div>\n<div class=\"name-header\">\n\t<h5>Namn<\/h5>\n<\/div>\n<div class=\"name\">omVisitsFirst<\/div>\n<div class=\"retention-header\">\n\t<h5>L\u00f6per ut<\/h5>\n<\/div>\n<div class=\"retention\"><\/div>\n<div class=\"function-header\">\n\t<h5>Funktion<\/h5>\n<\/div>\n<div class=\"function\"><\/div>\n<div class=\"name-header\">\n\t<h5>Namn<\/h5>\n<\/div>\n<div class=\"name\">omVisits<\/div>\n<div class=\"retention-header\">\n\t<h5>L\u00f6per ut<\/h5>\n<\/div>\n<div class=\"retention\"><\/div>\n<div class=\"function-header\">\n\t<h5>Funktion<\/h5>\n<\/div>\n<div class=\"function\"><\/div>\n<div class=\"name-header\">\n\t<h5>Namn<\/h5>\n<\/div>\n<div class=\"name\">omSessionStart<\/div>\n<div class=\"retention-header\">\n\t<h5>L\u00f6per ut<\/h5>\n<\/div>\n<div class=\"retention\"><\/div>\n<div class=\"function-header\">\n\t<h5>Funktion<\/h5>\n<\/div>\n<div class=\"function\"><\/div>\n<div class=\"name-header\">\n\t<h5>Namn<\/h5>\n<\/div>\n<div class=\"name\">omScrollHeight<\/div>\n<div class=\"retention-header\">\n\t<h5>L\u00f6per ut<\/h5>\n<\/div>\n<div class=\"retention\"><\/div>\n<div class=\"function-header\">\n\t<h5>Funktion<\/h5>\n<\/div>\n<div class=\"function\"><\/div>\n<div class=\"name-header\">\n\t<h5>Namn<\/h5>\n<\/div>\n<div class=\"name\">omSessionPageviews<\/div>\n<div class=\"retention-header\">\n\t<h5>L\u00f6per ut<\/h5>\n<\/div>\n<div class=\"retention\"><\/div>\n<div class=\"function-header\">\n\t<h5>Funktion<\/h5>\n<\/div>\n<div class=\"function\"><\/div>\n<div class=\"name-header\">\n\t<h5>Namn<\/h5>\n<\/div>\n<div class=\"name\">adobeCleanFontAdded<\/div>\n<div class=\"retention-header\">\n\t<h5>L\u00f6per ut<\/h5>\n<\/div>\n<div class=\"retention\"><\/div>\n<div class=\"function-header\">\n\t<h5>Funktion<\/h5>\n<\/div>\n<div class=\"function\"><\/div>\n<div class=\"name-header\">\n\t<h5>Namn<\/h5>\n<\/div>\n<div class=\"name\">language<\/div>\n<div class=\"retention-header\">\n\t<h5>L\u00f6per ut<\/h5>\n<\/div>\n<div class=\"retention\"><\/div>\n<div class=\"function-header\">\n\t<h5>Funktion<\/h5>\n<\/div>\n<div class=\"function\"><\/div>\n<div class=\"name-header\">\n\t<h5>Namn<\/h5>\n<\/div>\n<div class=\"name\">_omappvp<\/div>\n<div class=\"retention-header\">\n\t<h5>L\u00f6per ut<\/h5>\n<\/div>\n<div class=\"retention\"><\/div>\n<div class=\"function-header\">\n\t<h5>Funktion<\/h5>\n<\/div>\n<div class=\"function\"><\/div>\n<div class=\"name-header\">\n\t<h5>Namn<\/h5>\n<\/div>\n<div class=\"name\">_omappvs<\/div>\n<div class=\"retention-header\">\n\t<h5>L\u00f6per ut<\/h5>\n<\/div>\n<div class=\"retention\"><\/div>\n<div class=\"function-header\">\n\t<h5>Funktion<\/h5>\n<\/div>\n<div class=\"function\"><\/div>\n\n<\/div>\n<\/details>\n<\/div><h2>7. Sammet h\u00f6rn<\/h2><p>N\u00e4r du bes\u00f6ker v\u00e5r webbplats f\u00f6r f\u00f6rsta g\u00e5ngen kommer vi att visa ett popup-f\u00f6nster med en f\u00f6rklaring av cookies. Genom att klicka p\u00e5 \"Acceptera cookies\" godk\u00e4nner du v\u00e5r anv\u00e4ndning av alla cookies och de villkor som beskrivs i popup-f\u00f6nstret och denna cookiepolicy. Du kan avaktivera anv\u00e4ndningen av cookies via din webbl\u00e4sare, men observera att v\u00e5r webbplats kanske inte l\u00e4ngre fungerar korrekt.<\/p><p class=\"cmplz-subtitle\">7.1 Hantera inst\u00e4llningarna f\u00f6r din cykel<\/p><div id=\"cmplz-manage-consent-container-nojavascript\">Du har laddat ner en cookiepolicy utan st\u00f6d f\u00f6r javascript. P\u00e5 AMP kan du anv\u00e4nda knappen \"Hantera hela sidan\".<\/div><div id=\"cmplz-manage-consent-container\" class=\"cmplz-manage-consent-container\"><\/div><h2>8. Aktivera\/inaktivera och radera cookies<\/h2><p>Du kan anv\u00e4nda din webbl\u00e4sare f\u00f6r att automatiskt eller manuellt radera cookies, eller s\u00e5 kan du v\u00e4lja att inte st\u00e4lla in vissa cookies. Ett annat alternativ \u00e4r att \u00e4ndra inst\u00e4llningarna i din webbl\u00e4sare s\u00e5 att du f\u00e5r ett meddelande varje g\u00e5ng en cookie st\u00e4lls in. Mer information om dessa alternativ finns i instruktionerna i hj\u00e4lpavsnittet i din webbl\u00e4sare.<\/p><p>Observera att v\u00e5r webbplats kanske inte fungerar som den ska om alla cookies \u00e4r inaktiva. Om du raderar cookies i din webbl\u00e4sare kommer de att placeras efter din inloggning n\u00e4r du bes\u00f6ker v\u00e5r webbplats igen.<\/p><h2>9. Dina r\u00e4ttigheter med avseende p\u00e5 personuppgifter<\/h2><p>Du har f\u00f6ljande r\u00e4ttigheter n\u00e4r det g\u00e4ller dina personuppgifter:<\/p><ul>\n                    <li>Du har r\u00e4tt att f\u00e5 veta varf\u00f6r dina personuppgifter beh\u00f6vs, vad som ska h\u00e4nda med dem och hur l\u00e4nge de ska sparas.<\/li>\n                    <li>R\u00e4tt till tillg\u00e5ng: Du har r\u00e4tt att f\u00e5 tillg\u00e5ng till de personuppgifter som vi k\u00e4nner till om dig.<\/li>\n                    <li>R\u00e4tt till uppdatering: Du har r\u00e4tt att komplettera, r\u00e4tta, radera eller blockera dina personuppgifter som du vill.<\/li>\n                    <li>Om du l\u00e4mnar ut ditt l\u00f6senord till oss f\u00f6r att hantera dina uppgifter har du r\u00e4tt att beg\u00e4ra omr\u00e4kning av l\u00f6senordet och f\u00e5 dina personuppgifter \u00e5terl\u00e4mnade.<\/li>\n                    <li>R\u00e4tt till \u00f6verf\u00f6ring: du har r\u00e4tt att samla in alla dina personuppgifter fr\u00e5n registraren och \u00f6verf\u00f6ra dem i sin helhet till en annan registrare.<\/li>\n                    <li>R\u00e4tt att inv\u00e4nda: Du kan inv\u00e4nda mot behandlingen av dina uppgifter. Vi kommer att f\u00f6lja detta om det inte finns n\u00e5gra giltiga sk\u00e4l f\u00f6r behandlingen.<\/li>\n                <\/ul><p>F\u00f6r att ut\u00f6va dessa r\u00e4ttigheter, v\u00e4nligen kontakta oss. Om du har klagom\u00e5l p\u00e5 hur vi hanterar dina uppgifter vill vi g\u00e4rna att du h\u00f6r av dig, men du har ocks\u00e5 r\u00e4tt att l\u00e4mna in ett klagom\u00e5l till Datainspektionen.<\/p><h2>10. Kontaktuppgifter<\/h2><p>F\u00f6r fr\u00e5gor och\/eller kommentarer om v\u00e5r cookiepolicy och detta integritetsmeddelande, v\u00e4nligen kontakta oss via kontaktuppgifterna nedan:<\/p><p><span class=\"cmplz-contact-organisation\">Tibor Sz\u0151ke E.V.<\/span><br>\n                      <span class=\"cmplz-contact-address\">6400 Kiskunhalas, Batth\u00e1ny u. 54.<\/span><br>\n                      <span class=\"cmplz-contact-country\">Ungern<\/span><br>\n                      <span class=\"cmplz-contact-domain\">Webbplats: <a href=\"https:\/\/winebase.hu\/qr\/sv\">https:\/\/winebase.hu\/qr\/sv<\/a><\/span><br>\n                      <span class=\"cmplz-contact-email\">E-post: <span class=\"cmplz-obfuscate\">he&#108;&#108;&#111;@<span class=\"cmplz-fmail-domain\">ex.&#099;o&#109;<\/span>wi&#110;&#101;&#098;&#097;s&#101;.hu<\/span><\/span><br>\n                    <span class=\"cmplz-contact-telephone\"><\/span><\/p><\/div>","protected":false},"excerpt":{"rendered":"","protected":false},"author":1,"featured_media":0,"parent":0,"menu_order":0,"comment_status":"closed","ping_status":"closed","template":"","meta":{"footnotes":""},"class_list":["post-320","page","type-page","status-publish","hentry"],"_links":{"self":[{"href":"https:\/\/winebase.hu\/qr\/sv\/wp-json\/wp\/v2\/pages\/320","targetHints":{"allow":["GET"]}}],"collection":[{"href":"https:\/\/winebase.hu\/qr\/sv\/wp-json\/wp\/v2\/pages"}],"about":[{"href":"https:\/\/winebase.hu\/qr\/sv\/wp-json\/wp\/v2\/types\/page"}],"author":[{"embeddable":true,"href":"https:\/\/winebase.hu\/qr\/sv\/wp-json\/wp\/v2\/users\/1"}],"replies":[{"embeddable":true,"href":"https:\/\/winebase.hu\/qr\/sv\/wp-json\/wp\/v2\/comments?post=320"}],"version-history":[{"count":1,"href":"https:\/\/winebase.hu\/qr\/sv\/wp-json\/wp\/v2\/pages\/320\/revisions"}],"predecessor-version":[{"id":327,"href":"https:\/\/winebase.hu\/qr\/sv\/wp-json\/wp\/v2\/pages\/320\/revisions\/327"}],"wp:attachment":[{"href":"https:\/\/winebase.hu\/qr\/sv\/wp-json\/wp\/v2\/media?parent=320"}],"curies":[{"name":"wp","href":"https:\/\/api.w.org\/{rel}","templated":true}]}}