{"id":339,"date":"2024-08-01T17:21:08","date_gmt":"2024-08-01T15:21:08","guid":{"rendered":"https:\/\/winebase.hu\/qr\/?page_id=339"},"modified":"2024-08-01T17:56:15","modified_gmt":"2024-08-01T15:56:15","slug":"impresszum","status":"publish","type":"page","link":"https:\/\/winebase.hu\/qr\/sl\/impresszum","title":{"rendered":"naslov"},"content":{"rendered":"<p>Ime: Sz\u0151ke Tibor E.V.<\/p>\n\n\n\n<p>Naslov: 6400 Kiskunhalas, Batthy\u00e1ny u. 54.<\/p>\n\n\n\n<p>E-naslov: hello[at]winebase.hu&nbsp;<\/p>\n\n\n\n<p><\/p>\n\n\n\n<h2 class=\"wp-block-heading\">Informacije o registraciji<\/h2>\n\n\n\n<p>Registracijska \u0161tevilka samostojnega podjetnika: 31568894<\/p>\n\n\n\n<p>Dav\u010dna \u0161tevilka: 66084581-2-23<\/p>\n\n\n\n<p><\/p>\n\n\n\n<h2 class=\"wp-block-heading\">Izjava o omejitvi odgovornosti<\/h2>\n\n\n\n<p>Informacije na tem spletnem mestu so zgolj informativne narave. Upravljavec ni odgovoren za to\u010dnost, popolnost ali pravo\u010dasnost informacij na tem spletnem mestu.<\/p>\n\n\n\n<p><\/p>\n\n\n\n<h2 class=\"wp-block-heading\">Avtorske pravice<\/h2>\n\n\n\n<p>Vsebina tega spletnega mesta je za\u0161\u010ditena z avtorskimi pravicami. Vsebina se lahko uporablja le s predhodnim pisnim dovoljenjem upravljavca.<\/p>\n\n\n\n<p><\/p>\n\n\n\n<h2 class=\"wp-block-heading\">Pi\u0161ite na<\/h2>\n\n\n\n<p>Kontaktna oseba:Tibor Sz\u0151ke<\/p>\n\n\n\n<p>E-naslov: hello[at]winebase.hu&nbsp;<\/p>","protected":false},"excerpt":{"rendered":"<p>N\u00e9v: Sz\u0151ke Tibor E.V. C\u00edm: 6400 Kiskunhalas, Batthy\u00e1ny u. 54. E-mail: hello[kukac]winebase.hu&nbsp; Regisztr\u00e1ci\u00f3s Inform\u00e1ci\u00f3k Egy\u00e9ni v\u00e1llalkoz\u00f3i nyilv\u00e1ntart\u00e1si sz\u00e1m: 31568894 Ad\u00f3sz\u00e1m: 66084581-2-23 Felel\u0151ss\u00e9gkiz\u00e1r\u00e1s A weboldalon tal\u00e1lhat\u00f3 inform\u00e1ci\u00f3k kiz\u00e1r\u00f3lag t\u00e1j\u00e9koztat\u00f3 jelleg\u0171ek. Az \u00fczemeltet\u0151 nem v\u00e1llal felel\u0151ss\u00e9get a weboldalon tal\u00e1lhat\u00f3 inform\u00e1ci\u00f3k pontoss\u00e1g\u00e1\u00e9rt, teljess\u00e9g\u00e9\u00e9rt \u00e9s aktualit\u00e1s\u00e1\u00e9rt. Szerz\u0151i Jogok A weboldal tartalma szerz\u0151i jogv\u00e9delem alatt \u00e1ll. A tartalmak felhaszn\u00e1l\u00e1sa kiz\u00e1r\u00f3lag [&hellip;]<\/p>","protected":false},"author":1,"featured_media":0,"parent":0,"menu_order":0,"comment_status":"closed","ping_status":"closed","template":"","meta":{"footnotes":""},"class_list":["post-339","page","type-page","status-publish","hentry"],"_links":{"self":[{"href":"https:\/\/winebase.hu\/qr\/sl\/wp-json\/wp\/v2\/pages\/339","targetHints":{"allow":["GET"]}}],"collection":[{"href":"https:\/\/winebase.hu\/qr\/sl\/wp-json\/wp\/v2\/pages"}],"about":[{"href":"https:\/\/winebase.hu\/qr\/sl\/wp-json\/wp\/v2\/types\/page"}],"author":[{"embeddable":true,"href":"https:\/\/winebase.hu\/qr\/sl\/wp-json\/wp\/v2\/users\/1"}],"replies":[{"embeddable":true,"href":"https:\/\/winebase.hu\/qr\/sl\/wp-json\/wp\/v2\/comments?post=339"}],"version-history":[{"count":2,"href":"https:\/\/winebase.hu\/qr\/sl\/wp-json\/wp\/v2\/pages\/339\/revisions"}],"predecessor-version":[{"id":343,"href":"https:\/\/winebase.hu\/qr\/sl\/wp-json\/wp\/v2\/pages\/339\/revisions\/343"}],"wp:attachment":[{"href":"https:\/\/winebase.hu\/qr\/sl\/wp-json\/wp\/v2\/media?parent=339"}],"curies":[{"name":"wp","href":"https:\/\/api.w.org\/{rel}","templated":true}]}}