{"id":320,"date":"2024-07-31T14:25:18","date_gmt":"2024-07-31T12:25:18","guid":{"rendered":"https:\/\/winebase.hu\/qr\/cookie-policy-eu"},"modified":"2024-08-01T16:44:19","modified_gmt":"2024-08-01T14:44:19","slug":"suti-szabalyzat","status":"publish","type":"page","link":"https:\/\/winebase.hu\/qr\/sl\/suti-szabalyzat","title":{"rendered":"Pravilnik o pi\u0161kotkih"},"content":{"rendered":"<!-- Legal document generated by Complianz | GDPR\/CCPA Cookie Consent https:\/\/wordpress.org\/plugins\/complianz-gdpr -->\n<div id=\"cmplz-document\" class=\"cmplz-document cookie-statement cmplz-document-eu\"><p><i>Ta pravilnik o pi\u0161kotkih je bil nazadnje posodobljen dne 2024.08.01. in velja za dr\u017eavljane in zakonite stalne prebivalce Evropskega gospodarskega prostora in \u0160vice.<\/i><br><\/p><h2>1. Uvod<\/h2><p>Na\u0161e spletno mesto <a href=\"https:\/\/winebase.hu\/qr\/sl\">https:\/\/winebase.hu\/qr\/sl<\/a> (v nadaljevanju: \"spletno mesto\") uporablja pi\u0161kotke in druge povezane tehnologije (za la\u017eje razumevanje so vse tehnologije imenovane \"pi\u0161kotki\"). Pi\u0161kotke name\u0161\u010dajo tudi tretje osebe, ki smo jih najeli. V spodnjem dokumentu vas obve\u0161\u010damo o uporabi pi\u0161kotkov na na\u0161em spletnem mestu.<\/p><h2>2. Kaj so pi\u0161kotki?<\/h2><p>Pi\u0161kotek je majhna preprosta podatkovoteka, ki se po\u0161lje skupaj s stranmi tega spletnega mesta in jo brskalnik shrani na trdi disk va\u0161ega ra\u010dunalnika ali druge naprave. V njej shranjene informacije se lahko ob naslednjem obisku vrnejo na\u0161e stre\u017enike ali na stre\u017enike ustreznih oseb.<\/p><h2>3. Kaj tako skripte?<\/h2><p>Skripta je del programske kode, ki se uporablja za pravilno in interaktivno delovanje na\u0161ega spletnega mesta. Ta koda se izvaja na\u0161em stre\u017eniku ali v va\u0161i napravi.<\/p><h2>4. Kaj je spletni svetilnik?<\/h2><p>Spletni svetilnik (ali oznaka slikovne to\u010dke) je majhen, neviden ko\u0161\u010dek besedila ali slike na spletnem mestu, ki se uporablja za spremljanje prometa na spletnem mestu. Slednje poteka preko razli\u010dnih spletnih svetilnikov, ki shranjujejo podatke o vas.<\/p><h2>5. Pi\u0161kotki<\/h2><p class=\"cmplz-subtitle\">5.1 Zmogljivi ali funkcionalni pi\u0161kotki<\/p><p>Nekateri pi\u0161kotki zagotavljajo pravilno delovanje dolo\u010denih delov spletnega mesta in va\u0161e uporabni\u0161ke nastavitve. Z namestitvijo funkcionalnih pi\u0161kotkov vam olaj\u0161amo obisk na\u0161ega spletnega mesta. Tako vam ob obisku na\u0161ega spletnega mesta ni treba ve\u010dkrat vna\u0161ati istih podatkov, izdelki pa na primer ostanejo v nakupovalni ko\u0161arici, dokler jih ne pla\u010date. Te pi\u0161kotke lahko namestimo brez va\u0161e privolitve.<\/p><h2>6. Name\u0161\u010deni pi\u0161kotki<\/h2><div id=\"cmplz-cookies-overview\"><details class=\"cmplz-dropdown cmplz-service-desc cmplz-dropdown-cookiepolicy\">\n\t<summary class=\"cmplz-service-header\"><div>\n\t\t<h3>Razli\u010dni<\/h3>\n\t\t<p>Namen v pri\u010dakovanju preiskave<\/p>\n\t\t<label for=\"cmplz_service_razli\u010dni\" class=\"cmplz_consent_per_service_label\"><span class=\"screen-reader-text\">Soglasje za storitev razli\u010dni<\/span><\/label>\n\t\t<input type=\"checkbox\" id=\"cmplz_service_razli\u010dni\" class=\"cmplz-accept-service cmplz-hidden\" data-service=\"razli\u010dni\" data-category=\"functional\"><\/div>\n\t<\/summary>\n\t<div class=\"cmplz-service-description\">\n\t\t<h4>Uporaba<\/h4>\n\t\t<p><\/p>\n\t<\/div>\n\t<div class=\"cmplz-sharing-data\">\n\t\t<h4>Souporaba podatkov<\/h4>\n\t\t<p>Izmenjava podatkov je v postopku preiskave<\/p>\n\t<\/div>\n\t<div class=\"cookies-per-purpose\">\n    <div class=\"purpose\"><h4>Namen v pri\u010dakovanju preiskave<\/h4><\/div>\n    <div class=\"name-header\">\n\t<h5>Ime<\/h5>\n<\/div>\n<div class=\"name\">_ga<\/div>\n<div class=\"retention-header\">\n\t<h5>Iztek veljavnosti<\/h5>\n<\/div>\n<div class=\"retention\"><\/div>\n<div class=\"function-header\">\n\t<h5>Funkcionalnost<\/h5>\n<\/div>\n<div class=\"function\"><\/div>\n<div class=\"name-header\">\n\t<h5>Ime<\/h5>\n<\/div>\n<div class=\"name\">_ga_Q8D12B8SJ8<\/div>\n<div class=\"retention-header\">\n\t<h5>Iztek veljavnosti<\/h5>\n<\/div>\n<div class=\"retention\"><\/div>\n<div class=\"function-header\">\n\t<h5>Funkcionalnost<\/h5>\n<\/div>\n<div class=\"function\"><\/div>\n<div class=\"name-header\">\n\t<h5>Ime<\/h5>\n<\/div>\n<div class=\"name\">2fuf6at4<\/div>\n<div class=\"retention-header\">\n\t<h5>Iztek veljavnosti<\/h5>\n<\/div>\n<div class=\"retention\"><\/div>\n<div class=\"function-header\">\n\t<h5>Funkcionalnost<\/h5>\n<\/div>\n<div class=\"function\"><\/div>\n<div class=\"name-header\">\n\t<h5>Ime<\/h5>\n<\/div>\n<div class=\"name\">k7k80o55<\/div>\n<div class=\"retention-header\">\n\t<h5>Iztek veljavnosti<\/h5>\n<\/div>\n<div class=\"retention\"><\/div>\n<div class=\"function-header\">\n\t<h5>Funkcionalnost<\/h5>\n<\/div>\n<div class=\"function\"><\/div>\n<div class=\"name-header\">\n\t<h5>Ime<\/h5>\n<\/div>\n<div class=\"name\">jd4mdtr6<\/div>\n<div class=\"retention-header\">\n\t<h5>Iztek veljavnosti<\/h5>\n<\/div>\n<div class=\"retention\"><\/div>\n<div class=\"function-header\">\n\t<h5>Funkcionalnost<\/h5>\n<\/div>\n<div class=\"function\"><\/div>\n<div class=\"name-header\">\n\t<h5>Ime<\/h5>\n<\/div>\n<div class=\"name\">fpwchxd2<\/div>\n<div class=\"retention-header\">\n\t<h5>Iztek veljavnosti<\/h5>\n<\/div>\n<div class=\"retention\"><\/div>\n<div class=\"function-header\">\n\t<h5>Funkcionalnost<\/h5>\n<\/div>\n<div class=\"function\"><\/div>\n<div class=\"name-header\">\n\t<h5>Ime<\/h5>\n<\/div>\n<div class=\"name\">pdqhrfdj<\/div>\n<div class=\"retention-header\">\n\t<h5>Iztek veljavnosti<\/h5>\n<\/div>\n<div class=\"retention\"><\/div>\n<div class=\"function-header\">\n\t<h5>Funkcionalnost<\/h5>\n<\/div>\n<div class=\"function\"><\/div>\n<div class=\"name-header\">\n\t<h5>Ime<\/h5>\n<\/div>\n<div class=\"name\">367fomw3<\/div>\n<div class=\"retention-header\">\n\t<h5>Iztek veljavnosti<\/h5>\n<\/div>\n<div class=\"retention\"><\/div>\n<div class=\"function-header\">\n\t<h5>Funkcionalnost<\/h5>\n<\/div>\n<div class=\"function\"><\/div>\n<div class=\"name-header\">\n\t<h5>Ime<\/h5>\n<\/div>\n<div class=\"name\">4nyi2d7r<\/div>\n<div class=\"retention-header\">\n\t<h5>Iztek veljavnosti<\/h5>\n<\/div>\n<div class=\"retention\"><\/div>\n<div class=\"function-header\">\n\t<h5>Funkcionalnost<\/h5>\n<\/div>\n<div class=\"function\"><\/div>\n<div class=\"name-header\">\n\t<h5>Ime<\/h5>\n<\/div>\n<div class=\"name\">yx8zuzgu<\/div>\n<div class=\"retention-header\">\n\t<h5>Iztek veljavnosti<\/h5>\n<\/div>\n<div class=\"retention\"><\/div>\n<div class=\"function-header\">\n\t<h5>Funkcionalnost<\/h5>\n<\/div>\n<div class=\"function\"><\/div>\n<div class=\"name-header\">\n\t<h5>Ime<\/h5>\n<\/div>\n<div class=\"name\">ydeyrekp<\/div>\n<div class=\"retention-header\">\n\t<h5>Iztek veljavnosti<\/h5>\n<\/div>\n<div class=\"retention\"><\/div>\n<div class=\"function-header\">\n\t<h5>Funkcionalnost<\/h5>\n<\/div>\n<div class=\"function\"><\/div>\n<div class=\"name-header\">\n\t<h5>Ime<\/h5>\n<\/div>\n<div class=\"name\">dyzxokvk<\/div>\n<div class=\"retention-header\">\n\t<h5>Iztek veljavnosti<\/h5>\n<\/div>\n<div class=\"retention\"><\/div>\n<div class=\"function-header\">\n\t<h5>Funkcionalnost<\/h5>\n<\/div>\n<div class=\"function\"><\/div>\n<div class=\"name-header\">\n\t<h5>Ime<\/h5>\n<\/div>\n<div class=\"name\">hskf493a<\/div>\n<div class=\"retention-header\">\n\t<h5>Iztek veljavnosti<\/h5>\n<\/div>\n<div class=\"retention\"><\/div>\n<div class=\"function-header\">\n\t<h5>Funkcionalnost<\/h5>\n<\/div>\n<div class=\"function\"><\/div>\n<div class=\"name-header\">\n\t<h5>Ime<\/h5>\n<\/div>\n<div class=\"name\">selectedFormType<\/div>\n<div class=\"retention-header\">\n\t<h5>Iztek veljavnosti<\/h5>\n<\/div>\n<div class=\"retention\"><\/div>\n<div class=\"function-header\">\n\t<h5>Funkcionalnost<\/h5>\n<\/div>\n<div class=\"function\"><\/div>\n<div class=\"name-header\">\n\t<h5>Ime<\/h5>\n<\/div>\n<div class=\"name\">emoji-mart.last<\/div>\n<div class=\"retention-header\">\n\t<h5>Iztek veljavnosti<\/h5>\n<\/div>\n<div class=\"retention\"><\/div>\n<div class=\"function-header\">\n\t<h5>Funkcionalnost<\/h5>\n<\/div>\n<div class=\"function\"><\/div>\n<div class=\"name-header\">\n\t<h5>Ime<\/h5>\n<\/div>\n<div class=\"name\">omWpApi<\/div>\n<div class=\"retention-header\">\n\t<h5>Iztek veljavnosti<\/h5>\n<\/div>\n<div class=\"retention\"><\/div>\n<div class=\"function-header\">\n\t<h5>Funkcionalnost<\/h5>\n<\/div>\n<div class=\"function\"><\/div>\n<div class=\"name-header\">\n\t<h5>Ime<\/h5>\n<\/div>\n<div class=\"name\">emoji-mart.frequently<\/div>\n<div class=\"retention-header\">\n\t<h5>Iztek veljavnosti<\/h5>\n<\/div>\n<div class=\"retention\"><\/div>\n<div class=\"function-header\">\n\t<h5>Funkcionalnost<\/h5>\n<\/div>\n<div class=\"function\"><\/div>\n<div class=\"name-header\">\n\t<h5>Ime<\/h5>\n<\/div>\n<div class=\"name\">log-settings<\/div>\n<div class=\"retention-header\">\n\t<h5>Iztek veljavnosti<\/h5>\n<\/div>\n<div class=\"retention\"><\/div>\n<div class=\"function-header\">\n\t<h5>Funkcionalnost<\/h5>\n<\/div>\n<div class=\"function\"><\/div>\n<div class=\"name-header\">\n\t<h5>Ime<\/h5>\n<\/div>\n<div class=\"name\">loglevel<\/div>\n<div class=\"retention-header\">\n\t<h5>Iztek veljavnosti<\/h5>\n<\/div>\n<div class=\"retention\"><\/div>\n<div class=\"function-header\">\n\t<h5>Funkcionalnost<\/h5>\n<\/div>\n<div class=\"function\"><\/div>\n<div class=\"name-header\">\n\t<h5>Ime<\/h5>\n<\/div>\n<div class=\"name\">entriesPerPage<\/div>\n<div class=\"retention-header\">\n\t<h5>Iztek veljavnosti<\/h5>\n<\/div>\n<div class=\"retention\"><\/div>\n<div class=\"function-header\">\n\t<h5>Funkcionalnost<\/h5>\n<\/div>\n<div class=\"function\"><\/div>\n<div class=\"name-header\">\n\t<h5>Ime<\/h5>\n<\/div>\n<div class=\"name\">1toibxv5<\/div>\n<div class=\"retention-header\">\n\t<h5>Iztek veljavnosti<\/h5>\n<\/div>\n<div class=\"retention\"><\/div>\n<div class=\"function-header\">\n\t<h5>Funkcionalnost<\/h5>\n<\/div>\n<div class=\"function\"><\/div>\n<div class=\"name-header\">\n\t<h5>Ime<\/h5>\n<\/div>\n<div class=\"name\">j1c0hj1a<\/div>\n<div class=\"retention-header\">\n\t<h5>Iztek veljavnosti<\/h5>\n<\/div>\n<div class=\"retention\"><\/div>\n<div class=\"function-header\">\n\t<h5>Funkcionalnost<\/h5>\n<\/div>\n<div class=\"function\"><\/div>\n<div class=\"name-header\">\n\t<h5>Ime<\/h5>\n<\/div>\n<div class=\"name\">ph1dy13n<\/div>\n<div class=\"retention-header\">\n\t<h5>Iztek veljavnosti<\/h5>\n<\/div>\n<div class=\"retention\"><\/div>\n<div class=\"function-header\">\n\t<h5>Funkcionalnost<\/h5>\n<\/div>\n<div class=\"function\"><\/div>\n<div class=\"name-header\">\n\t<h5>Ime<\/h5>\n<\/div>\n<div class=\"name\">8w1zazp3<\/div>\n<div class=\"retention-header\">\n\t<h5>Iztek veljavnosti<\/h5>\n<\/div>\n<div class=\"retention\"><\/div>\n<div class=\"function-header\">\n\t<h5>Funkcionalnost<\/h5>\n<\/div>\n<div class=\"function\"><\/div>\n<div class=\"name-header\">\n\t<h5>Ime<\/h5>\n<\/div>\n<div class=\"name\">c47mngya<\/div>\n<div class=\"retention-header\">\n\t<h5>Iztek veljavnosti<\/h5>\n<\/div>\n<div class=\"retention\"><\/div>\n<div class=\"function-header\">\n\t<h5>Funkcionalnost<\/h5>\n<\/div>\n<div class=\"function\"><\/div>\n<div class=\"name-header\">\n\t<h5>Ime<\/h5>\n<\/div>\n<div class=\"name\">p4s885on<\/div>\n<div class=\"retention-header\">\n\t<h5>Iztek veljavnosti<\/h5>\n<\/div>\n<div class=\"retention\"><\/div>\n<div class=\"function-header\">\n\t<h5>Funkcionalnost<\/h5>\n<\/div>\n<div class=\"function\"><\/div>\n<div class=\"name-header\">\n\t<h5>Ime<\/h5>\n<\/div>\n<div class=\"name\">drm1xvgt<\/div>\n<div class=\"retention-header\">\n\t<h5>Iztek veljavnosti<\/h5>\n<\/div>\n<div class=\"retention\"><\/div>\n<div class=\"function-header\">\n\t<h5>Funkcionalnost<\/h5>\n<\/div>\n<div class=\"function\"><\/div>\n<div class=\"name-header\">\n\t<h5>Ime<\/h5>\n<\/div>\n<div class=\"name\">5kjkr0qu<\/div>\n<div class=\"retention-header\">\n\t<h5>Iztek veljavnosti<\/h5>\n<\/div>\n<div class=\"retention\"><\/div>\n<div class=\"function-header\">\n\t<h5>Funkcionalnost<\/h5>\n<\/div>\n<div class=\"function\"><\/div>\n<div class=\"name-header\">\n\t<h5>Ime<\/h5>\n<\/div>\n<div class=\"name\">76koxdcg<\/div>\n<div class=\"retention-header\">\n\t<h5>Iztek veljavnosti<\/h5>\n<\/div>\n<div class=\"retention\"><\/div>\n<div class=\"function-header\">\n\t<h5>Funkcionalnost<\/h5>\n<\/div>\n<div class=\"function\"><\/div>\n<div class=\"name-header\">\n\t<h5>Ime<\/h5>\n<\/div>\n<div class=\"name\">omVisitsFirst<\/div>\n<div class=\"retention-header\">\n\t<h5>Iztek veljavnosti<\/h5>\n<\/div>\n<div class=\"retention\"><\/div>\n<div class=\"function-header\">\n\t<h5>Funkcionalnost<\/h5>\n<\/div>\n<div class=\"function\"><\/div>\n<div class=\"name-header\">\n\t<h5>Ime<\/h5>\n<\/div>\n<div class=\"name\">omVisits<\/div>\n<div class=\"retention-header\">\n\t<h5>Iztek veljavnosti<\/h5>\n<\/div>\n<div class=\"retention\"><\/div>\n<div class=\"function-header\">\n\t<h5>Funkcionalnost<\/h5>\n<\/div>\n<div class=\"function\"><\/div>\n<div class=\"name-header\">\n\t<h5>Ime<\/h5>\n<\/div>\n<div class=\"name\">omSessionStart<\/div>\n<div class=\"retention-header\">\n\t<h5>Iztek veljavnosti<\/h5>\n<\/div>\n<div class=\"retention\"><\/div>\n<div class=\"function-header\">\n\t<h5>Funkcionalnost<\/h5>\n<\/div>\n<div class=\"function\"><\/div>\n<div class=\"name-header\">\n\t<h5>Ime<\/h5>\n<\/div>\n<div class=\"name\">omScrollHeight<\/div>\n<div class=\"retention-header\">\n\t<h5>Iztek veljavnosti<\/h5>\n<\/div>\n<div class=\"retention\"><\/div>\n<div class=\"function-header\">\n\t<h5>Funkcionalnost<\/h5>\n<\/div>\n<div class=\"function\"><\/div>\n<div class=\"name-header\">\n\t<h5>Ime<\/h5>\n<\/div>\n<div class=\"name\">omSessionPageviews<\/div>\n<div class=\"retention-header\">\n\t<h5>Iztek veljavnosti<\/h5>\n<\/div>\n<div class=\"retention\"><\/div>\n<div class=\"function-header\">\n\t<h5>Funkcionalnost<\/h5>\n<\/div>\n<div class=\"function\"><\/div>\n<div class=\"name-header\">\n\t<h5>Ime<\/h5>\n<\/div>\n<div class=\"name\">adobeCleanFontAdded<\/div>\n<div class=\"retention-header\">\n\t<h5>Iztek veljavnosti<\/h5>\n<\/div>\n<div class=\"retention\"><\/div>\n<div class=\"function-header\">\n\t<h5>Funkcionalnost<\/h5>\n<\/div>\n<div class=\"function\"><\/div>\n<div class=\"name-header\">\n\t<h5>Ime<\/h5>\n<\/div>\n<div class=\"name\">language<\/div>\n<div class=\"retention-header\">\n\t<h5>Iztek veljavnosti<\/h5>\n<\/div>\n<div class=\"retention\"><\/div>\n<div class=\"function-header\">\n\t<h5>Funkcionalnost<\/h5>\n<\/div>\n<div class=\"function\"><\/div>\n<div class=\"name-header\">\n\t<h5>Ime<\/h5>\n<\/div>\n<div class=\"name\">_omappvp<\/div>\n<div class=\"retention-header\">\n\t<h5>Iztek veljavnosti<\/h5>\n<\/div>\n<div class=\"retention\"><\/div>\n<div class=\"function-header\">\n\t<h5>Funkcionalnost<\/h5>\n<\/div>\n<div class=\"function\"><\/div>\n<div class=\"name-header\">\n\t<h5>Ime<\/h5>\n<\/div>\n<div class=\"name\">_omappvs<\/div>\n<div class=\"retention-header\">\n\t<h5>Iztek veljavnosti<\/h5>\n<\/div>\n<div class=\"retention\"><\/div>\n<div class=\"function-header\">\n\t<h5>Funkcionalnost<\/h5>\n<\/div>\n<div class=\"function\"><\/div>\n\n<\/div>\n<\/details>\n<\/div><h2>7. Soglasje<\/h2><p>Ko prvi\u010d obi\u0161\u010dete na\u0161e spletno mesto, se prika\u017ee pojavno okno z razlago o pi\u0161kotkih. S klikom na \"S\u00fctik elfogad\u00e1sa\" sogla\u0161ate, da uporabljamo vse pi\u0161kotke in vti\u010dnike, kot je opisano v pojavnem oknu in tem pravilniku o pi\u0161kotkih. Uporabo pi\u0161kotkov lahko prek brskalnika onemogo\u010dite, vendar upo\u0161tevajte, da na\u0161e spletno mesto morda ne bo ve\u010d delovalo pravilno.<\/p><p class=\"cmplz-subtitle\">7.1 Upravljanje nastavitev soglasja<\/p><div id=\"cmplz-manage-consent-container-nojavascript\">Pravilnik o pi\u0161kotkih ste nalo\u017eili brez podpore javascript. V AMP lahko uporabite gumb za upravljanje soglasja na dnu strani.<\/div><div id=\"cmplz-manage-consent-container\" class=\"cmplz-manage-consent-container\"><\/div><h2>8. Omogo\u010danje\/izklju\u010devanje in brisanje pi\u0161kotkov<\/h2><p>V spletnem brskalniku lahko pi\u0161kotke samodejno ali ro\u010dno izbri\u0161ete. Dolo\u010dite lahko tudi, da se dolo\u010deni pi\u0161kotki ne smejo namestiti. Druga mo\u017enost je, da spremenite nastavitve svojega internetnega brskalnika tako, da boste ob vsaki namestitvi pi\u0161kotka prejeli sporo\u010dilo. Ve\u010d informacij o teh mo\u017enostih najdete v navodilih v razdelku Pomo\u010d va\u0161ega brskalnika.<\/p><p>Upo\u0161tevajte, da je na\u0161e spletno mesto morda ne bo delovalo pravilno, \u010de so tako onemogo\u010deni vsi pi\u0161kotki. \u010ce v brskalniku izbri\u0161ete pi\u0161kotke, se bodo po va\u0161em soglasju ponovno namestili, ko ponovno obi\u0161\u010dete na\u0161e spletne strani.<\/p><h2>9. Va\u0161e pravice v zvezi z osebnimi podatki<\/h2><p>V zvezi s svojimi osebnimi podatki imate naslednje pravice:<\/p><ul>\n                    <li>Pravico imate vedeti, zakaj so va\u0161i osebni podatki potrebni, kaj se bo z njimi zgodilo in koliko \u010dasa bodo shranjeni.<\/li>\n                    <li>Pravica do dostopa: Imate pravico do dostopa do svojih osebnih podatkov, ki so nam znani.<\/li>\n                    <li>Pravica do popravka: kadar koli \u017eelite, imate pravico do dopolnitve, popravka, izbrisa ali blokiranja svojih osebnih podatkov.<\/li>\n                    <li>\u010ce ste nam dali soglasje za obdelavo va\u0161ih podatkov, imate pravico do preklica tega soglasja in izbrisa va\u0161ih osebnih podatkov.<\/li>\n                    <li>Pravica do prenosa podatkov: od upravljavca imate pravico zahtevati vse svoje osebne podatke in jih v celoti prenesti k drugemu upravljavcu.<\/li>\n                    <li>Pravica do ugovora: ugovarjate lahko obdelavi svojih podatkov. To upo\u0161tevamo, razen \u010de obstajajo upravi\u010deni razlogi za obdelavo.<\/li>\n                <\/ul><p>\u010ce \u017eelite uveljavljati te pravice, se obrnite na nas. Oglejte si kontaktne podatke na koncu tega pravilnika o pi\u0161kotkih. \u010ce se prito\u017eite glede tega, kako ravnamo z va\u0161imi podatki, bomo veseli va\u0161ega odgovora, imate pa tudi pravico, da vlo\u017eite prito\u017ebo pri nadzornem organu (organ za varstvo podatkov).<\/p><h2>10. Kontaktni podatki<\/h2><p>Za vpra\u0161anja in\/ali komentarje o na\u0161em pravilniku o pi\u0161kotkih in tej izjavi se obrnite na nas z naslednjimi kontaktnimi podatki:<\/p><p><span class=\"cmplz-contact-organisation\">Tibor Sz\u0151ke E.V.<\/span><br>\n                      <span class=\"cmplz-contact-address\">6400 Kiskunhalas, Batth\u00e1ny u. 54.<\/span><br>\n                      <span class=\"cmplz-contact-country\">Mad\u017earska<\/span><br>\n                      <span class=\"cmplz-contact-domain\">Spletna stran: <a href=\"https:\/\/winebase.hu\/qr\/sl\">https:\/\/winebase.hu\/qr\/sl<\/a><\/span><br>\n                      <span class=\"cmplz-contact-email\">Elektronska po\u0161ta: <span class=\"cmplz-obfuscate\">&#104;e&#108;&#108;&#111;@<span class=\"cmplz-fmail-domain\">e&#120;.co&#109;<\/span>&#119;i&#110;&#101;b&#097;&#115;&#101;.h&#117;<\/span><\/span><br>\n                    <span class=\"cmplz-contact-telephone\"><\/span><\/p><\/div>","protected":false},"excerpt":{"rendered":"","protected":false},"author":1,"featured_media":0,"parent":0,"menu_order":0,"comment_status":"closed","ping_status":"closed","template":"","meta":{"footnotes":""},"class_list":["post-320","page","type-page","status-publish","hentry"],"_links":{"self":[{"href":"https:\/\/winebase.hu\/qr\/sl\/wp-json\/wp\/v2\/pages\/320","targetHints":{"allow":["GET"]}}],"collection":[{"href":"https:\/\/winebase.hu\/qr\/sl\/wp-json\/wp\/v2\/pages"}],"about":[{"href":"https:\/\/winebase.hu\/qr\/sl\/wp-json\/wp\/v2\/types\/page"}],"author":[{"embeddable":true,"href":"https:\/\/winebase.hu\/qr\/sl\/wp-json\/wp\/v2\/users\/1"}],"replies":[{"embeddable":true,"href":"https:\/\/winebase.hu\/qr\/sl\/wp-json\/wp\/v2\/comments?post=320"}],"version-history":[{"count":1,"href":"https:\/\/winebase.hu\/qr\/sl\/wp-json\/wp\/v2\/pages\/320\/revisions"}],"predecessor-version":[{"id":327,"href":"https:\/\/winebase.hu\/qr\/sl\/wp-json\/wp\/v2\/pages\/320\/revisions\/327"}],"wp:attachment":[{"href":"https:\/\/winebase.hu\/qr\/sl\/wp-json\/wp\/v2\/media?parent=320"}],"curies":[{"name":"wp","href":"https:\/\/api.w.org\/{rel}","templated":true}]}}