{"id":320,"date":"2024-07-31T14:25:18","date_gmt":"2024-07-31T12:25:18","guid":{"rendered":"https:\/\/winebase.hu\/qr\/cookie-policy-eu"},"modified":"2024-08-01T16:44:19","modified_gmt":"2024-08-01T14:44:19","slug":"suti-szabalyzat","status":"publish","type":"page","link":"https:\/\/winebase.hu\/qr\/sk\/suti-szabalyzat","title":{"rendered":"Z\u00e1sady pou\u017e\u00edvania s\u00faborov cookie"},"content":{"rendered":"<!-- Legal document generated by Complianz | GDPR\/CCPA Cookie Consent https:\/\/wordpress.org\/plugins\/complianz-gdpr -->\n<div id=\"cmplz-document\" class=\"cmplz-document cookie-statement cmplz-document-eu\"><p><i>Tieto Z\u00e1sady pou\u017e\u00edvania s\u00faborovania cookie boli naposledy aktualizovan\u00e9 2024.08.01. a vz\u0165ahuj\u00fa sa na ob\u010danov a leg\u00e1lne osoby s trval\u00fdm pobytom v Eur\u00f3pskom hospod\u00e1rskom priestore a \u0160vaj\u010diarsku.<\/i><br><\/p><h2>1. V\u00e1\u0161 nov\u00fd \u00fa\u010det<\/h2><p>Na\u0161a webov\u00e1 str\u00e1nka, <a href=\"https:\/\/winebase.hu\/qr\/sk\">https:\/\/winebase.hu\/qr\/sk<\/a> (\u010falej len \"webov\u00e1 str\u00e1nka\") pou\u017e\u00edva s\u00fabory cookie a \u010fal\u0161ie s\u00favisiace technol\u00f3gie (v\u0161etky technol\u00f3gie sa kv\u00f4li pohodliu ozna\u010duj\u00fa ako \"s\u00fabory cookie\"). S\u00fabory cookie umiest\u0148uj\u00fa aj tretie strany, ktor\u00e9 sme zapojili. V ni\u017e\u0161ie uvedenom dokumente v\u00e1s informujeme o pou\u017e\u00edvan\u00ed s\u00faborov cookie na na\u0161ich webov\u00fdch str\u00e1nkach.<\/p><h2>2. \u010co s\u00fa to s\u00fabory cookie?<\/h2><p>Cookie je mal\u00fd s\u00fabor s jedn\u00fdm dokumentom, ktor\u00fd je ulo\u017een\u00fd na pevnom disku v\u00e1\u0161ho po\u010d\u00edta\u010da alebo in\u00e9ho zariadenia. Inform\u00e1cie v nich ulo\u017een\u00e9 m\u00f4\u017eu by\u0165 vr\u00e1ten\u00e9 na\u0161e servery alebo na servery pr\u00edslu\u0161n\u00fdch tret\u00edch str\u00e1n po\u010das nasleduj\u00facej n\u00e1v\u0161tevy.<\/p><h2>3. \u010co s\u00fa skripty?<\/h2><p>Skript je \u010das\u0165 programov\u00e9ho k\u00f3du, ktor\u00fd sa pou\u017e\u00edva na spr\u00e1vnu a interakt\u00edvnu funkciu na\u0161ich webov\u00fdch str\u00e1nok. Tento k\u00f3d sa spust\u00ed na\u0161om serveri alebo na va\u0161om zariaden\u00ed.<\/p><h2>4. \u010co je to webov\u00fd maj\u00e1k?<\/h2><p>Webov\u00fd maj\u00e1k (alebo pixelov\u00e1 zna\u010dka) je mal\u00fd nevidite\u013en\u00fd text alebo obr\u00e1zok na webovej str\u00e1nke, ktor\u00fd sa pou\u017e\u00edva na monitorovanie n\u00e1v\u0161tevnosti webov\u00fdch str\u00e1nok. Za t\u00fdmto \u00fa\u010delom sa pomocou webov\u00fdch maj\u00e1kov ukladaj\u00fa r\u00f4zne \u00fadaje o v\u00e1s.<\/p><h2>5. cookies<\/h2><p class=\"cmplz-subtitle\">5.1 Technick\u00e9 alebo funk\u010dn\u00e9 cookies<\/p><p>Niektor\u00e9 s\u00fabory cookie zais\u0165uj\u00fa, \u017ee ur\u010dit\u00e9 \u010dasti webov\u00fdch str\u00e1nok funguj\u00fa spr\u00e1vne a \u017ee va\u0161e preferencie pou\u017e\u00edvate\u013eov zostan\u00fa zn\u00e1me. Umiestnen\u00edm funk\u010dn\u00fdch s\u00faborov cookie v\u00e1m u\u013eah\u010dujeme n\u00e1v\u0161tevu na\u0161ich webov\u00fdch str\u00e1nok. Takto nemus\u00edte pri n\u00e1v\u0161teve na\u0161ich webov\u00fdch str\u00e1nok opakovane zad\u00e1va\u0165 rovnak\u00e9 inform\u00e1cie a napr\u00edklad polo\u017eky zostan\u00fa vo va\u0161om n\u00e1kupnom ko\u0161\u00edku, k\u00fdm nezaplat\u00edte. Tieto s\u00fabory cookie m\u00f4\u017eeme umiest\u0148ova\u0165 bez v\u00e1\u0161ho s\u00fahlasu.<\/p><h2>6. Prepl\u00e1novan\u00e9 s\u00fabory cookie<\/h2><div id=\"cmplz-cookies-overview\"><details class=\"cmplz-dropdown cmplz-service-desc cmplz-dropdown-cookiepolicy\">\n\t<summary class=\"cmplz-service-header\"><div>\n\t\t<h3>R\u00f4zne<\/h3>\n\t\t<p>\u00da\u010del \u010dakaj\u00faceho vy\u0161etrovania<\/p>\n\t\t<label for=\"cmplz_service_r\u00f4zne\" class=\"cmplz_consent_per_service_label\"><span class=\"screen-reader-text\">S\u00fahlas so slu\u017ebou r\u00f4zne<\/span><\/label>\n\t\t<input type=\"checkbox\" id=\"cmplz_service_r\u00f4zne\" class=\"cmplz-accept-service cmplz-hidden\" data-service=\"r\u00f4zne\" data-category=\"functional\"><\/div>\n\t<\/summary>\n\t<div class=\"cmplz-service-description\">\n\t\t<h4>Pou\u017eite<\/h4>\n\t\t<p><\/p>\n\t<\/div>\n\t<div class=\"cmplz-sharing-data\">\n\t\t<h4>Zdie\u013eanie \u00fadajov<\/h4>\n\t\t<p>Zdie\u013eanie \u00fadajov prebieha vy\u0161etrovanie<\/p>\n\t<\/div>\n\t<div class=\"cookies-per-purpose\">\n    <div class=\"purpose\"><h4>\u00da\u010del \u010dakaj\u00faceho vy\u0161etrovania<\/h4><\/div>\n    <div class=\"name-header\">\n\t<h5>Meno<\/h5>\n<\/div>\n<div class=\"name\">_ga<\/div>\n<div class=\"retention-header\">\n\t<h5>Expir\u00e1cia<\/h5>\n<\/div>\n<div class=\"retention\"><\/div>\n<div class=\"function-header\">\n\t<h5>Funkcia<\/h5>\n<\/div>\n<div class=\"function\"><\/div>\n<div class=\"name-header\">\n\t<h5>Meno<\/h5>\n<\/div>\n<div class=\"name\">_ga_Q8D12B8SJ8<\/div>\n<div class=\"retention-header\">\n\t<h5>Expir\u00e1cia<\/h5>\n<\/div>\n<div class=\"retention\"><\/div>\n<div class=\"function-header\">\n\t<h5>Funkcia<\/h5>\n<\/div>\n<div class=\"function\"><\/div>\n<div class=\"name-header\">\n\t<h5>Meno<\/h5>\n<\/div>\n<div class=\"name\">2fuf6at4<\/div>\n<div class=\"retention-header\">\n\t<h5>Expir\u00e1cia<\/h5>\n<\/div>\n<div class=\"retention\"><\/div>\n<div class=\"function-header\">\n\t<h5>Funkcia<\/h5>\n<\/div>\n<div class=\"function\"><\/div>\n<div class=\"name-header\">\n\t<h5>Meno<\/h5>\n<\/div>\n<div class=\"name\">k7k80o55<\/div>\n<div class=\"retention-header\">\n\t<h5>Expir\u00e1cia<\/h5>\n<\/div>\n<div class=\"retention\"><\/div>\n<div class=\"function-header\">\n\t<h5>Funkcia<\/h5>\n<\/div>\n<div class=\"function\"><\/div>\n<div class=\"name-header\">\n\t<h5>Meno<\/h5>\n<\/div>\n<div class=\"name\">jd4mdtr6<\/div>\n<div class=\"retention-header\">\n\t<h5>Expir\u00e1cia<\/h5>\n<\/div>\n<div class=\"retention\"><\/div>\n<div class=\"function-header\">\n\t<h5>Funkcia<\/h5>\n<\/div>\n<div class=\"function\"><\/div>\n<div class=\"name-header\">\n\t<h5>Meno<\/h5>\n<\/div>\n<div class=\"name\">fpwchxd2<\/div>\n<div class=\"retention-header\">\n\t<h5>Expir\u00e1cia<\/h5>\n<\/div>\n<div class=\"retention\"><\/div>\n<div class=\"function-header\">\n\t<h5>Funkcia<\/h5>\n<\/div>\n<div class=\"function\"><\/div>\n<div class=\"name-header\">\n\t<h5>Meno<\/h5>\n<\/div>\n<div class=\"name\">pdqhrfdj<\/div>\n<div class=\"retention-header\">\n\t<h5>Expir\u00e1cia<\/h5>\n<\/div>\n<div class=\"retention\"><\/div>\n<div class=\"function-header\">\n\t<h5>Funkcia<\/h5>\n<\/div>\n<div class=\"function\"><\/div>\n<div class=\"name-header\">\n\t<h5>Meno<\/h5>\n<\/div>\n<div class=\"name\">367fomw3<\/div>\n<div class=\"retention-header\">\n\t<h5>Expir\u00e1cia<\/h5>\n<\/div>\n<div class=\"retention\"><\/div>\n<div class=\"function-header\">\n\t<h5>Funkcia<\/h5>\n<\/div>\n<div class=\"function\"><\/div>\n<div class=\"name-header\">\n\t<h5>Meno<\/h5>\n<\/div>\n<div class=\"name\">4nyi2d7r<\/div>\n<div class=\"retention-header\">\n\t<h5>Expir\u00e1cia<\/h5>\n<\/div>\n<div class=\"retention\"><\/div>\n<div class=\"function-header\">\n\t<h5>Funkcia<\/h5>\n<\/div>\n<div class=\"function\"><\/div>\n<div class=\"name-header\">\n\t<h5>Meno<\/h5>\n<\/div>\n<div class=\"name\">yx8zuzgu<\/div>\n<div class=\"retention-header\">\n\t<h5>Expir\u00e1cia<\/h5>\n<\/div>\n<div class=\"retention\"><\/div>\n<div class=\"function-header\">\n\t<h5>Funkcia<\/h5>\n<\/div>\n<div class=\"function\"><\/div>\n<div class=\"name-header\">\n\t<h5>Meno<\/h5>\n<\/div>\n<div class=\"name\">ydeyrekp<\/div>\n<div class=\"retention-header\">\n\t<h5>Expir\u00e1cia<\/h5>\n<\/div>\n<div class=\"retention\"><\/div>\n<div class=\"function-header\">\n\t<h5>Funkcia<\/h5>\n<\/div>\n<div class=\"function\"><\/div>\n<div class=\"name-header\">\n\t<h5>Meno<\/h5>\n<\/div>\n<div class=\"name\">dyzxokvk<\/div>\n<div class=\"retention-header\">\n\t<h5>Expir\u00e1cia<\/h5>\n<\/div>\n<div class=\"retention\"><\/div>\n<div class=\"function-header\">\n\t<h5>Funkcia<\/h5>\n<\/div>\n<div class=\"function\"><\/div>\n<div class=\"name-header\">\n\t<h5>Meno<\/h5>\n<\/div>\n<div class=\"name\">hskf493a<\/div>\n<div class=\"retention-header\">\n\t<h5>Expir\u00e1cia<\/h5>\n<\/div>\n<div class=\"retention\"><\/div>\n<div class=\"function-header\">\n\t<h5>Funkcia<\/h5>\n<\/div>\n<div class=\"function\"><\/div>\n<div class=\"name-header\">\n\t<h5>Meno<\/h5>\n<\/div>\n<div class=\"name\">selectedFormType<\/div>\n<div class=\"retention-header\">\n\t<h5>Expir\u00e1cia<\/h5>\n<\/div>\n<div class=\"retention\"><\/div>\n<div class=\"function-header\">\n\t<h5>Funkcia<\/h5>\n<\/div>\n<div class=\"function\"><\/div>\n<div class=\"name-header\">\n\t<h5>Meno<\/h5>\n<\/div>\n<div class=\"name\">emoji-mart.last<\/div>\n<div class=\"retention-header\">\n\t<h5>Expir\u00e1cia<\/h5>\n<\/div>\n<div class=\"retention\"><\/div>\n<div class=\"function-header\">\n\t<h5>Funkcia<\/h5>\n<\/div>\n<div class=\"function\"><\/div>\n<div class=\"name-header\">\n\t<h5>Meno<\/h5>\n<\/div>\n<div class=\"name\">omWpApi<\/div>\n<div class=\"retention-header\">\n\t<h5>Expir\u00e1cia<\/h5>\n<\/div>\n<div class=\"retention\"><\/div>\n<div class=\"function-header\">\n\t<h5>Funkcia<\/h5>\n<\/div>\n<div class=\"function\"><\/div>\n<div class=\"name-header\">\n\t<h5>Meno<\/h5>\n<\/div>\n<div class=\"name\">emoji-mart.frequently<\/div>\n<div class=\"retention-header\">\n\t<h5>Expir\u00e1cia<\/h5>\n<\/div>\n<div class=\"retention\"><\/div>\n<div class=\"function-header\">\n\t<h5>Funkcia<\/h5>\n<\/div>\n<div class=\"function\"><\/div>\n<div class=\"name-header\">\n\t<h5>Meno<\/h5>\n<\/div>\n<div class=\"name\">log-settings<\/div>\n<div class=\"retention-header\">\n\t<h5>Expir\u00e1cia<\/h5>\n<\/div>\n<div class=\"retention\"><\/div>\n<div class=\"function-header\">\n\t<h5>Funkcia<\/h5>\n<\/div>\n<div class=\"function\"><\/div>\n<div class=\"name-header\">\n\t<h5>Meno<\/h5>\n<\/div>\n<div class=\"name\">loglevel<\/div>\n<div class=\"retention-header\">\n\t<h5>Expir\u00e1cia<\/h5>\n<\/div>\n<div class=\"retention\"><\/div>\n<div class=\"function-header\">\n\t<h5>Funkcia<\/h5>\n<\/div>\n<div class=\"function\"><\/div>\n<div class=\"name-header\">\n\t<h5>Meno<\/h5>\n<\/div>\n<div class=\"name\">entriesPerPage<\/div>\n<div class=\"retention-header\">\n\t<h5>Expir\u00e1cia<\/h5>\n<\/div>\n<div class=\"retention\"><\/div>\n<div class=\"function-header\">\n\t<h5>Funkcia<\/h5>\n<\/div>\n<div class=\"function\"><\/div>\n<div class=\"name-header\">\n\t<h5>Meno<\/h5>\n<\/div>\n<div class=\"name\">1toibxv5<\/div>\n<div class=\"retention-header\">\n\t<h5>Expir\u00e1cia<\/h5>\n<\/div>\n<div class=\"retention\"><\/div>\n<div class=\"function-header\">\n\t<h5>Funkcia<\/h5>\n<\/div>\n<div class=\"function\"><\/div>\n<div class=\"name-header\">\n\t<h5>Meno<\/h5>\n<\/div>\n<div class=\"name\">j1c0hj1a<\/div>\n<div class=\"retention-header\">\n\t<h5>Expir\u00e1cia<\/h5>\n<\/div>\n<div class=\"retention\"><\/div>\n<div class=\"function-header\">\n\t<h5>Funkcia<\/h5>\n<\/div>\n<div class=\"function\"><\/div>\n<div class=\"name-header\">\n\t<h5>Meno<\/h5>\n<\/div>\n<div class=\"name\">ph1dy13n<\/div>\n<div class=\"retention-header\">\n\t<h5>Expir\u00e1cia<\/h5>\n<\/div>\n<div class=\"retention\"><\/div>\n<div class=\"function-header\">\n\t<h5>Funkcia<\/h5>\n<\/div>\n<div class=\"function\"><\/div>\n<div class=\"name-header\">\n\t<h5>Meno<\/h5>\n<\/div>\n<div class=\"name\">8w1zazp3<\/div>\n<div class=\"retention-header\">\n\t<h5>Expir\u00e1cia<\/h5>\n<\/div>\n<div class=\"retention\"><\/div>\n<div class=\"function-header\">\n\t<h5>Funkcia<\/h5>\n<\/div>\n<div class=\"function\"><\/div>\n<div class=\"name-header\">\n\t<h5>Meno<\/h5>\n<\/div>\n<div class=\"name\">c47mngya<\/div>\n<div class=\"retention-header\">\n\t<h5>Expir\u00e1cia<\/h5>\n<\/div>\n<div class=\"retention\"><\/div>\n<div class=\"function-header\">\n\t<h5>Funkcia<\/h5>\n<\/div>\n<div class=\"function\"><\/div>\n<div class=\"name-header\">\n\t<h5>Meno<\/h5>\n<\/div>\n<div class=\"name\">p4s885on<\/div>\n<div class=\"retention-header\">\n\t<h5>Expir\u00e1cia<\/h5>\n<\/div>\n<div class=\"retention\"><\/div>\n<div class=\"function-header\">\n\t<h5>Funkcia<\/h5>\n<\/div>\n<div class=\"function\"><\/div>\n<div class=\"name-header\">\n\t<h5>Meno<\/h5>\n<\/div>\n<div class=\"name\">drm1xvgt<\/div>\n<div class=\"retention-header\">\n\t<h5>Expir\u00e1cia<\/h5>\n<\/div>\n<div class=\"retention\"><\/div>\n<div class=\"function-header\">\n\t<h5>Funkcia<\/h5>\n<\/div>\n<div class=\"function\"><\/div>\n<div class=\"name-header\">\n\t<h5>Meno<\/h5>\n<\/div>\n<div class=\"name\">5kjkr0qu<\/div>\n<div class=\"retention-header\">\n\t<h5>Expir\u00e1cia<\/h5>\n<\/div>\n<div class=\"retention\"><\/div>\n<div class=\"function-header\">\n\t<h5>Funkcia<\/h5>\n<\/div>\n<div class=\"function\"><\/div>\n<div class=\"name-header\">\n\t<h5>Meno<\/h5>\n<\/div>\n<div class=\"name\">76koxdcg<\/div>\n<div class=\"retention-header\">\n\t<h5>Expir\u00e1cia<\/h5>\n<\/div>\n<div class=\"retention\"><\/div>\n<div class=\"function-header\">\n\t<h5>Funkcia<\/h5>\n<\/div>\n<div class=\"function\"><\/div>\n<div class=\"name-header\">\n\t<h5>Meno<\/h5>\n<\/div>\n<div class=\"name\">omVisitsFirst<\/div>\n<div class=\"retention-header\">\n\t<h5>Expir\u00e1cia<\/h5>\n<\/div>\n<div class=\"retention\"><\/div>\n<div class=\"function-header\">\n\t<h5>Funkcia<\/h5>\n<\/div>\n<div class=\"function\"><\/div>\n<div class=\"name-header\">\n\t<h5>Meno<\/h5>\n<\/div>\n<div class=\"name\">omVisits<\/div>\n<div class=\"retention-header\">\n\t<h5>Expir\u00e1cia<\/h5>\n<\/div>\n<div class=\"retention\"><\/div>\n<div class=\"function-header\">\n\t<h5>Funkcia<\/h5>\n<\/div>\n<div class=\"function\"><\/div>\n<div class=\"name-header\">\n\t<h5>Meno<\/h5>\n<\/div>\n<div class=\"name\">omSessionStart<\/div>\n<div class=\"retention-header\">\n\t<h5>Expir\u00e1cia<\/h5>\n<\/div>\n<div class=\"retention\"><\/div>\n<div class=\"function-header\">\n\t<h5>Funkcia<\/h5>\n<\/div>\n<div class=\"function\"><\/div>\n<div class=\"name-header\">\n\t<h5>Meno<\/h5>\n<\/div>\n<div class=\"name\">omScrollHeight<\/div>\n<div class=\"retention-header\">\n\t<h5>Expir\u00e1cia<\/h5>\n<\/div>\n<div class=\"retention\"><\/div>\n<div class=\"function-header\">\n\t<h5>Funkcia<\/h5>\n<\/div>\n<div class=\"function\"><\/div>\n<div class=\"name-header\">\n\t<h5>Meno<\/h5>\n<\/div>\n<div class=\"name\">omSessionPageviews<\/div>\n<div class=\"retention-header\">\n\t<h5>Expir\u00e1cia<\/h5>\n<\/div>\n<div class=\"retention\"><\/div>\n<div class=\"function-header\">\n\t<h5>Funkcia<\/h5>\n<\/div>\n<div class=\"function\"><\/div>\n<div class=\"name-header\">\n\t<h5>Meno<\/h5>\n<\/div>\n<div class=\"name\">adobeCleanFontAdded<\/div>\n<div class=\"retention-header\">\n\t<h5>Expir\u00e1cia<\/h5>\n<\/div>\n<div class=\"retention\"><\/div>\n<div class=\"function-header\">\n\t<h5>Funkcia<\/h5>\n<\/div>\n<div class=\"function\"><\/div>\n<div class=\"name-header\">\n\t<h5>Meno<\/h5>\n<\/div>\n<div class=\"name\">language<\/div>\n<div class=\"retention-header\">\n\t<h5>Expir\u00e1cia<\/h5>\n<\/div>\n<div class=\"retention\"><\/div>\n<div class=\"function-header\">\n\t<h5>Funkcia<\/h5>\n<\/div>\n<div class=\"function\"><\/div>\n<div class=\"name-header\">\n\t<h5>Meno<\/h5>\n<\/div>\n<div class=\"name\">_omappvp<\/div>\n<div class=\"retention-header\">\n\t<h5>Expir\u00e1cia<\/h5>\n<\/div>\n<div class=\"retention\"><\/div>\n<div class=\"function-header\">\n\t<h5>Funkcia<\/h5>\n<\/div>\n<div class=\"function\"><\/div>\n<div class=\"name-header\">\n\t<h5>Meno<\/h5>\n<\/div>\n<div class=\"name\">_omappvs<\/div>\n<div class=\"retention-header\">\n\t<h5>Expir\u00e1cia<\/h5>\n<\/div>\n<div class=\"retention\"><\/div>\n<div class=\"function-header\">\n\t<h5>Funkcia<\/h5>\n<\/div>\n<div class=\"function\"><\/div>\n\n<\/div>\n<\/details>\n<\/div><h2>7. S\u00fahlas<\/h2><p>Ke\u010f nav\u0161t\u00edvite n\u00e1\u0161 web prv\u00fdkr\u00e1t, uk\u00e1\u017eeme v\u00e1m kontextov\u00e9 okno s vysvetlen\u00edm o s\u00faboroch cookie. Akon\u00e1hle kliknete na \"Accept cookie\", s\u00fahlas\u00edte s t\u00fdm, \u017ee budeme pou\u017e\u00edva\u0165 v\u0161etky s\u00fabory cookie a doplnky, ako je pop\u00edsan\u00e9 vo vyskakovacom okne a t\u00fdchto z\u00e1sad\u00e1ch pou\u017e\u00edvania s\u00faborov cookie. Pou\u017e\u00edvanie s\u00faborov cookie m\u00f4\u017eete zak\u00e1za\u0165 prostredn\u00edctvom svojho prehliada\u010da, ale upozor\u0148ujeme, \u017ee n\u00e1\u0161 web u\u017e nemus\u00ed spr\u00e1vne fungova\u0165.<\/p><p class=\"cmplz-subtitle\">7.1 Spravujte svoje nastavenia s\u00fahlasu<\/p><div id=\"cmplz-manage-consent-container-nojavascript\">Na\u010d\u00edtali ste z\u00e1sady pou\u017e\u00edvania s\u00faborov cookie bez podpory JavaScriptu. Na str\u00e1nkach AMP m\u00f4\u017eete pou\u017ei\u0165 tla\u010didlo Spravova\u0165 s\u00fahlas v spodnej \u010dasti str\u00e1nky.<\/div><div id=\"cmplz-manage-consent-container\" class=\"cmplz-manage-consent-container\"><\/div><h2>8. Povolenie\/zak\u00e1zanie a odstra\u0148ovanie s\u00faborov cookie<\/h2><p>V\u00e1\u0161 internetov\u00fd prehliada\u010d m\u00f4\u017eete pou\u017ei\u0165 na automatick\u00e9 alebo manu\u00e1lne mazanie cookies. M\u00f4\u017eete tie\u017e \u0161pecifikova\u0165, \u017ee niektor\u00e9 s\u00fabory cookie nemusia by\u0165 umiestnen\u00e9. \u010eal\u0161ou mo\u017enos\u0165ou je zmeni\u0165 nastavenia svojho internetov\u00e9ho prehliada\u010da tak, aby ste dostali spr\u00e1vu v\u017edy, ke\u010f sa umiestni s\u00fabor cookie. \u010eal\u0161ie inform\u00e1cie o t\u00fdchto mo\u017enostiach n\u00e1jdete v pokynoch v \u010dasti Pomocn\u00edk v\u00e1\u0161ho prehliada\u010da.<\/p><p>Upozor\u0148ujeme, \u017ee ak s\u00fa v\u0161etky s\u00fabory cookie zak\u00e1zan\u00e9, n\u00e1\u0161 web nemus\u00ed fungova\u0165 spr\u00e1vne. Pokia\u013e cookies vyma\u017eete vo svojom prehliada\u010di, bud\u00fa znova umiestnen\u00e9 po va\u0161om s\u00fahlase, ke\u010f znova nav\u0161t\u00edvite na\u0161e webov\u00e9 str\u00e1nky.<\/p><h2>9. Va\u0161e pr\u00e1va v s\u00favislosti s osobn\u00fdmi \u00fadajmi<\/h2><p>Pokia\u013e ide o va\u0161e osobn\u00e9 \u00fadaje, m\u00e1te nasleduj\u00face pr\u00e1va:<\/p><ul>\n                    <li>M\u00e1te pr\u00e1vo vedie\u0165, pre\u010do s\u00fa va\u0161e \u00fadaje potrebn\u00e9, \u010do sa s nimi stane a ako dlho bud\u00fa uchov\u00e1van\u00e9.<\/li>\n                    <li>Pr\u00e1vo na pr\u00edstup: M\u00e1te pr\u00e1vo na pr\u00edstup k svojim osobn\u00fdm \u00fadajom, ktor\u00e9 s\u00fa n\u00e1m zn\u00e1me.<\/li>\n                    <li>Pr\u00e1vo na pr\u00edstup: m\u00e1te pr\u00e1vo kedyko\u013evek prida\u0165, odstr\u00e1ni\u0165, upravi\u0165, vymaza\u0165 alebo zablokova\u0165 svoje osobn\u00e9 \u00fadaje.<\/li>\n                    <li>Ak n\u00e1m udel\u00edte s\u00fahlas so spracovan\u00edm va\u0161ich \u00fadajov, m\u00e1te pr\u00e1vo tento s\u00fahlas odvola\u0165 a vymaza\u0165 va\u0161e osobn\u00e9 \u00fadaje.<\/li>\n                    <li>Pr\u00e1vo na prenos va\u0161ich \u00fadajov: m\u00e1te pr\u00e1vo po\u017eadova\u0165 od spr\u00e1vcu v\u0161etky svoje osobn\u00e9 \u00fadaje a prenies\u0165 ich v celom rozsahu k \u010fal\u0161iemu prev\u00e1dzkovate\u013eovi.<\/li>\n                    <li>Pr\u00e1vo namieta\u0165: m\u00f4\u017eete vznies\u0165 n\u00e1mietku proti spracovaniu va\u0161ich \u00fadajov. Dodr\u017eiavame to, pokia\u013e neexistuj\u00fa od\u00f4vodnen\u00e9 d\u00f4vody na spracovanie.<\/li>\n                <\/ul><p>Ak chcete uplatni\u0165 tieto pr\u00e1va, kontaktujte n\u00e1s. Pozrite sa na kontaktn\u00e9 \u00fadaje v spodnej \u010dasti t\u00fdchto z\u00e1sad pou\u017e\u00edvania s\u00faborov cookie. Ak m\u00e1te s\u0165a\u017enos\u0165 na to, ako nar\u00e1bame s va\u0161imi \u00fadajmi, radi by sme v\u00e1s po\u010duli, ale m\u00e1te tie\u017e pr\u00e1vo poda\u0165 s\u0165a\u017enos\u0165 dozorn\u00e9mu org\u00e1nu (\u00faradu na ochranu \u00fadajov).<\/p><h2>10. Kontaktn\u00e9 \u00fadaje<\/h2><p>Ak m\u00e1te ot\u00e1zky alebo pripomienky k na\u0161im z\u00e1sad\u00e1m pou\u017e\u00edvania s\u00faborov cookie a tomuto vyhl\u00e1seniu, kontaktujte n\u00e1s pomocou nasleduj\u00facich kontaktn\u00fdch \u00fadajov:<\/p><p><span class=\"cmplz-contact-organisation\">Tibor Sz\u0151ke E.V.<\/span><br>\n                      <span class=\"cmplz-contact-address\">6400 Kiskunhalas, Batth\u00e1ny u. 54.<\/span><br>\n                      <span class=\"cmplz-contact-country\">Ma\u010farsko<\/span><br>\n                      <span class=\"cmplz-contact-domain\">Webov\u00e1 str\u00e1nka: <a href=\"https:\/\/winebase.hu\/qr\/sk\">https:\/\/winebase.hu\/qr\/sk<\/a><\/span><br>\n                      <span class=\"cmplz-contact-email\">E -mail: <span class=\"cmplz-obfuscate\">&#104;&#101;l&#108;o@<span class=\"cmplz-fmail-domain\">&#101;&#120;&#046;com<\/span>&#119;in&#101;&#098;&#097;&#115;&#101;&#046;&#104;&#117;<\/span><\/span><br>\n                    <span class=\"cmplz-contact-telephone\"><\/span><\/p><\/div>","protected":false},"excerpt":{"rendered":"","protected":false},"author":1,"featured_media":0,"parent":0,"menu_order":0,"comment_status":"closed","ping_status":"closed","template":"","meta":{"footnotes":""},"class_list":["post-320","page","type-page","status-publish","hentry"],"_links":{"self":[{"href":"https:\/\/winebase.hu\/qr\/sk\/wp-json\/wp\/v2\/pages\/320","targetHints":{"allow":["GET"]}}],"collection":[{"href":"https:\/\/winebase.hu\/qr\/sk\/wp-json\/wp\/v2\/pages"}],"about":[{"href":"https:\/\/winebase.hu\/qr\/sk\/wp-json\/wp\/v2\/types\/page"}],"author":[{"embeddable":true,"href":"https:\/\/winebase.hu\/qr\/sk\/wp-json\/wp\/v2\/users\/1"}],"replies":[{"embeddable":true,"href":"https:\/\/winebase.hu\/qr\/sk\/wp-json\/wp\/v2\/comments?post=320"}],"version-history":[{"count":1,"href":"https:\/\/winebase.hu\/qr\/sk\/wp-json\/wp\/v2\/pages\/320\/revisions"}],"predecessor-version":[{"id":327,"href":"https:\/\/winebase.hu\/qr\/sk\/wp-json\/wp\/v2\/pages\/320\/revisions\/327"}],"wp:attachment":[{"href":"https:\/\/winebase.hu\/qr\/sk\/wp-json\/wp\/v2\/media?parent=320"}],"curies":[{"name":"wp","href":"https:\/\/api.w.org\/{rel}","templated":true}]}}