{"id":339,"date":"2024-08-01T17:21:08","date_gmt":"2024-08-01T15:21:08","guid":{"rendered":"https:\/\/winebase.hu\/qr\/?page_id=339"},"modified":"2024-08-01T17:56:15","modified_gmt":"2024-08-01T15:56:15","slug":"impresszum","status":"publish","type":"page","link":"https:\/\/winebase.hu\/qr\/pt\/impresszum","title":{"rendered":"cabe\u00e7alho"},"content":{"rendered":"<p>Nome: Sz\u0151ke Tibor E.V.<\/p>\n\n\n\n<p>Endere\u00e7o: 6400 Kiskunhalas, Batthy\u00e1ny u. 54.<\/p>\n\n\n\n<p>Correio eletr\u00f3nico: hello[at]winebase.hu&nbsp;<\/p>\n\n\n\n<p><\/p>\n\n\n\n<h2 class=\"wp-block-heading\">Informa\u00e7\u00f5es de registo<\/h2>\n\n\n\n<p>N\u00famero de registo de comerciante individual: 31568894<\/p>\n\n\n\n<p>N\u00famero de identifica\u00e7\u00e3o fiscal: 66084581-2-23<\/p>\n\n\n\n<p><\/p>\n\n\n\n<h2 class=\"wp-block-heading\">Declara\u00e7\u00e3o de exonera\u00e7\u00e3o de responsabilidade<\/h2>\n\n\n\n<p>As informa\u00e7\u00f5es contidas neste s\u00edtio Web destinam-se apenas a fins informativos e o operador n\u00e3o \u00e9 respons\u00e1vel pela exatid\u00e3o, integridade ou atualidade das informa\u00e7\u00f5es contidas neste s\u00edtio Web.<\/p>\n\n\n\n<p><\/p>\n\n\n\n<h2 class=\"wp-block-heading\">Direitos de autor<\/h2>\n\n\n\n<p>O conte\u00fado deste s\u00edtio Web est\u00e1 protegido por direitos de autor. O conte\u00fado s\u00f3 pode ser utilizado com a autoriza\u00e7\u00e3o pr\u00e9via por escrito do operador.<\/p>\n\n\n\n<p><\/p>\n\n\n\n<h2 class=\"wp-block-heading\">Contacto<\/h2>\n\n\n\n<p>Pessoa de contacto:Tibor Sz\u0151ke<\/p>\n\n\n\n<p>Correio eletr\u00f3nico: hello[at]winebase.hu&nbsp;<\/p>","protected":false},"excerpt":{"rendered":"<p>N\u00e9v: Sz\u0151ke Tibor E.V. C\u00edm: 6400 Kiskunhalas, Batthy\u00e1ny u. 54. E-mail: hello[kukac]winebase.hu&nbsp; Regisztr\u00e1ci\u00f3s Inform\u00e1ci\u00f3k Egy\u00e9ni v\u00e1llalkoz\u00f3i nyilv\u00e1ntart\u00e1si sz\u00e1m: 31568894 Ad\u00f3sz\u00e1m: 66084581-2-23 Felel\u0151ss\u00e9gkiz\u00e1r\u00e1s A weboldalon tal\u00e1lhat\u00f3 inform\u00e1ci\u00f3k kiz\u00e1r\u00f3lag t\u00e1j\u00e9koztat\u00f3 jelleg\u0171ek. Az \u00fczemeltet\u0151 nem v\u00e1llal felel\u0151ss\u00e9get a weboldalon tal\u00e1lhat\u00f3 inform\u00e1ci\u00f3k pontoss\u00e1g\u00e1\u00e9rt, teljess\u00e9g\u00e9\u00e9rt \u00e9s aktualit\u00e1s\u00e1\u00e9rt. Szerz\u0151i Jogok A weboldal tartalma szerz\u0151i jogv\u00e9delem alatt \u00e1ll. A tartalmak felhaszn\u00e1l\u00e1sa kiz\u00e1r\u00f3lag [&hellip;]<\/p>","protected":false},"author":1,"featured_media":0,"parent":0,"menu_order":0,"comment_status":"closed","ping_status":"closed","template":"","meta":{"footnotes":""},"class_list":["post-339","page","type-page","status-publish","hentry"],"_links":{"self":[{"href":"https:\/\/winebase.hu\/qr\/pt\/wp-json\/wp\/v2\/pages\/339","targetHints":{"allow":["GET"]}}],"collection":[{"href":"https:\/\/winebase.hu\/qr\/pt\/wp-json\/wp\/v2\/pages"}],"about":[{"href":"https:\/\/winebase.hu\/qr\/pt\/wp-json\/wp\/v2\/types\/page"}],"author":[{"embeddable":true,"href":"https:\/\/winebase.hu\/qr\/pt\/wp-json\/wp\/v2\/users\/1"}],"replies":[{"embeddable":true,"href":"https:\/\/winebase.hu\/qr\/pt\/wp-json\/wp\/v2\/comments?post=339"}],"version-history":[{"count":2,"href":"https:\/\/winebase.hu\/qr\/pt\/wp-json\/wp\/v2\/pages\/339\/revisions"}],"predecessor-version":[{"id":343,"href":"https:\/\/winebase.hu\/qr\/pt\/wp-json\/wp\/v2\/pages\/339\/revisions\/343"}],"wp:attachment":[{"href":"https:\/\/winebase.hu\/qr\/pt\/wp-json\/wp\/v2\/media?parent=339"}],"curies":[{"name":"wp","href":"https:\/\/api.w.org\/{rel}","templated":true}]}}