{"id":339,"date":"2024-08-01T17:21:08","date_gmt":"2024-08-01T15:21:08","guid":{"rendered":"https:\/\/winebase.hu\/qr\/?page_id=339"},"modified":"2024-08-01T17:56:15","modified_gmt":"2024-08-01T15:56:15","slug":"impresszum","status":"publish","type":"page","link":"https:\/\/winebase.hu\/qr\/pl\/impresszum","title":{"rendered":"nag\u0142\u00f3wek"},"content":{"rendered":"<p>Nazwa: Sz\u0151ke Tibor E.V.<\/p>\n\n\n\n<p>Adres: 6400 Kiskunhalas, Batthy\u00e1ny u. 54.<\/p>\n\n\n\n<p>E-mail: hello[at]winebase.hu&nbsp;<\/p>\n\n\n\n<p><\/p>\n\n\n\n<h2 class=\"wp-block-heading\">Informacje dotycz\u0105ce rejestracji<\/h2>\n\n\n\n<p>Numer rejestracyjny jednoosobowej dzia\u0142alno\u015bci gospodarczej: 31568894<\/p>\n\n\n\n<p>Numer podatkowy: 66084581-2-23<\/p>\n\n\n\n<p><\/p>\n\n\n\n<h2 class=\"wp-block-heading\">Zastrze\u017cenie<\/h2>\n\n\n\n<p>Informacje zawarte na tej stronie s\u0142u\u017c\u0105 wy\u0142\u0105cznie celom informacyjnym. Operator nie ponosi odpowiedzialno\u015bci za dok\u0142adno\u015b\u0107, kompletno\u015b\u0107 ani aktualno\u015b\u0107 informacji zawartych na tej stronie.<\/p>\n\n\n\n<p><\/p>\n\n\n\n<h2 class=\"wp-block-heading\">Prawa autorskie<\/h2>\n\n\n\n<p>Zawarto\u015b\u0107 tej strony internetowej jest chroniona prawem autorskim. Zawarto\u015b\u0107 mo\u017ce by\u0107 wykorzystywana wy\u0142\u0105cznie za uprzedni\u0105 pisemn\u0105 zgod\u0105 operatora.<\/p>\n\n\n\n<p><\/p>\n\n\n\n<h2 class=\"wp-block-heading\">Kontakt<\/h2>\n\n\n\n<p>Osoba kontaktowa: Tibor Sz\u0151ke<\/p>\n\n\n\n<p>E-mail: hello[at]winebase.hu&nbsp;<\/p>","protected":false},"excerpt":{"rendered":"<p>N\u00e9v: Sz\u0151ke Tibor E.V. C\u00edm: 6400 Kiskunhalas, Batthy\u00e1ny u. 54. E-mail: hello[kukac]winebase.hu&nbsp; Regisztr\u00e1ci\u00f3s Inform\u00e1ci\u00f3k Egy\u00e9ni v\u00e1llalkoz\u00f3i nyilv\u00e1ntart\u00e1si sz\u00e1m: 31568894 Ad\u00f3sz\u00e1m: 66084581-2-23 Felel\u0151ss\u00e9gkiz\u00e1r\u00e1s A weboldalon tal\u00e1lhat\u00f3 inform\u00e1ci\u00f3k kiz\u00e1r\u00f3lag t\u00e1j\u00e9koztat\u00f3 jelleg\u0171ek. Az \u00fczemeltet\u0151 nem v\u00e1llal felel\u0151ss\u00e9get a weboldalon tal\u00e1lhat\u00f3 inform\u00e1ci\u00f3k pontoss\u00e1g\u00e1\u00e9rt, teljess\u00e9g\u00e9\u00e9rt \u00e9s aktualit\u00e1s\u00e1\u00e9rt. Szerz\u0151i Jogok A weboldal tartalma szerz\u0151i jogv\u00e9delem alatt \u00e1ll. A tartalmak felhaszn\u00e1l\u00e1sa kiz\u00e1r\u00f3lag [&hellip;]<\/p>","protected":false},"author":1,"featured_media":0,"parent":0,"menu_order":0,"comment_status":"closed","ping_status":"closed","template":"","meta":{"footnotes":""},"class_list":["post-339","page","type-page","status-publish","hentry"],"_links":{"self":[{"href":"https:\/\/winebase.hu\/qr\/pl\/wp-json\/wp\/v2\/pages\/339","targetHints":{"allow":["GET"]}}],"collection":[{"href":"https:\/\/winebase.hu\/qr\/pl\/wp-json\/wp\/v2\/pages"}],"about":[{"href":"https:\/\/winebase.hu\/qr\/pl\/wp-json\/wp\/v2\/types\/page"}],"author":[{"embeddable":true,"href":"https:\/\/winebase.hu\/qr\/pl\/wp-json\/wp\/v2\/users\/1"}],"replies":[{"embeddable":true,"href":"https:\/\/winebase.hu\/qr\/pl\/wp-json\/wp\/v2\/comments?post=339"}],"version-history":[{"count":2,"href":"https:\/\/winebase.hu\/qr\/pl\/wp-json\/wp\/v2\/pages\/339\/revisions"}],"predecessor-version":[{"id":343,"href":"https:\/\/winebase.hu\/qr\/pl\/wp-json\/wp\/v2\/pages\/339\/revisions\/343"}],"wp:attachment":[{"href":"https:\/\/winebase.hu\/qr\/pl\/wp-json\/wp\/v2\/media?parent=339"}],"curies":[{"name":"wp","href":"https:\/\/api.w.org\/{rel}","templated":true}]}}