{"id":320,"date":"2024-07-31T14:25:18","date_gmt":"2024-07-31T12:25:18","guid":{"rendered":"https:\/\/winebase.hu\/qr\/cookie-policy-eu"},"modified":"2024-08-01T16:44:19","modified_gmt":"2024-08-01T14:44:19","slug":"suti-szabalyzat","status":"publish","type":"page","link":"https:\/\/winebase.hu\/qr\/lv\/suti-szabalyzat","title":{"rendered":"S\u012bkfailu politika"},"content":{"rendered":"<!-- Legal document generated by Complianz | GDPR\/CCPA Cookie Consent https:\/\/wordpress.org\/plugins\/complianz-gdpr -->\n<div id=\"cmplz-document\" class=\"cmplz-document cookie-statement cmplz-document-eu\"><p><i>\u0160\u012b S\u012bkfailu politika p\u0113d\u0113jo reizi tika atjaunin\u0101ta 2024.08.01. un attiecas uz Eiropas Ekonomikas zonas un \u0160veices pilso\u0146iem un likum\u012bgajiem past\u0101v\u012bgajiem iedz\u012bvot\u0101jiem.<\/i><br><\/p><h2>1. Ievads<\/h2><p>M\u016bsu t\u012bmek\u013ca vietne, <a href=\"https:\/\/winebase.hu\/qr\/lv\">https:\/\/winebase.hu\/qr\/lv<\/a> (hereinafter: \"the website\") uses cookies and other related technologies (for convenience all technologies are referred to as \"cookies\"). Cookies are also placed by third parties we have engaged. In the document below we inform you about the use of cookies on our website.<\/p><h2>2. Kas ir s\u012bkfaili?<\/h2><p>S\u012bkfails ir neliels vienk\u0101r\u0161s fails, kas tiek nos\u016bt\u012bts kop\u0101 ar \u0161\u012bs vietnes lap\u0101m un ko j\u016bsu p\u0101rl\u016bkprogramma saglab\u0101 j\u016bsu datora vai citas ier\u012bces cietaj\u0101 disk\u0101. Taj\u0101 saglab\u0101t\u0101 inform\u0101cija var tikt nos\u016bt\u012bta atpaka\u013c uz m\u016bsu serveriem vai attiec\u012bgo tre\u0161o personu serveriem n\u0101kam\u0101 apmekl\u0113juma laik\u0101.<\/p><h2>3. Kas ir skripti?<\/h2><p>Skripts ir programmas koda da\u013ca, kas tiek izmantota, lai m\u016bsu vietne darbotos pareizi un interakt\u012bvi. \u0160is kods tiek izpild\u012bts m\u016bsu server\u012b vai j\u016bsu ier\u012bc\u0113.<\/p><h2>4. Kas ir t\u012bmek\u013ca b\u0101ka?<\/h2><p>T\u012bmek\u013ca b\u0101ksign\u0101ls (jeb pikse\u013cu tags) ir neliels, neredzams teksta vai att\u0113la gabali\u0146\u0161 t\u012bmek\u013ca vietn\u0113, ko izmanto, lai uzraudz\u012btu datpl\u016bsmu t\u012bmek\u013ca vietn\u0113. \u0160im nol\u016bkam, izmantojot t\u012bmek\u013ca b\u0101ksign\u0101lus, tiek saglab\u0101ti da\u017e\u0101di dati par jums.<\/p><h2>5. s\u012bkfaili<\/h2><p class=\"cmplz-subtitle\">5.1 Tehnisk\u0101s vai funkcion\u0101l\u0101s s\u012bkdatnes<\/p><p>Da\u017eas s\u012bkdatnes nodro\u0161ina, ka noteiktas t\u012bmek\u013ca vietnes da\u013cas darbojas pareizi un ka j\u016bsu lietot\u0101ja preferences ir zin\u0101mas. Ievietojot funkcion\u0101l\u0101s s\u012bkdatnes, m\u0113s jums atvieglojam m\u016bsu vietnes apmekl\u0113\u0161anu. T\u0101d\u0113j\u0101di, apmekl\u0113jot m\u016bsu vietni, jums nav atk\u0101rtoti j\u0101ievada viena un t\u0101 pati inform\u0101cija, un, piem\u0113ram, preces paliek j\u016bsu iepirkumu groz\u0101, l\u012bdz esat samaks\u0101jis. M\u0113s varam ievietot \u0161\u012bs s\u012bkdatnes bez j\u016bsu piekri\u0161anas.<\/p><h2>6. Ievietot\u0101s s\u012bkdatnes<\/h2><div id=\"cmplz-cookies-overview\"><details class=\"cmplz-dropdown cmplz-service-desc cmplz-dropdown-cookiepolicy\">\n\t<summary class=\"cmplz-service-header\"><div>\n\t\t<h3>Da\u017e\u0101di<\/h3>\n\t\t<p>Izmekl\u0113\u0161anas nol\u016bks v\u0113l nav zin\u0101ms<\/p>\n\t\t<label for=\"cmplz_service_miscellaneous\" class=\"cmplz_consent_per_service_label\"><span class=\"screen-reader-text\">Piekri\u0161ana sniegt da\u017e\u0101dus pakalpojumus<\/span><\/label>\n\t\t<input type=\"checkbox\" id=\"cmplz_service_miscellaneous\" class=\"cmplz-accept-service cmplz-hidden\" data-service=\"miscellaneous\" data-category=\"functional\"><\/div>\n\t<\/summary>\n\t<div class=\"cmplz-service-description\">\n\t\t<h4>Lieto\u0161ana<\/h4>\n\t\t<p><\/p>\n\t<\/div>\n\t<div class=\"cmplz-sharing-data\">\n\t\t<h4>Datu kop\u012bgo\u0161ana<\/h4>\n\t\t<p>Datu koplieto\u0161ana tiek izmekl\u0113ta<\/p>\n\t<\/div>\n\t<div class=\"cookies-per-purpose\">\n    <div class=\"purpose\"><h4>Izmekl\u0113\u0161anas nol\u016bks v\u0113l nav zin\u0101ms<\/h4><\/div>\n    <div class=\"name-header\">\n\t<h5>V\u0101rds<\/h5>\n<\/div>\n<div class=\"name\">_ga<\/div>\n<div class=\"retention-header\">\n\t<h5>Beigu termi\u0146\u0161<\/h5>\n<\/div>\n<div class=\"retention\"><\/div>\n<div class=\"function-header\">\n\t<h5>Funkcija<\/h5>\n<\/div>\n<div class=\"function\"><\/div>\n<div class=\"name-header\">\n\t<h5>V\u0101rds<\/h5>\n<\/div>\n<div class=\"name\">_ga_Q8D12B8SJ8<\/div>\n<div class=\"retention-header\">\n\t<h5>Beigu termi\u0146\u0161<\/h5>\n<\/div>\n<div class=\"retention\"><\/div>\n<div class=\"function-header\">\n\t<h5>Funkcija<\/h5>\n<\/div>\n<div class=\"function\"><\/div>\n<div class=\"name-header\">\n\t<h5>V\u0101rds<\/h5>\n<\/div>\n<div class=\"name\">2fuf6at4<\/div>\n<div class=\"retention-header\">\n\t<h5>Beigu termi\u0146\u0161<\/h5>\n<\/div>\n<div class=\"retention\"><\/div>\n<div class=\"function-header\">\n\t<h5>Funkcija<\/h5>\n<\/div>\n<div class=\"function\"><\/div>\n<div class=\"name-header\">\n\t<h5>V\u0101rds<\/h5>\n<\/div>\n<div class=\"name\">k7k80o55<\/div>\n<div class=\"retention-header\">\n\t<h5>Beigu termi\u0146\u0161<\/h5>\n<\/div>\n<div class=\"retention\"><\/div>\n<div class=\"function-header\">\n\t<h5>Funkcija<\/h5>\n<\/div>\n<div class=\"function\"><\/div>\n<div class=\"name-header\">\n\t<h5>V\u0101rds<\/h5>\n<\/div>\n<div class=\"name\">jd4mdtr6<\/div>\n<div class=\"retention-header\">\n\t<h5>Beigu termi\u0146\u0161<\/h5>\n<\/div>\n<div class=\"retention\"><\/div>\n<div class=\"function-header\">\n\t<h5>Funkcija<\/h5>\n<\/div>\n<div class=\"function\"><\/div>\n<div class=\"name-header\">\n\t<h5>V\u0101rds<\/h5>\n<\/div>\n<div class=\"name\">fpwchxd2<\/div>\n<div class=\"retention-header\">\n\t<h5>Beigu termi\u0146\u0161<\/h5>\n<\/div>\n<div class=\"retention\"><\/div>\n<div class=\"function-header\">\n\t<h5>Funkcija<\/h5>\n<\/div>\n<div class=\"function\"><\/div>\n<div class=\"name-header\">\n\t<h5>V\u0101rds<\/h5>\n<\/div>\n<div class=\"name\">pdqhrfdj<\/div>\n<div class=\"retention-header\">\n\t<h5>Beigu termi\u0146\u0161<\/h5>\n<\/div>\n<div class=\"retention\"><\/div>\n<div class=\"function-header\">\n\t<h5>Funkcija<\/h5>\n<\/div>\n<div class=\"function\"><\/div>\n<div class=\"name-header\">\n\t<h5>V\u0101rds<\/h5>\n<\/div>\n<div class=\"name\">367fomw3<\/div>\n<div class=\"retention-header\">\n\t<h5>Beigu termi\u0146\u0161<\/h5>\n<\/div>\n<div class=\"retention\"><\/div>\n<div class=\"function-header\">\n\t<h5>Funkcija<\/h5>\n<\/div>\n<div class=\"function\"><\/div>\n<div class=\"name-header\">\n\t<h5>V\u0101rds<\/h5>\n<\/div>\n<div class=\"name\">4nyi2d7r<\/div>\n<div class=\"retention-header\">\n\t<h5>Beigu termi\u0146\u0161<\/h5>\n<\/div>\n<div class=\"retention\"><\/div>\n<div class=\"function-header\">\n\t<h5>Funkcija<\/h5>\n<\/div>\n<div class=\"function\"><\/div>\n<div class=\"name-header\">\n\t<h5>V\u0101rds<\/h5>\n<\/div>\n<div class=\"name\">yx8zuzgu<\/div>\n<div class=\"retention-header\">\n\t<h5>Beigu termi\u0146\u0161<\/h5>\n<\/div>\n<div class=\"retention\"><\/div>\n<div class=\"function-header\">\n\t<h5>Funkcija<\/h5>\n<\/div>\n<div class=\"function\"><\/div>\n<div class=\"name-header\">\n\t<h5>V\u0101rds<\/h5>\n<\/div>\n<div class=\"name\">ydeyrekp<\/div>\n<div class=\"retention-header\">\n\t<h5>Beigu termi\u0146\u0161<\/h5>\n<\/div>\n<div class=\"retention\"><\/div>\n<div class=\"function-header\">\n\t<h5>Funkcija<\/h5>\n<\/div>\n<div class=\"function\"><\/div>\n<div class=\"name-header\">\n\t<h5>V\u0101rds<\/h5>\n<\/div>\n<div class=\"name\">dyzxokvk<\/div>\n<div class=\"retention-header\">\n\t<h5>Beigu termi\u0146\u0161<\/h5>\n<\/div>\n<div class=\"retention\"><\/div>\n<div class=\"function-header\">\n\t<h5>Funkcija<\/h5>\n<\/div>\n<div class=\"function\"><\/div>\n<div class=\"name-header\">\n\t<h5>V\u0101rds<\/h5>\n<\/div>\n<div class=\"name\">hskf493a<\/div>\n<div class=\"retention-header\">\n\t<h5>Beigu termi\u0146\u0161<\/h5>\n<\/div>\n<div class=\"retention\"><\/div>\n<div class=\"function-header\">\n\t<h5>Funkcija<\/h5>\n<\/div>\n<div class=\"function\"><\/div>\n<div class=\"name-header\">\n\t<h5>V\u0101rds<\/h5>\n<\/div>\n<div class=\"name\">selectedFormType<\/div>\n<div class=\"retention-header\">\n\t<h5>Beigu termi\u0146\u0161<\/h5>\n<\/div>\n<div class=\"retention\"><\/div>\n<div class=\"function-header\">\n\t<h5>Funkcija<\/h5>\n<\/div>\n<div class=\"function\"><\/div>\n<div class=\"name-header\">\n\t<h5>V\u0101rds<\/h5>\n<\/div>\n<div class=\"name\">emoji-mart.last<\/div>\n<div class=\"retention-header\">\n\t<h5>Beigu termi\u0146\u0161<\/h5>\n<\/div>\n<div class=\"retention\"><\/div>\n<div class=\"function-header\">\n\t<h5>Funkcija<\/h5>\n<\/div>\n<div class=\"function\"><\/div>\n<div class=\"name-header\">\n\t<h5>V\u0101rds<\/h5>\n<\/div>\n<div class=\"name\">omWpApi<\/div>\n<div class=\"retention-header\">\n\t<h5>Beigu termi\u0146\u0161<\/h5>\n<\/div>\n<div class=\"retention\"><\/div>\n<div class=\"function-header\">\n\t<h5>Funkcija<\/h5>\n<\/div>\n<div class=\"function\"><\/div>\n<div class=\"name-header\">\n\t<h5>V\u0101rds<\/h5>\n<\/div>\n<div class=\"name\">emoji-mart.frequently<\/div>\n<div class=\"retention-header\">\n\t<h5>Beigu termi\u0146\u0161<\/h5>\n<\/div>\n<div class=\"retention\"><\/div>\n<div class=\"function-header\">\n\t<h5>Funkcija<\/h5>\n<\/div>\n<div class=\"function\"><\/div>\n<div class=\"name-header\">\n\t<h5>V\u0101rds<\/h5>\n<\/div>\n<div class=\"name\">log-settings<\/div>\n<div class=\"retention-header\">\n\t<h5>Beigu termi\u0146\u0161<\/h5>\n<\/div>\n<div class=\"retention\"><\/div>\n<div class=\"function-header\">\n\t<h5>Funkcija<\/h5>\n<\/div>\n<div class=\"function\"><\/div>\n<div class=\"name-header\">\n\t<h5>V\u0101rds<\/h5>\n<\/div>\n<div class=\"name\">loglevel<\/div>\n<div class=\"retention-header\">\n\t<h5>Beigu termi\u0146\u0161<\/h5>\n<\/div>\n<div class=\"retention\"><\/div>\n<div class=\"function-header\">\n\t<h5>Funkcija<\/h5>\n<\/div>\n<div class=\"function\"><\/div>\n<div class=\"name-header\">\n\t<h5>V\u0101rds<\/h5>\n<\/div>\n<div class=\"name\">entriesPerPage<\/div>\n<div class=\"retention-header\">\n\t<h5>Beigu termi\u0146\u0161<\/h5>\n<\/div>\n<div class=\"retention\"><\/div>\n<div class=\"function-header\">\n\t<h5>Funkcija<\/h5>\n<\/div>\n<div class=\"function\"><\/div>\n<div class=\"name-header\">\n\t<h5>V\u0101rds<\/h5>\n<\/div>\n<div class=\"name\">1toibxv5<\/div>\n<div class=\"retention-header\">\n\t<h5>Beigu termi\u0146\u0161<\/h5>\n<\/div>\n<div class=\"retention\"><\/div>\n<div class=\"function-header\">\n\t<h5>Funkcija<\/h5>\n<\/div>\n<div class=\"function\"><\/div>\n<div class=\"name-header\">\n\t<h5>V\u0101rds<\/h5>\n<\/div>\n<div class=\"name\">j1c0hj1a<\/div>\n<div class=\"retention-header\">\n\t<h5>Beigu termi\u0146\u0161<\/h5>\n<\/div>\n<div class=\"retention\"><\/div>\n<div class=\"function-header\">\n\t<h5>Funkcija<\/h5>\n<\/div>\n<div class=\"function\"><\/div>\n<div class=\"name-header\">\n\t<h5>V\u0101rds<\/h5>\n<\/div>\n<div class=\"name\">ph1dy13n<\/div>\n<div class=\"retention-header\">\n\t<h5>Beigu termi\u0146\u0161<\/h5>\n<\/div>\n<div class=\"retention\"><\/div>\n<div class=\"function-header\">\n\t<h5>Funkcija<\/h5>\n<\/div>\n<div class=\"function\"><\/div>\n<div class=\"name-header\">\n\t<h5>V\u0101rds<\/h5>\n<\/div>\n<div class=\"name\">8w1zazp3<\/div>\n<div class=\"retention-header\">\n\t<h5>Beigu termi\u0146\u0161<\/h5>\n<\/div>\n<div class=\"retention\"><\/div>\n<div class=\"function-header\">\n\t<h5>Funkcija<\/h5>\n<\/div>\n<div class=\"function\"><\/div>\n<div class=\"name-header\">\n\t<h5>V\u0101rds<\/h5>\n<\/div>\n<div class=\"name\">c47mngya<\/div>\n<div class=\"retention-header\">\n\t<h5>Beigu termi\u0146\u0161<\/h5>\n<\/div>\n<div class=\"retention\"><\/div>\n<div class=\"function-header\">\n\t<h5>Funkcija<\/h5>\n<\/div>\n<div class=\"function\"><\/div>\n<div class=\"name-header\">\n\t<h5>V\u0101rds<\/h5>\n<\/div>\n<div class=\"name\">p4s885on<\/div>\n<div class=\"retention-header\">\n\t<h5>Beigu termi\u0146\u0161<\/h5>\n<\/div>\n<div class=\"retention\"><\/div>\n<div class=\"function-header\">\n\t<h5>Funkcija<\/h5>\n<\/div>\n<div class=\"function\"><\/div>\n<div class=\"name-header\">\n\t<h5>V\u0101rds<\/h5>\n<\/div>\n<div class=\"name\">drm1xvgt<\/div>\n<div class=\"retention-header\">\n\t<h5>Beigu termi\u0146\u0161<\/h5>\n<\/div>\n<div class=\"retention\"><\/div>\n<div class=\"function-header\">\n\t<h5>Funkcija<\/h5>\n<\/div>\n<div class=\"function\"><\/div>\n<div class=\"name-header\">\n\t<h5>V\u0101rds<\/h5>\n<\/div>\n<div class=\"name\">5kjkr0qu<\/div>\n<div class=\"retention-header\">\n\t<h5>Beigu termi\u0146\u0161<\/h5>\n<\/div>\n<div class=\"retention\"><\/div>\n<div class=\"function-header\">\n\t<h5>Funkcija<\/h5>\n<\/div>\n<div class=\"function\"><\/div>\n<div class=\"name-header\">\n\t<h5>V\u0101rds<\/h5>\n<\/div>\n<div class=\"name\">76koksdcg<\/div>\n<div class=\"retention-header\">\n\t<h5>Beigu termi\u0146\u0161<\/h5>\n<\/div>\n<div class=\"retention\"><\/div>\n<div class=\"function-header\">\n\t<h5>Funkcija<\/h5>\n<\/div>\n<div class=\"function\"><\/div>\n<div class=\"name-header\">\n\t<h5>V\u0101rds<\/h5>\n<\/div>\n<div class=\"name\">omVisitsFirst<\/div>\n<div class=\"retention-header\">\n\t<h5>Beigu termi\u0146\u0161<\/h5>\n<\/div>\n<div class=\"retention\"><\/div>\n<div class=\"function-header\">\n\t<h5>Funkcija<\/h5>\n<\/div>\n<div class=\"function\"><\/div>\n<div class=\"name-header\">\n\t<h5>V\u0101rds<\/h5>\n<\/div>\n<div class=\"name\">omVisits<\/div>\n<div class=\"retention-header\">\n\t<h5>Beigu termi\u0146\u0161<\/h5>\n<\/div>\n<div class=\"retention\"><\/div>\n<div class=\"function-header\">\n\t<h5>Funkcija<\/h5>\n<\/div>\n<div class=\"function\"><\/div>\n<div class=\"name-header\">\n\t<h5>V\u0101rds<\/h5>\n<\/div>\n<div class=\"name\">omSessionStart<\/div>\n<div class=\"retention-header\">\n\t<h5>Beigu termi\u0146\u0161<\/h5>\n<\/div>\n<div class=\"retention\"><\/div>\n<div class=\"function-header\">\n\t<h5>Funkcija<\/h5>\n<\/div>\n<div class=\"function\"><\/div>\n<div class=\"name-header\">\n\t<h5>V\u0101rds<\/h5>\n<\/div>\n<div class=\"name\">omScrollHeight<\/div>\n<div class=\"retention-header\">\n\t<h5>Beigu termi\u0146\u0161<\/h5>\n<\/div>\n<div class=\"retention\"><\/div>\n<div class=\"function-header\">\n\t<h5>Funkcija<\/h5>\n<\/div>\n<div class=\"function\"><\/div>\n<div class=\"name-header\">\n\t<h5>V\u0101rds<\/h5>\n<\/div>\n<div class=\"name\">omSessionPageviews<\/div>\n<div class=\"retention-header\">\n\t<h5>Beigu termi\u0146\u0161<\/h5>\n<\/div>\n<div class=\"retention\"><\/div>\n<div class=\"function-header\">\n\t<h5>Funkcija<\/h5>\n<\/div>\n<div class=\"function\"><\/div>\n<div class=\"name-header\">\n\t<h5>V\u0101rds<\/h5>\n<\/div>\n<div class=\"name\">adobeCleanFontAdded<\/div>\n<div class=\"retention-header\">\n\t<h5>Beigu termi\u0146\u0161<\/h5>\n<\/div>\n<div class=\"retention\"><\/div>\n<div class=\"function-header\">\n\t<h5>Funkcija<\/h5>\n<\/div>\n<div class=\"function\"><\/div>\n<div class=\"name-header\">\n\t<h5>V\u0101rds<\/h5>\n<\/div>\n<div class=\"name\">language<\/div>\n<div class=\"retention-header\">\n\t<h5>Beigu termi\u0146\u0161<\/h5>\n<\/div>\n<div class=\"retention\"><\/div>\n<div class=\"function-header\">\n\t<h5>Funkcija<\/h5>\n<\/div>\n<div class=\"function\"><\/div>\n<div class=\"name-header\">\n\t<h5>V\u0101rds<\/h5>\n<\/div>\n<div class=\"name\">_omappvp<\/div>\n<div class=\"retention-header\">\n\t<h5>Beigu termi\u0146\u0161<\/h5>\n<\/div>\n<div class=\"retention\"><\/div>\n<div class=\"function-header\">\n\t<h5>Funkcija<\/h5>\n<\/div>\n<div class=\"function\"><\/div>\n<div class=\"name-header\">\n\t<h5>V\u0101rds<\/h5>\n<\/div>\n<div class=\"name\">_omappvs<\/div>\n<div class=\"retention-header\">\n\t<h5>Beigu termi\u0146\u0161<\/h5>\n<\/div>\n<div class=\"retention\"><\/div>\n<div class=\"function-header\">\n\t<h5>Funkcija<\/h5>\n<\/div>\n<div class=\"function\"><\/div>\n\n<\/div>\n<\/details>\n<\/div><h2>7. Piekri\u0161ana<\/h2><p>When you visit our website for the first time, we will show you a pop-up with an explanation about cookies. As soon as you click on \"S\u00fctik elfogad\u00e1sa\", you consent to us using all cookies and plug-ins as described in the pop-up and this Cookie Policy. You can disable the use of cookies via your browser, but please note that our website may no longer work properly.<\/p><p class=\"cmplz-subtitle\">7.1 Piekri\u0161anas iestat\u012bjumu p\u0101rvald\u012b\u0161ana<\/p><div id=\"cmplz-manage-consent-container-nojavascript\">J\u016bs esat iel\u0101d\u0113jis s\u012bkfailu politiku bez javascript atbalsta. Izmantojot AMP, varat izmantot piekri\u0161anas p\u0101rvald\u012bbas pogu lapas apak\u0161\u0101.<\/div><div id=\"cmplz-manage-consent-container\" class=\"cmplz-manage-consent-container\"><\/div><h2>8. S\u012bkfailu iesl\u0113g\u0161ana\/izsl\u0113g\u0161ana un dz\u0113\u0161ana<\/h2><p>J\u016bs varat izmantot savu interneta p\u0101rl\u016bkprogrammu, lai autom\u0101tiski vai manu\u0101li dz\u0113stu s\u012bkfailus, vai ar\u012b varat nor\u0101d\u012bt, ka noteiktus s\u012bkfailus nedr\u012bkst ievietot. V\u0113l viena iesp\u0113ja ir main\u012bt interneta p\u0101rl\u016bkprogrammas iestat\u012bjumus t\u0101, lai katru reizi, kad tiek ievietota s\u012bkdatne, j\u016bs sa\u0146emtu pazi\u0146ojumu. Lai ieg\u016btu vair\u0101k inform\u0101cijas par \u0161\u012bm iesp\u0113j\u0101m, skatiet nor\u0101d\u012bjumus p\u0101rl\u016bkprogrammas pal\u012bdz\u012bbas sada\u013c\u0101.<\/p><p>L\u016bdzu, \u0146emiet v\u0113r\u0101, ka m\u016bsu vietne var nedarboties pareizi, ja visas s\u012bkdatnes ir atsp\u0113jotas. Ja j\u016bs dz\u0113s\u012bsiet s\u012bkfailus sav\u0101 p\u0101rl\u016bkprogramm\u0101, tie atkal tiks ievietoti p\u0113c j\u016bsu piekri\u0161anas, kad atkal apmekl\u0113siet m\u016bsu t\u012bmek\u013ca vietni.<\/p><h2>9. J\u016bsu ties\u012bbas attiec\u012bb\u0101 uz personas datiem<\/h2><p>Jums ir \u0161\u0101das ties\u012bbas attiec\u012bb\u0101 uz j\u016bsu personas datiem:<\/p><ul>\n                    <li>Jums ir ties\u012bbas zin\u0101t, k\u0101p\u0113c j\u016bsu personas dati ir nepiecie\u0161ami, kas ar tiem notiks un cik ilgi tie tiks glab\u0101ti.<\/li>\n                    <li>Piek\u013cuves ties\u012bbas: Jums ir ties\u012bbas piek\u013c\u016bt saviem personas datiem, kas mums ir zin\u0101mi.<\/li>\n                    <li>Ties\u012bbas uz labo\u0161anu: jums ir ties\u012bbas papildin\u0101t, labot, dz\u0113st vai blo\u0137\u0113t savus personas datus, kad vien v\u0113laties.<\/li>\n                    <li>Ja esat devis mums savu piekri\u0161anu apstr\u0101d\u0101t j\u016bsu datus, jums ir ties\u012bbas atsaukt \u0161o piekri\u0161anu un piepras\u012bt savu personas datu dz\u0113\u0161anu.<\/li>\n                    <li>Ties\u012bbas p\u0101rs\u016bt\u012bt savus datus: jums ir ties\u012bbas piepras\u012bt visus savus personas datus no p\u0101rzi\u0146a un p\u0101rs\u016bt\u012bt tos piln\u012bb\u0101 citam p\u0101rzinim.<\/li>\n                    <li>Ties\u012bbas iebilst: j\u016bs varat iebilst pret savu datu apstr\u0101di. M\u0113s to iev\u0113rojam, ja vien apstr\u0101dei nav pamatotu iemeslu.<\/li>\n                <\/ul><p>Lai izmantotu \u0161\u012bs ties\u012bbas, l\u016bdzu, sazinieties ar mums.L\u016bdzu, skatiet kontaktinform\u0101ciju \u0161\u012bs S\u012bkfailu politikas apak\u0161da\u013c\u0101.Ja jums ir s\u016bdz\u012bba par to, k\u0101 m\u0113s apstr\u0101d\u0101jam j\u016bsu datus, m\u0113s labpr\u0101t uzklaus\u012bsim j\u016bs, ta\u010du jums ir ar\u012b ties\u012bbas iesniegt s\u016bdz\u012bbu uzraudz\u012bbas iest\u0101dei (Datu aizsardz\u012bbas iest\u0101dei).<\/p><h2>10. Kontaktinform\u0101cija<\/h2><p>Ja jums rodas jaut\u0101jumi un\/vai koment\u0101ri par m\u016bsu S\u012bkfailu politiku un \u0161o pazi\u0146ojumu, l\u016bdzu, sazinieties ar mums, izmantojot \u0161\u0101du kontaktinform\u0101ciju:<\/p><p><span class=\"cmplz-contact-organisation\">Tibor Sz\u0151ke E.V.<\/span><br>\n                      <span class=\"cmplz-contact-address\">6400 Kiskunhalas, Batth\u00e1ny u. 54.<\/span><br>\n                      <span class=\"cmplz-contact-country\">Ung\u0101rija<\/span><br>\n                      <span class=\"cmplz-contact-domain\">T\u012bmek\u013ca vietne: <a href=\"https:\/\/winebase.hu\/qr\/lv\">https:\/\/winebase.hu\/qr\/lv<\/a><\/span><br>\n                      <span class=\"cmplz-contact-email\">E-pasts: <span class=\"cmplz-obfuscate\">h&#101;&#108;lo@<span class=\"cmplz-fmail-domain\">e&#120;.&#099;&#111;&#109;<\/span>&#119;in&#101;bas&#101;&#046;&#104;&#117;<\/span><\/span><br>\n                    <span class=\"cmplz-contact-telephone\"><\/span><\/p><\/div>","protected":false},"excerpt":{"rendered":"","protected":false},"author":1,"featured_media":0,"parent":0,"menu_order":0,"comment_status":"closed","ping_status":"closed","template":"","meta":{"footnotes":""},"class_list":["post-320","page","type-page","status-publish","hentry"],"_links":{"self":[{"href":"https:\/\/winebase.hu\/qr\/lv\/wp-json\/wp\/v2\/pages\/320","targetHints":{"allow":["GET"]}}],"collection":[{"href":"https:\/\/winebase.hu\/qr\/lv\/wp-json\/wp\/v2\/pages"}],"about":[{"href":"https:\/\/winebase.hu\/qr\/lv\/wp-json\/wp\/v2\/types\/page"}],"author":[{"embeddable":true,"href":"https:\/\/winebase.hu\/qr\/lv\/wp-json\/wp\/v2\/users\/1"}],"replies":[{"embeddable":true,"href":"https:\/\/winebase.hu\/qr\/lv\/wp-json\/wp\/v2\/comments?post=320"}],"version-history":[{"count":1,"href":"https:\/\/winebase.hu\/qr\/lv\/wp-json\/wp\/v2\/pages\/320\/revisions"}],"predecessor-version":[{"id":327,"href":"https:\/\/winebase.hu\/qr\/lv\/wp-json\/wp\/v2\/pages\/320\/revisions\/327"}],"wp:attachment":[{"href":"https:\/\/winebase.hu\/qr\/lv\/wp-json\/wp\/v2\/media?parent=320"}],"curies":[{"name":"wp","href":"https:\/\/api.w.org\/{rel}","templated":true}]}}