{"id":320,"date":"2024-07-31T14:25:18","date_gmt":"2024-07-31T12:25:18","guid":{"rendered":"https:\/\/winebase.hu\/qr\/cookie-policy-eu"},"modified":"2024-08-01T16:44:19","modified_gmt":"2024-08-01T14:44:19","slug":"suti-szabalyzat","status":"publish","type":"page","link":"https:\/\/winebase.hu\/qr\/hr\/suti-szabalyzat","title":{"rendered":"Politika kola\u010di\u0107a"},"content":{"rendered":"<!-- Legal document generated by Complianz | GDPR\/CCPA Cookie Consent https:\/\/wordpress.org\/plugins\/complianz-gdpr -->\n<div id=\"cmplz-document\" class=\"cmplz-document cookie-statement cmplz-document-eu\"><p><i>Ova Pravila o kola\u010di\u0107ima zadnji put su a\u017eurirana 01.8.2024. a odnosi se na gra\u0111ane i osobe sa stalnim boravkom u Europskom gospodarskom prostoru i \u0160vicarskoj.<\/i><br><\/p><h2>1. Uvod<\/h2><p>Na\u0161a web stranica <a href=\"https:\/\/winebase.hu\/qr\/hr\">https:\/\/winebase.hu\/qr\/hr<\/a> (u daljnjem tekstu: \"web mjesto\") koristi kola\u010di\u0107e i druge srodne tehnologije (radi prakti\u010dnosti sve tehnologije nazivaju se \"kola\u010di\u0107i\"). Kola\u010di\u0107e postavljaju i tre\u0107e strane sa kojima sura\u0111ujemo. U donjem dokumentu obavje\u0161tavamo vas o upotrebi kola\u010di\u0107a na na\u0161oj web stranici.<\/p><h2>2. \u0160to su kola\u010di\u0107i?<\/h2><p>Kola\u010di\u0107 je mala jednostavna datoteka koja se \u0161alje zajedno sa stranicama ove web stranice i koju va\u0161 preglednik sprema na tvrdi disk va\u0161eg ra\u010dunala ili drugog ure\u0111aja. Podaci pohranjeni u njemu mogu se vratiti na na\u0161e poslu\u017eitelje ili na poslu\u017eitelje relevantnih tre\u0107ih strana tijekom va\u0161eg sljede\u0107eg posjeta.<\/p><h2>3. \u0160to su skripte?<\/h2><p>Skripta je dio programskog koda koji se koristi za ispravno i interaktivno funkcioniranje na\u0161e web stranice. Ovaj kod se izvr\u0161ava na na\u0161em poslu\u017eitelju ili na va\u0161em ure\u0111aju.<\/p><h2>4. \u0160to je web beacon?<\/h2><p>Web beacon (ili oznaka piksela) je mali, nevidljivi dio teksta ili slike na web stranici koji se koristi za pra\u0107enje prometa na web stranici. Da biste to u\u010dinili, web trackeri pohranjuju razli\u010dite podatke o vama.<\/p><h2>5. Kola\u010di\u0107i<\/h2><p class=\"cmplz-subtitle\">5.1 Tehni\u010dki ili funkcionalni kola\u010di\u0107i<\/p><p>Neki kola\u010di\u0107i osiguravaju da odre\u0111eni dijelovi web stranice rade ispravno i da va\u0161e korisni\u010dke postavke ostanu poznate. Postavljanjem funkcionalnih kola\u010di\u0107a olak\u0161avamo vam posjet na\u0161oj web stranici. Na taj na\u010din ne morate vi\u0161e puta unositi iste podatke prilikom posjeta na\u0161oj web stranici i npr. artikli \u0107e ostati u va\u0161oj ko\u0161arici dok ne platite. Ove kola\u010di\u0107e mo\u017eemo postaviti bez va\u0161eg pristanka.<\/p><h2>6. Set kola\u010di\u0107a<\/h2><div id=\"cmplz-cookies-overview\"><details class=\"cmplz-dropdown cmplz-service-desc cmplz-dropdown-cookiepolicy\">\n\t<summary class=\"cmplz-service-header\"><div>\n\t\t<h3>Razni<\/h3>\n\t\t<p>Svrha istrage<\/p>\n\t\t<label for=\"cmplz_service_razno\" class=\"cmplz_consent_per_service_label\"><span class=\"screen-reader-text\">Suglasnost za uslugu razne<\/span><\/label>\n\t\t<input type=\"checkbox\" id=\"cmplz_service_razno\" class=\"cmplz-accept-service cmplz-hidden\" data-service=\"razno\" data-category=\"functional\"><\/div>\n\t<\/summary>\n\t<div class=\"cmplz-service-description\">\n\t\t<h4>Kori\u0161tenje<\/h4>\n\t\t<p><\/p>\n\t<\/div>\n\t<div class=\"cmplz-sharing-data\">\n\t\t<h4>Dijeljenje podataka<\/h4>\n\t\t<p>Dijeljenje podataka u tijeku<\/p>\n\t<\/div>\n\t<div class=\"cookies-per-purpose\">\n    <div class=\"purpose\"><h4>Svrha istrage<\/h4><\/div>\n    <div class=\"name-header\">\n\t<h5>Naziv<\/h5>\n<\/div>\n<div class=\"name\">_ga<\/div>\n<div class=\"retention-header\">\n\t<h5>Rok trajanja<\/h5>\n<\/div>\n<div class=\"retention\"><\/div>\n<div class=\"function-header\">\n\t<h5>Funkcija<\/h5>\n<\/div>\n<div class=\"function\"><\/div>\n<div class=\"name-header\">\n\t<h5>Naziv<\/h5>\n<\/div>\n<div class=\"name\">_ga_Q8D12B8SJ8<\/div>\n<div class=\"retention-header\">\n\t<h5>Rok trajanja<\/h5>\n<\/div>\n<div class=\"retention\"><\/div>\n<div class=\"function-header\">\n\t<h5>Funkcija<\/h5>\n<\/div>\n<div class=\"function\"><\/div>\n<div class=\"name-header\">\n\t<h5>Naziv<\/h5>\n<\/div>\n<div class=\"name\">2fuf6at4<\/div>\n<div class=\"retention-header\">\n\t<h5>Rok trajanja<\/h5>\n<\/div>\n<div class=\"retention\"><\/div>\n<div class=\"function-header\">\n\t<h5>Funkcija<\/h5>\n<\/div>\n<div class=\"function\"><\/div>\n<div class=\"name-header\">\n\t<h5>Naziv<\/h5>\n<\/div>\n<div class=\"name\">k7k80o55<\/div>\n<div class=\"retention-header\">\n\t<h5>Rok trajanja<\/h5>\n<\/div>\n<div class=\"retention\"><\/div>\n<div class=\"function-header\">\n\t<h5>Funkcija<\/h5>\n<\/div>\n<div class=\"function\"><\/div>\n<div class=\"name-header\">\n\t<h5>Naziv<\/h5>\n<\/div>\n<div class=\"name\">jd4mdtr6<\/div>\n<div class=\"retention-header\">\n\t<h5>Rok trajanja<\/h5>\n<\/div>\n<div class=\"retention\"><\/div>\n<div class=\"function-header\">\n\t<h5>Funkcija<\/h5>\n<\/div>\n<div class=\"function\"><\/div>\n<div class=\"name-header\">\n\t<h5>Naziv<\/h5>\n<\/div>\n<div class=\"name\">fpwchxd2<\/div>\n<div class=\"retention-header\">\n\t<h5>Rok trajanja<\/h5>\n<\/div>\n<div class=\"retention\"><\/div>\n<div class=\"function-header\">\n\t<h5>Funkcija<\/h5>\n<\/div>\n<div class=\"function\"><\/div>\n<div class=\"name-header\">\n\t<h5>Naziv<\/h5>\n<\/div>\n<div class=\"name\">pdqhrfdj<\/div>\n<div class=\"retention-header\">\n\t<h5>Rok trajanja<\/h5>\n<\/div>\n<div class=\"retention\"><\/div>\n<div class=\"function-header\">\n\t<h5>Funkcija<\/h5>\n<\/div>\n<div class=\"function\"><\/div>\n<div class=\"name-header\">\n\t<h5>Naziv<\/h5>\n<\/div>\n<div class=\"name\">367fomw3<\/div>\n<div class=\"retention-header\">\n\t<h5>Rok trajanja<\/h5>\n<\/div>\n<div class=\"retention\"><\/div>\n<div class=\"function-header\">\n\t<h5>Funkcija<\/h5>\n<\/div>\n<div class=\"function\"><\/div>\n<div class=\"name-header\">\n\t<h5>Naziv<\/h5>\n<\/div>\n<div class=\"name\">4nyi2d7r<\/div>\n<div class=\"retention-header\">\n\t<h5>Rok trajanja<\/h5>\n<\/div>\n<div class=\"retention\"><\/div>\n<div class=\"function-header\">\n\t<h5>Funkcija<\/h5>\n<\/div>\n<div class=\"function\"><\/div>\n<div class=\"name-header\">\n\t<h5>Naziv<\/h5>\n<\/div>\n<div class=\"name\">yx8zuzgu<\/div>\n<div class=\"retention-header\">\n\t<h5>Rok trajanja<\/h5>\n<\/div>\n<div class=\"retention\"><\/div>\n<div class=\"function-header\">\n\t<h5>Funkcija<\/h5>\n<\/div>\n<div class=\"function\"><\/div>\n<div class=\"name-header\">\n\t<h5>Naziv<\/h5>\n<\/div>\n<div class=\"name\">ydeyrekp<\/div>\n<div class=\"retention-header\">\n\t<h5>Rok trajanja<\/h5>\n<\/div>\n<div class=\"retention\"><\/div>\n<div class=\"function-header\">\n\t<h5>Funkcija<\/h5>\n<\/div>\n<div class=\"function\"><\/div>\n<div class=\"name-header\">\n\t<h5>Naziv<\/h5>\n<\/div>\n<div class=\"name\">dyzxokvk<\/div>\n<div class=\"retention-header\">\n\t<h5>Rok trajanja<\/h5>\n<\/div>\n<div class=\"retention\"><\/div>\n<div class=\"function-header\">\n\t<h5>Funkcija<\/h5>\n<\/div>\n<div class=\"function\"><\/div>\n<div class=\"name-header\">\n\t<h5>Naziv<\/h5>\n<\/div>\n<div class=\"name\">hskf493a<\/div>\n<div class=\"retention-header\">\n\t<h5>Rok trajanja<\/h5>\n<\/div>\n<div class=\"retention\"><\/div>\n<div class=\"function-header\">\n\t<h5>Funkcija<\/h5>\n<\/div>\n<div class=\"function\"><\/div>\n<div class=\"name-header\">\n\t<h5>Naziv<\/h5>\n<\/div>\n<div class=\"name\">selectedFormType<\/div>\n<div class=\"retention-header\">\n\t<h5>Rok trajanja<\/h5>\n<\/div>\n<div class=\"retention\"><\/div>\n<div class=\"function-header\">\n\t<h5>Funkcija<\/h5>\n<\/div>\n<div class=\"function\"><\/div>\n<div class=\"name-header\">\n\t<h5>Naziv<\/h5>\n<\/div>\n<div class=\"name\">emoji-mart.zadnji<\/div>\n<div class=\"retention-header\">\n\t<h5>Rok trajanja<\/h5>\n<\/div>\n<div class=\"retention\"><\/div>\n<div class=\"function-header\">\n\t<h5>Funkcija<\/h5>\n<\/div>\n<div class=\"function\"><\/div>\n<div class=\"name-header\">\n\t<h5>Naziv<\/h5>\n<\/div>\n<div class=\"name\">omWpApi<\/div>\n<div class=\"retention-header\">\n\t<h5>Rok trajanja<\/h5>\n<\/div>\n<div class=\"retention\"><\/div>\n<div class=\"function-header\">\n\t<h5>Funkcija<\/h5>\n<\/div>\n<div class=\"function\"><\/div>\n<div class=\"name-header\">\n\t<h5>Naziv<\/h5>\n<\/div>\n<div class=\"name\">emoji-mart.\u010desto<\/div>\n<div class=\"retention-header\">\n\t<h5>Rok trajanja<\/h5>\n<\/div>\n<div class=\"retention\"><\/div>\n<div class=\"function-header\">\n\t<h5>Funkcija<\/h5>\n<\/div>\n<div class=\"function\"><\/div>\n<div class=\"name-header\">\n\t<h5>Naziv<\/h5>\n<\/div>\n<div class=\"name\">postavke dnevnika<\/div>\n<div class=\"retention-header\">\n\t<h5>Rok trajanja<\/h5>\n<\/div>\n<div class=\"retention\"><\/div>\n<div class=\"function-header\">\n\t<h5>Funkcija<\/h5>\n<\/div>\n<div class=\"function\"><\/div>\n<div class=\"name-header\">\n\t<h5>Naziv<\/h5>\n<\/div>\n<div class=\"name\">zapisni\u010dka datoteka<\/div>\n<div class=\"retention-header\">\n\t<h5>Rok trajanja<\/h5>\n<\/div>\n<div class=\"retention\"><\/div>\n<div class=\"function-header\">\n\t<h5>Funkcija<\/h5>\n<\/div>\n<div class=\"function\"><\/div>\n<div class=\"name-header\">\n\t<h5>Naziv<\/h5>\n<\/div>\n<div class=\"name\">unosi po stranici<\/div>\n<div class=\"retention-header\">\n\t<h5>Rok trajanja<\/h5>\n<\/div>\n<div class=\"retention\"><\/div>\n<div class=\"function-header\">\n\t<h5>Funkcija<\/h5>\n<\/div>\n<div class=\"function\"><\/div>\n<div class=\"name-header\">\n\t<h5>Naziv<\/h5>\n<\/div>\n<div class=\"name\">1toibxv5<\/div>\n<div class=\"retention-header\">\n\t<h5>Rok trajanja<\/h5>\n<\/div>\n<div class=\"retention\"><\/div>\n<div class=\"function-header\">\n\t<h5>Funkcija<\/h5>\n<\/div>\n<div class=\"function\"><\/div>\n<div class=\"name-header\">\n\t<h5>Naziv<\/h5>\n<\/div>\n<div class=\"name\">j1c0hj1a<\/div>\n<div class=\"retention-header\">\n\t<h5>Rok trajanja<\/h5>\n<\/div>\n<div class=\"retention\"><\/div>\n<div class=\"function-header\">\n\t<h5>Funkcija<\/h5>\n<\/div>\n<div class=\"function\"><\/div>\n<div class=\"name-header\">\n\t<h5>Naziv<\/h5>\n<\/div>\n<div class=\"name\">ph1dy13n<\/div>\n<div class=\"retention-header\">\n\t<h5>Rok trajanja<\/h5>\n<\/div>\n<div class=\"retention\"><\/div>\n<div class=\"function-header\">\n\t<h5>Funkcija<\/h5>\n<\/div>\n<div class=\"function\"><\/div>\n<div class=\"name-header\">\n\t<h5>Naziv<\/h5>\n<\/div>\n<div class=\"name\">8w1zazp3<\/div>\n<div class=\"retention-header\">\n\t<h5>Rok trajanja<\/h5>\n<\/div>\n<div class=\"retention\"><\/div>\n<div class=\"function-header\">\n\t<h5>Funkcija<\/h5>\n<\/div>\n<div class=\"function\"><\/div>\n<div class=\"name-header\">\n\t<h5>Naziv<\/h5>\n<\/div>\n<div class=\"name\">c47mngya<\/div>\n<div class=\"retention-header\">\n\t<h5>Rok trajanja<\/h5>\n<\/div>\n<div class=\"retention\"><\/div>\n<div class=\"function-header\">\n\t<h5>Funkcija<\/h5>\n<\/div>\n<div class=\"function\"><\/div>\n<div class=\"name-header\">\n\t<h5>Naziv<\/h5>\n<\/div>\n<div class=\"name\">p4s885on<\/div>\n<div class=\"retention-header\">\n\t<h5>Rok trajanja<\/h5>\n<\/div>\n<div class=\"retention\"><\/div>\n<div class=\"function-header\">\n\t<h5>Funkcija<\/h5>\n<\/div>\n<div class=\"function\"><\/div>\n<div class=\"name-header\">\n\t<h5>Naziv<\/h5>\n<\/div>\n<div class=\"name\">drm1xvgt<\/div>\n<div class=\"retention-header\">\n\t<h5>Rok trajanja<\/h5>\n<\/div>\n<div class=\"retention\"><\/div>\n<div class=\"function-header\">\n\t<h5>Funkcija<\/h5>\n<\/div>\n<div class=\"function\"><\/div>\n<div class=\"name-header\">\n\t<h5>Naziv<\/h5>\n<\/div>\n<div class=\"name\">5kjkr0qu<\/div>\n<div class=\"retention-header\">\n\t<h5>Rok trajanja<\/h5>\n<\/div>\n<div class=\"retention\"><\/div>\n<div class=\"function-header\">\n\t<h5>Funkcija<\/h5>\n<\/div>\n<div class=\"function\"><\/div>\n<div class=\"name-header\">\n\t<h5>Naziv<\/h5>\n<\/div>\n<div class=\"name\">76koxdcg<\/div>\n<div class=\"retention-header\">\n\t<h5>Rok trajanja<\/h5>\n<\/div>\n<div class=\"retention\"><\/div>\n<div class=\"function-header\">\n\t<h5>Funkcija<\/h5>\n<\/div>\n<div class=\"function\"><\/div>\n<div class=\"name-header\">\n\t<h5>Naziv<\/h5>\n<\/div>\n<div class=\"name\">omVisitsFirst<\/div>\n<div class=\"retention-header\">\n\t<h5>Rok trajanja<\/h5>\n<\/div>\n<div class=\"retention\"><\/div>\n<div class=\"function-header\">\n\t<h5>Funkcija<\/h5>\n<\/div>\n<div class=\"function\"><\/div>\n<div class=\"name-header\">\n\t<h5>Naziv<\/h5>\n<\/div>\n<div class=\"name\">omVisits<\/div>\n<div class=\"retention-header\">\n\t<h5>Rok trajanja<\/h5>\n<\/div>\n<div class=\"retention\"><\/div>\n<div class=\"function-header\">\n\t<h5>Funkcija<\/h5>\n<\/div>\n<div class=\"function\"><\/div>\n<div class=\"name-header\">\n\t<h5>Naziv<\/h5>\n<\/div>\n<div class=\"name\">omSessionStart<\/div>\n<div class=\"retention-header\">\n\t<h5>Rok trajanja<\/h5>\n<\/div>\n<div class=\"retention\"><\/div>\n<div class=\"function-header\">\n\t<h5>Funkcija<\/h5>\n<\/div>\n<div class=\"function\"><\/div>\n<div class=\"name-header\">\n\t<h5>Naziv<\/h5>\n<\/div>\n<div class=\"name\">omScrollHeight<\/div>\n<div class=\"retention-header\">\n\t<h5>Rok trajanja<\/h5>\n<\/div>\n<div class=\"retention\"><\/div>\n<div class=\"function-header\">\n\t<h5>Funkcija<\/h5>\n<\/div>\n<div class=\"function\"><\/div>\n<div class=\"name-header\">\n\t<h5>Naziv<\/h5>\n<\/div>\n<div class=\"name\">omSessionPageviews<\/div>\n<div class=\"retention-header\">\n\t<h5>Rok trajanja<\/h5>\n<\/div>\n<div class=\"retention\"><\/div>\n<div class=\"function-header\">\n\t<h5>Funkcija<\/h5>\n<\/div>\n<div class=\"function\"><\/div>\n<div class=\"name-header\">\n\t<h5>Naziv<\/h5>\n<\/div>\n<div class=\"name\">adobeCleanFontAdded<\/div>\n<div class=\"retention-header\">\n\t<h5>Rok trajanja<\/h5>\n<\/div>\n<div class=\"retention\"><\/div>\n<div class=\"function-header\">\n\t<h5>Funkcija<\/h5>\n<\/div>\n<div class=\"function\"><\/div>\n<div class=\"name-header\">\n\t<h5>Naziv<\/h5>\n<\/div>\n<div class=\"name\">language<\/div>\n<div class=\"retention-header\">\n\t<h5>Rok trajanja<\/h5>\n<\/div>\n<div class=\"retention\"><\/div>\n<div class=\"function-header\">\n\t<h5>Funkcija<\/h5>\n<\/div>\n<div class=\"function\"><\/div>\n<div class=\"name-header\">\n\t<h5>Naziv<\/h5>\n<\/div>\n<div class=\"name\">_omappvp<\/div>\n<div class=\"retention-header\">\n\t<h5>Rok trajanja<\/h5>\n<\/div>\n<div class=\"retention\"><\/div>\n<div class=\"function-header\">\n\t<h5>Funkcija<\/h5>\n<\/div>\n<div class=\"function\"><\/div>\n<div class=\"name-header\">\n\t<h5>Naziv<\/h5>\n<\/div>\n<div class=\"name\">_omappvs<\/div>\n<div class=\"retention-header\">\n\t<h5>Rok trajanja<\/h5>\n<\/div>\n<div class=\"retention\"><\/div>\n<div class=\"function-header\">\n\t<h5>Funkcija<\/h5>\n<\/div>\n<div class=\"function\"><\/div>\n\n<\/div>\n<\/details>\n<\/div><h2>7. Dok<\/h2><p>Kada prvi put posjetite na\u0161u web-stranicu, prikazat \u0107emo vam sko\u010dni prozor s obja\u0161njenjem o kola\u010di\u0107ima. \u010cim kliknete na \"S\u00fctik elfogad\u00e1sa\", pristajete da koristimo sve kola\u010di\u0107e i dodatke kako je opisano u sko\u010dnom prozoru i ovim Pravilima o kola\u010di\u0107ima. Mo\u017eete onemogu\u0107iti kori\u0161tenje kola\u010di\u0107a putem svog preglednika, ali imajte na umu da na\u0161a web-stranica mo\u017eda vi\u0161e ne\u0107e raditi ispravno.<\/p><p class=\"cmplz-subtitle\">7.1 Upravljanje postavkama slijetanja<\/p><div id=\"cmplz-manage-consent-container-nojavascript\">U\u010ditali ste Politiku kola\u010di\u0107a bez podr\u0161ke za javascript. Na AMP-u mo\u017eete koristiti gumb za upravljanje odredi\u0161tem na dnu stranice.<\/div><div id=\"cmplz-manage-consent-container\" class=\"cmplz-manage-consent-container\"><\/div><h2>8. Omogu\u0107avanje\/onemogu\u0107avanje i brisanje kola\u010di\u0107a<\/h2><p>Mo\u017eete koristiti svoj internet preglednik za automatsko ili ru\u010dno brisanje kola\u010di\u0107a. Tako\u0111er mo\u017eete odrediti da se odre\u0111eni kola\u010di\u0107i ne smiju postaviti. Druga mogu\u0107nost je da promijenite postavke preglednika tako da primite poruku svaki put kada se postavi kola\u010di\u0107. Za vi\u0161e informacija o ovim opcijama pogledajte upute u odjeljku za pomo\u0107 va\u0161eg preglednika.<\/p><p>Imajte na umu da na\u0161a web stranica mo\u017eda ne\u0107e ispravno raditi ako su svi kola\u010di\u0107i onemogu\u0107eni. Ako izbri\u0161ete kola\u010di\u0107e u svom pregledniku, oni \u0107e se ponovno postaviti nakon va\u0161eg pristanka kada ponovno posjetite na\u0161u web stranicu.<\/p><h2>9. Va\u0161a prava u vezi s osobnim podacima<\/h2><p>Imate sljede\u0107a prava u vezi s Va\u0161im osobnim podacima:<\/p><ul>\n                    <li>Pravo na kori\u0161tenje osobnih podataka: Imate pravo znati za\u0161to su va\u0161i osobni podaci potrebni, \u0161to \u0107e se s njima dogoditi i koliko \u0107e se dugo \u010duvati.<\/li>\n                    <li>Pravo pristupa: Imate pravo pristupa svojim osobnim podacima koji su nam poznati.<\/li>\n                    <li>Pravo na ispravak: imate pravo dopuniti, ispraviti, izbrisati ili blokirati svoje osobne podatke kad god to \u017eelite.<\/li>\n                    <li>Ako nam date privolu za obradu Va\u0161ih podataka, imate pravo povu\u0107i tu privolu i izbrisati Va\u0161e osobne podatke.<\/li>\n                    <li>Pravo na prijenos podataka: imate pravo od voditelja obrade zatra\u017eiti sve svoje osobne podatke te ih u cijelosti prenijeti drugom voditelju obrade.<\/li>\n                    <li>Pravo na prigovor: mo\u017eete ulo\u017eiti prigovor na obradu Va\u0161ih podataka. Toga se pridr\u017eavamo, osim ako postoje opravdani razlozi za obradu.<\/li>\n                <\/ul><p>Za ostvarivanje ovih prava, molimo kontaktirajte nas. Pogledajte podatke za kontakt na dnu pravila o kola\u010di\u0107ima. Ako imate pritu\u017ebu na na\u010din na koji postupamo s va\u0161im podacima, \u017eeljeli bismo \u010duti va\u0161e mi\u0161ljenje, ali tako\u0111er imate pravo podnijeti pritu\u017ebu nadzornom tijelu (Tijelo za za\u0161titu podataka).<\/p><h2>10. Podaci za kontakt<\/h2><p>Za pitanja i\/ili komentare o na\u0161oj Politici kola\u010di\u0107a i ovoj izjavi, obratite nam se koriste\u0107i sljede\u0107e podatke za kontakt:<\/p><p><span class=\"cmplz-contact-organisation\">Tibor Szoke EV<\/span><br>\n                      <span class=\"cmplz-contact-address\">6400 Kiskunhalas, Batth\u00e1ny ulica. 54.<\/span><br>\n                      <span class=\"cmplz-contact-country\">Ma\u0111arska<\/span><br>\n                      <span class=\"cmplz-contact-domain\">Web stranica: <a href=\"https:\/\/winebase.hu\/qr\/hr\">https:\/\/winebase.hu\/qr\/hr<\/a><\/span><br>\n                      <span class=\"cmplz-contact-email\">E-mail: <span class=\"cmplz-obfuscate\">&#104;&#101;llo@<span class=\"cmplz-fmail-domain\">&#101;&#120;.com<\/span>&#119;&#105;&#110;&#101;ba&#115;e&#046;h&#117;<\/span><\/span><br>\n                    <span class=\"cmplz-contact-telephone\"><\/span><\/p><\/div>","protected":false},"excerpt":{"rendered":"","protected":false},"author":1,"featured_media":0,"parent":0,"menu_order":0,"comment_status":"closed","ping_status":"closed","template":"","meta":{"footnotes":""},"class_list":["post-320","page","type-page","status-publish","hentry"],"_links":{"self":[{"href":"https:\/\/winebase.hu\/qr\/hr\/wp-json\/wp\/v2\/pages\/320","targetHints":{"allow":["GET"]}}],"collection":[{"href":"https:\/\/winebase.hu\/qr\/hr\/wp-json\/wp\/v2\/pages"}],"about":[{"href":"https:\/\/winebase.hu\/qr\/hr\/wp-json\/wp\/v2\/types\/page"}],"author":[{"embeddable":true,"href":"https:\/\/winebase.hu\/qr\/hr\/wp-json\/wp\/v2\/users\/1"}],"replies":[{"embeddable":true,"href":"https:\/\/winebase.hu\/qr\/hr\/wp-json\/wp\/v2\/comments?post=320"}],"version-history":[{"count":1,"href":"https:\/\/winebase.hu\/qr\/hr\/wp-json\/wp\/v2\/pages\/320\/revisions"}],"predecessor-version":[{"id":327,"href":"https:\/\/winebase.hu\/qr\/hr\/wp-json\/wp\/v2\/pages\/320\/revisions\/327"}],"wp:attachment":[{"href":"https:\/\/winebase.hu\/qr\/hr\/wp-json\/wp\/v2\/media?parent=320"}],"curies":[{"name":"wp","href":"https:\/\/api.w.org\/{rel}","templated":true}]}}