{"id":339,"date":"2024-08-01T17:21:08","date_gmt":"2024-08-01T15:21:08","guid":{"rendered":"https:\/\/winebase.hu\/qr\/?page_id=339"},"modified":"2024-08-01T17:56:15","modified_gmt":"2024-08-01T15:56:15","slug":"impresszum","status":"publish","type":"page","link":"https:\/\/winebase.hu\/qr\/gd\/impresszum","title":{"rendered":"Cl\u00f2-bhualadh"},"content":{"rendered":"<p>Ainm: Tibor Szoke EV<\/p>\n\n\n\n<p>Se\u00f2ladh: 6400 Kiskunhalas, Batthy\u00e1ny u. 54.<\/p>\n\n\n\n<p>Post-d: hello [aig] winebase.hu&nbsp;<\/p>\n\n\n\n<p><\/p>\n\n\n\n<h2 class=\"wp-block-heading\">Fiosrachadh cl\u00e0raidh<\/h2>\n\n\n\n<p>\u00c0ireamh cl\u00e0raidh neach-tionnsgain fa leth: 31568894<\/p>\n\n\n\n<p>\u00c0ireamh c\u00ecse: 66084581-2-23<\/p>\n\n\n\n<p><\/p>\n\n\n\n<h2 class=\"wp-block-heading\">\u00c0icheadh<\/h2>\n\n\n\n<p>Tha am fiosrachadh air an l\u00e0rach-l\u00ecn airson adhbharan fiosrachaidh a-mh\u00e0in. Chan eil uallach air a\u2019 ghn\u00ecomhaiche airson cruinneas, iomlanachd agus iomchaidheachd an fhiosrachaidh air an l\u00e0rach-l\u00ecn.<\/p>\n\n\n\n<p><\/p>\n\n\n\n<h2 class=\"wp-block-heading\">Dlighe-sgr\u00ecobhaidh<\/h2>\n\n\n\n<p>Tha susbaint na l\u00e0raich-l\u00ecn air a dh\u00econ le dlighe-sgr\u00ecobhaidh. Chan urrainnear an susbaint a chleachdadh ach le cead sgr\u00ecobhte ro-l\u00e0imh bhon ghn\u00ecomhaiche.<\/p>\n\n\n\n<p><\/p>\n\n\n\n<h2 class=\"wp-block-heading\">Cuir fios<\/h2>\n\n\n\n<p>Neach-conaltraidh: Tibor Szoke<\/p>\n\n\n\n<p>Post-d: hello [aig] winebase.hu&nbsp;<\/p>","protected":false},"excerpt":{"rendered":"<p>N\u00e9v: Sz\u0151ke Tibor E.V. C\u00edm: 6400 Kiskunhalas, Batthy\u00e1ny u. 54. E-mail: hello[kukac]winebase.hu&nbsp; Regisztr\u00e1ci\u00f3s Inform\u00e1ci\u00f3k Egy\u00e9ni v\u00e1llalkoz\u00f3i nyilv\u00e1ntart\u00e1si sz\u00e1m: 31568894 Ad\u00f3sz\u00e1m: 66084581-2-23 Felel\u0151ss\u00e9gkiz\u00e1r\u00e1s A weboldalon tal\u00e1lhat\u00f3 inform\u00e1ci\u00f3k kiz\u00e1r\u00f3lag t\u00e1j\u00e9koztat\u00f3 jelleg\u0171ek. Az \u00fczemeltet\u0151 nem v\u00e1llal felel\u0151ss\u00e9get a weboldalon tal\u00e1lhat\u00f3 inform\u00e1ci\u00f3k pontoss\u00e1g\u00e1\u00e9rt, teljess\u00e9g\u00e9\u00e9rt \u00e9s aktualit\u00e1s\u00e1\u00e9rt. Szerz\u0151i Jogok A weboldal tartalma szerz\u0151i jogv\u00e9delem alatt \u00e1ll. A tartalmak felhaszn\u00e1l\u00e1sa kiz\u00e1r\u00f3lag [&hellip;]<\/p>","protected":false},"author":1,"featured_media":0,"parent":0,"menu_order":0,"comment_status":"closed","ping_status":"closed","template":"","meta":{"footnotes":""},"class_list":["post-339","page","type-page","status-publish","hentry"],"_links":{"self":[{"href":"https:\/\/winebase.hu\/qr\/gd\/wp-json\/wp\/v2\/pages\/339","targetHints":{"allow":["GET"]}}],"collection":[{"href":"https:\/\/winebase.hu\/qr\/gd\/wp-json\/wp\/v2\/pages"}],"about":[{"href":"https:\/\/winebase.hu\/qr\/gd\/wp-json\/wp\/v2\/types\/page"}],"author":[{"embeddable":true,"href":"https:\/\/winebase.hu\/qr\/gd\/wp-json\/wp\/v2\/users\/1"}],"replies":[{"embeddable":true,"href":"https:\/\/winebase.hu\/qr\/gd\/wp-json\/wp\/v2\/comments?post=339"}],"version-history":[{"count":2,"href":"https:\/\/winebase.hu\/qr\/gd\/wp-json\/wp\/v2\/pages\/339\/revisions"}],"predecessor-version":[{"id":343,"href":"https:\/\/winebase.hu\/qr\/gd\/wp-json\/wp\/v2\/pages\/339\/revisions\/343"}],"wp:attachment":[{"href":"https:\/\/winebase.hu\/qr\/gd\/wp-json\/wp\/v2\/media?parent=339"}],"curies":[{"name":"wp","href":"https:\/\/api.w.org\/{rel}","templated":true}]}}