{"id":320,"date":"2024-07-31T14:25:18","date_gmt":"2024-07-31T12:25:18","guid":{"rendered":"https:\/\/winebase.hu\/qr\/cookie-policy-eu"},"modified":"2024-08-01T16:44:19","modified_gmt":"2024-08-01T14:44:19","slug":"suti-szabalyzat","status":"publish","type":"page","link":"https:\/\/winebase.hu\/qr\/gd\/suti-szabalyzat","title":{"rendered":"Poileasaidh Briosgaidean"},"content":{"rendered":"<!-- Legal document generated by Complianz | GDPR\/CCPA Cookie Consent https:\/\/wordpress.org\/plugins\/complianz-gdpr -->\n<div id=\"cmplz-document\" class=\"cmplz-document cookie-statement cmplz-document-eu\"><p><i>Chaidh am Poileasaidh Briosgaidean seo \u00f9rachadh mu dheireadh air 2024.08.01. agus a\u2019 buntainn ri saoranaich agus luchd-c\u00f2mhnaidh laghail maireannach ann an Sg\u00ecre Eaconamach na h-E\u00f2rpa agus san Eilbheis.<\/i><br><\/p><h2>1. Ro-r\u00e0dh<\/h2><p>An l\u00e0rach-l\u00ecn againn, <a href=\"https:\/\/winebase.hu\/qr\/gd\">https:\/\/winebase.hu\/qr\/gd<\/a> (hereinafter: \"the website\") uses cookies and other related technologies (for convenience all technologies are referred to as \"cookies\"). Cookies are also placed by third parties we have engaged. In the document below we inform you about the use of cookies on our website.<\/p><h2>2. D\u00e8 a th&#039; ann am briosgaidean?<\/h2><p>Is e faidhle beag s\u00ecmplidh a th\u2019 ann am briosgaid a th\u00e8id a chuir c\u00f2mhla ri duilleagan na l\u00e0raich-l\u00ecn seo agus a st\u00f2radh leis a\u2019 bhrobhsair agad air draibh cruaidh a\u2019 choimpiutair agad no inneal eile. Faodar am fiosrachadh a tha air a st\u00f2radh ann a thilleadh gu na frithealaichean againn no gu frithealaichean nan treas ph\u00e0rtaidhean iomchaidh r\u00e8 turas \u00e0s deidh sin.<\/p><h2>3. D\u00e8 a th&#039; ann an sgriobtaichean?<\/h2><p>Is e p\u00ecos de ch\u00f2d pr\u00f2gram a th\u2019 ann an sgriobt a thathas a\u2019 cleachdadh gus ar l\u00e0rach-l\u00ecn obrachadh gu ceart agus gu h-eadar-obrachail. Tha an c\u00f2d seo air a chur gu b\u00e0s air an fhrithealaiche againn no air an inneal agad.<\/p><h2>4. D\u00e8 a th &#039;ann an beacon l\u00ecn?<\/h2><p>Tha l\u00f2chran l\u00ecn (no tag piogsail) na ph\u00ecos teacsa no \u00ecomhaigh beag, do-fhaicsinneach air l\u00e0rach-l\u00ecn a thathas a\u2019 cleachdadh gus s\u00f9il a chumail air trafaic air l\u00e0rach-l\u00ecn. Gus seo a dh\u00e8anamh, tha diofar d\u00e0ta mu do dheidhinn air a st\u00f2radh le l\u00f2chrain l\u00ecn.<\/p><h2>5. Briosgaidean<\/h2><p class=\"cmplz-subtitle\">5.1 Briosgaidean teicnigeach no gn\u00ecomh<\/p><p>Bidh cuid de bhriosgaidean a\u2019 d\u00e8anamh cinnteach gun obraich cuid de ph\u00e0irtean den l\u00e0rach-l\u00ecn gu ceart agus gu bheil fios fhathast air na roghainnean cleachdaiche agad. Le bhith a\u2019 cur briosgaidean gn\u00ecomh, bidh sinn ga dh\u00e8anamh nas fhasa dhut tadhal air an l\u00e0rach-l\u00ecn againn. San d\u00f2igh seo, cha leig thu a leas an aon fhiosrachadh a chuir a-steach a-rithist nuair a thadhlas tu air an l\u00e0rach-l\u00ecn againn agus, mar eisimpleir, bidh na stuthan a\u2019 fuireach sa chairt bh\u00f9than agad gus am bi thu air p\u00e0igheadh. Faodaidh sinn na briosgaidean sin a chuir \u00e0s aonais do chead.<\/p><h2>6. Briosgaidean air an cur<\/h2><div id=\"cmplz-cookies-overview\"><details class=\"cmplz-dropdown cmplz-service-desc cmplz-dropdown-cookiepolicy\">\n\t<summary class=\"cmplz-service-header\"><div>\n\t\t<h3>Measgachadh<\/h3>\n\t\t<p>Adhbhar a\u2019 feitheamh ri sgr\u00f9dadh<\/p>\n\t\t<label for=\"cmplz_service_miscellaneous\" class=\"cmplz_consent_per_service_label\"><span class=\"screen-reader-text\">Cead airson seirbheis measgaichte<\/span><\/label>\n\t\t<input type=\"checkbox\" id=\"cmplz_service_miscellaneous\" class=\"cmplz-accept-service cmplz-hidden\" data-service=\"miscellaneous\" data-category=\"functional\"><\/div>\n\t<\/summary>\n\t<div class=\"cmplz-service-description\">\n\t\t<h4>Cleachdadh<\/h4>\n\t\t<p><\/p>\n\t<\/div>\n\t<div class=\"cmplz-sharing-data\">\n\t\t<h4>A &#039;roinneadh d\u00e0ta<\/h4>\n\t\t<p>Tha roinneadh d\u00e0ta a\u2019 feitheamh ri sgr\u00f9dadh.<\/p>\n\t<\/div>\n\t<div class=\"cookies-per-purpose\">\n    <div class=\"purpose\"><h4>Adhbhar a\u2019 feitheamh ri sgr\u00f9dadh<\/h4><\/div>\n    <div class=\"name-header\">\n\t<h5>Ainm<\/h5>\n<\/div>\n<div class=\"name\">_ga<\/div>\n<div class=\"retention-header\">\n\t<h5>Cr\u00ecochnachadh<\/h5>\n<\/div>\n<div class=\"retention\"><\/div>\n<div class=\"function-header\">\n\t<h5>Gn\u00ecomh<\/h5>\n<\/div>\n<div class=\"function\"><\/div>\n<div class=\"name-header\">\n\t<h5>Ainm<\/h5>\n<\/div>\n<div class=\"name\">_ga_Q8D12B8SJ8<\/div>\n<div class=\"retention-header\">\n\t<h5>Cr\u00ecochnachadh<\/h5>\n<\/div>\n<div class=\"retention\"><\/div>\n<div class=\"function-header\">\n\t<h5>Gn\u00ecomh<\/h5>\n<\/div>\n<div class=\"function\"><\/div>\n<div class=\"name-header\">\n\t<h5>Ainm<\/h5>\n<\/div>\n<div class=\"name\">2fuf6at4<\/div>\n<div class=\"retention-header\">\n\t<h5>Cr\u00ecochnachadh<\/h5>\n<\/div>\n<div class=\"retention\"><\/div>\n<div class=\"function-header\">\n\t<h5>Gn\u00ecomh<\/h5>\n<\/div>\n<div class=\"function\"><\/div>\n<div class=\"name-header\">\n\t<h5>Ainm<\/h5>\n<\/div>\n<div class=\"name\">k7k80o55<\/div>\n<div class=\"retention-header\">\n\t<h5>Cr\u00ecochnachadh<\/h5>\n<\/div>\n<div class=\"retention\"><\/div>\n<div class=\"function-header\">\n\t<h5>Gn\u00ecomh<\/h5>\n<\/div>\n<div class=\"function\"><\/div>\n<div class=\"name-header\">\n\t<h5>Ainm<\/h5>\n<\/div>\n<div class=\"name\">jd4mdtr6<\/div>\n<div class=\"retention-header\">\n\t<h5>Cr\u00ecochnachadh<\/h5>\n<\/div>\n<div class=\"retention\"><\/div>\n<div class=\"function-header\">\n\t<h5>Gn\u00ecomh<\/h5>\n<\/div>\n<div class=\"function\"><\/div>\n<div class=\"name-header\">\n\t<h5>Ainm<\/h5>\n<\/div>\n<div class=\"name\">fpwchxd2<\/div>\n<div class=\"retention-header\">\n\t<h5>Cr\u00ecochnachadh<\/h5>\n<\/div>\n<div class=\"retention\"><\/div>\n<div class=\"function-header\">\n\t<h5>Gn\u00ecomh<\/h5>\n<\/div>\n<div class=\"function\"><\/div>\n<div class=\"name-header\">\n\t<h5>Ainm<\/h5>\n<\/div>\n<div class=\"name\">pdqhrfdj<\/div>\n<div class=\"retention-header\">\n\t<h5>Cr\u00ecochnachadh<\/h5>\n<\/div>\n<div class=\"retention\"><\/div>\n<div class=\"function-header\">\n\t<h5>Gn\u00ecomh<\/h5>\n<\/div>\n<div class=\"function\"><\/div>\n<div class=\"name-header\">\n\t<h5>Ainm<\/h5>\n<\/div>\n<div class=\"name\">367 fogh3<\/div>\n<div class=\"retention-header\">\n\t<h5>Cr\u00ecochnachadh<\/h5>\n<\/div>\n<div class=\"retention\"><\/div>\n<div class=\"function-header\">\n\t<h5>Gn\u00ecomh<\/h5>\n<\/div>\n<div class=\"function\"><\/div>\n<div class=\"name-header\">\n\t<h5>Ainm<\/h5>\n<\/div>\n<div class=\"name\">4nyi2d7r<\/div>\n<div class=\"retention-header\">\n\t<h5>Cr\u00ecochnachadh<\/h5>\n<\/div>\n<div class=\"retention\"><\/div>\n<div class=\"function-header\">\n\t<h5>Gn\u00ecomh<\/h5>\n<\/div>\n<div class=\"function\"><\/div>\n<div class=\"name-header\">\n\t<h5>Ainm<\/h5>\n<\/div>\n<div class=\"name\">yx8zuzgu<\/div>\n<div class=\"retention-header\">\n\t<h5>Cr\u00ecochnachadh<\/h5>\n<\/div>\n<div class=\"retention\"><\/div>\n<div class=\"function-header\">\n\t<h5>Gn\u00ecomh<\/h5>\n<\/div>\n<div class=\"function\"><\/div>\n<div class=\"name-header\">\n\t<h5>Ainm<\/h5>\n<\/div>\n<div class=\"name\">aidhearkp<\/div>\n<div class=\"retention-header\">\n\t<h5>Cr\u00ecochnachadh<\/h5>\n<\/div>\n<div class=\"retention\"><\/div>\n<div class=\"function-header\">\n\t<h5>Gn\u00ecomh<\/h5>\n<\/div>\n<div class=\"function\"><\/div>\n<div class=\"name-header\">\n\t<h5>Ainm<\/h5>\n<\/div>\n<div class=\"name\">diog<\/div>\n<div class=\"retention-header\">\n\t<h5>Cr\u00ecochnachadh<\/h5>\n<\/div>\n<div class=\"retention\"><\/div>\n<div class=\"function-header\">\n\t<h5>Gn\u00ecomh<\/h5>\n<\/div>\n<div class=\"function\"><\/div>\n<div class=\"name-header\">\n\t<h5>Ainm<\/h5>\n<\/div>\n<div class=\"name\">hskf493a<\/div>\n<div class=\"retention-header\">\n\t<h5>Cr\u00ecochnachadh<\/h5>\n<\/div>\n<div class=\"retention\"><\/div>\n<div class=\"function-header\">\n\t<h5>Gn\u00ecomh<\/h5>\n<\/div>\n<div class=\"function\"><\/div>\n<div class=\"name-header\">\n\t<h5>Ainm<\/h5>\n<\/div>\n<div class=\"name\">Se\u00f2rsa Foirm taghte<\/div>\n<div class=\"retention-header\">\n\t<h5>Cr\u00ecochnachadh<\/h5>\n<\/div>\n<div class=\"retention\"><\/div>\n<div class=\"function-header\">\n\t<h5>Gn\u00ecomh<\/h5>\n<\/div>\n<div class=\"function\"><\/div>\n<div class=\"name-header\">\n\t<h5>Ainm<\/h5>\n<\/div>\n<div class=\"name\">emoji-mart.last<\/div>\n<div class=\"retention-header\">\n\t<h5>Cr\u00ecochnachadh<\/h5>\n<\/div>\n<div class=\"retention\"><\/div>\n<div class=\"function-header\">\n\t<h5>Gn\u00ecomh<\/h5>\n<\/div>\n<div class=\"function\"><\/div>\n<div class=\"name-header\">\n\t<h5>Ainm<\/h5>\n<\/div>\n<div class=\"name\">omWpApi<\/div>\n<div class=\"retention-header\">\n\t<h5>Cr\u00ecochnachadh<\/h5>\n<\/div>\n<div class=\"retention\"><\/div>\n<div class=\"function-header\">\n\t<h5>Gn\u00ecomh<\/h5>\n<\/div>\n<div class=\"function\"><\/div>\n<div class=\"name-header\">\n\t<h5>Ainm<\/h5>\n<\/div>\n<div class=\"name\">emoji-mart.gu tric<\/div>\n<div class=\"retention-header\">\n\t<h5>Cr\u00ecochnachadh<\/h5>\n<\/div>\n<div class=\"retention\"><\/div>\n<div class=\"function-header\">\n\t<h5>Gn\u00ecomh<\/h5>\n<\/div>\n<div class=\"function\"><\/div>\n<div class=\"name-header\">\n\t<h5>Ainm<\/h5>\n<\/div>\n<div class=\"name\">roghainnean log<\/div>\n<div class=\"retention-header\">\n\t<h5>Cr\u00ecochnachadh<\/h5>\n<\/div>\n<div class=\"retention\"><\/div>\n<div class=\"function-header\">\n\t<h5>Gn\u00ecomh<\/h5>\n<\/div>\n<div class=\"function\"><\/div>\n<div class=\"name-header\">\n\t<h5>Ainm<\/h5>\n<\/div>\n<div class=\"name\">faidhle log<\/div>\n<div class=\"retention-header\">\n\t<h5>Cr\u00ecochnachadh<\/h5>\n<\/div>\n<div class=\"retention\"><\/div>\n<div class=\"function-header\">\n\t<h5>Gn\u00ecomh<\/h5>\n<\/div>\n<div class=\"function\"><\/div>\n<div class=\"name-header\">\n\t<h5>Ainm<\/h5>\n<\/div>\n<div class=\"name\">inntrigidheanPage<\/div>\n<div class=\"retention-header\">\n\t<h5>Cr\u00ecochnachadh<\/h5>\n<\/div>\n<div class=\"retention\"><\/div>\n<div class=\"function-header\">\n\t<h5>Gn\u00ecomh<\/h5>\n<\/div>\n<div class=\"function\"><\/div>\n<div class=\"name-header\">\n\t<h5>Ainm<\/h5>\n<\/div>\n<div class=\"name\">1 toibxv5<\/div>\n<div class=\"retention-header\">\n\t<h5>Cr\u00ecochnachadh<\/h5>\n<\/div>\n<div class=\"retention\"><\/div>\n<div class=\"function-header\">\n\t<h5>Gn\u00ecomh<\/h5>\n<\/div>\n<div class=\"function\"><\/div>\n<div class=\"name-header\">\n\t<h5>Ainm<\/h5>\n<\/div>\n<div class=\"name\">j1c0hj1a<\/div>\n<div class=\"retention-header\">\n\t<h5>Cr\u00ecochnachadh<\/h5>\n<\/div>\n<div class=\"retention\"><\/div>\n<div class=\"function-header\">\n\t<h5>Gn\u00ecomh<\/h5>\n<\/div>\n<div class=\"function\"><\/div>\n<div class=\"name-header\">\n\t<h5>Ainm<\/h5>\n<\/div>\n<div class=\"name\">ph1d13n<\/div>\n<div class=\"retention-header\">\n\t<h5>Cr\u00ecochnachadh<\/h5>\n<\/div>\n<div class=\"retention\"><\/div>\n<div class=\"function-header\">\n\t<h5>Gn\u00ecomh<\/h5>\n<\/div>\n<div class=\"function\"><\/div>\n<div class=\"name-header\">\n\t<h5>Ainm<\/h5>\n<\/div>\n<div class=\"name\">8w1zazp3<\/div>\n<div class=\"retention-header\">\n\t<h5>Cr\u00ecochnachadh<\/h5>\n<\/div>\n<div class=\"retention\"><\/div>\n<div class=\"function-header\">\n\t<h5>Gn\u00ecomh<\/h5>\n<\/div>\n<div class=\"function\"><\/div>\n<div class=\"name-header\">\n\t<h5>Ainm<\/h5>\n<\/div>\n<div class=\"name\">c47mh<\/div>\n<div class=\"retention-header\">\n\t<h5>Cr\u00ecochnachadh<\/h5>\n<\/div>\n<div class=\"retention\"><\/div>\n<div class=\"function-header\">\n\t<h5>Gn\u00ecomh<\/h5>\n<\/div>\n<div class=\"function\"><\/div>\n<div class=\"name-header\">\n\t<h5>Ainm<\/h5>\n<\/div>\n<div class=\"name\">p4s885 air<\/div>\n<div class=\"retention-header\">\n\t<h5>Cr\u00ecochnachadh<\/h5>\n<\/div>\n<div class=\"retention\"><\/div>\n<div class=\"function-header\">\n\t<h5>Gn\u00ecomh<\/h5>\n<\/div>\n<div class=\"function\"><\/div>\n<div class=\"name-header\">\n\t<h5>Ainm<\/h5>\n<\/div>\n<div class=\"name\">drm1xvgt<\/div>\n<div class=\"retention-header\">\n\t<h5>Cr\u00ecochnachadh<\/h5>\n<\/div>\n<div class=\"retention\"><\/div>\n<div class=\"function-header\">\n\t<h5>Gn\u00ecomh<\/h5>\n<\/div>\n<div class=\"function\"><\/div>\n<div class=\"name-header\">\n\t<h5>Ainm<\/h5>\n<\/div>\n<div class=\"name\">5kjkr0qu<\/div>\n<div class=\"retention-header\">\n\t<h5>Cr\u00ecochnachadh<\/h5>\n<\/div>\n<div class=\"retention\"><\/div>\n<div class=\"function-header\">\n\t<h5>Gn\u00ecomh<\/h5>\n<\/div>\n<div class=\"function\"><\/div>\n<div class=\"name-header\">\n\t<h5>Ainm<\/h5>\n<\/div>\n<div class=\"name\">76 dcg<\/div>\n<div class=\"retention-header\">\n\t<h5>Cr\u00ecochnachadh<\/h5>\n<\/div>\n<div class=\"retention\"><\/div>\n<div class=\"function-header\">\n\t<h5>Gn\u00ecomh<\/h5>\n<\/div>\n<div class=\"function\"><\/div>\n<div class=\"name-header\">\n\t<h5>Ainm<\/h5>\n<\/div>\n<div class=\"name\">omVisitsFirst<\/div>\n<div class=\"retention-header\">\n\t<h5>Cr\u00ecochnachadh<\/h5>\n<\/div>\n<div class=\"retention\"><\/div>\n<div class=\"function-header\">\n\t<h5>Gn\u00ecomh<\/h5>\n<\/div>\n<div class=\"function\"><\/div>\n<div class=\"name-header\">\n\t<h5>Ainm<\/h5>\n<\/div>\n<div class=\"name\">omVisits<\/div>\n<div class=\"retention-header\">\n\t<h5>Cr\u00ecochnachadh<\/h5>\n<\/div>\n<div class=\"retention\"><\/div>\n<div class=\"function-header\">\n\t<h5>Gn\u00ecomh<\/h5>\n<\/div>\n<div class=\"function\"><\/div>\n<div class=\"name-header\">\n\t<h5>Ainm<\/h5>\n<\/div>\n<div class=\"name\">omSessionStart<\/div>\n<div class=\"retention-header\">\n\t<h5>Cr\u00ecochnachadh<\/h5>\n<\/div>\n<div class=\"retention\"><\/div>\n<div class=\"function-header\">\n\t<h5>Gn\u00ecomh<\/h5>\n<\/div>\n<div class=\"function\"><\/div>\n<div class=\"name-header\">\n\t<h5>Ainm<\/h5>\n<\/div>\n<div class=\"name\">omScrollHeight<\/div>\n<div class=\"retention-header\">\n\t<h5>Cr\u00ecochnachadh<\/h5>\n<\/div>\n<div class=\"retention\"><\/div>\n<div class=\"function-header\">\n\t<h5>Gn\u00ecomh<\/h5>\n<\/div>\n<div class=\"function\"><\/div>\n<div class=\"name-header\">\n\t<h5>Ainm<\/h5>\n<\/div>\n<div class=\"name\">omSessionPageviews<\/div>\n<div class=\"retention-header\">\n\t<h5>Cr\u00ecochnachadh<\/h5>\n<\/div>\n<div class=\"retention\"><\/div>\n<div class=\"function-header\">\n\t<h5>Gn\u00ecomh<\/h5>\n<\/div>\n<div class=\"function\"><\/div>\n<div class=\"name-header\">\n\t<h5>Ainm<\/h5>\n<\/div>\n<div class=\"name\">adobeCleanFontAdded<\/div>\n<div class=\"retention-header\">\n\t<h5>Cr\u00ecochnachadh<\/h5>\n<\/div>\n<div class=\"retention\"><\/div>\n<div class=\"function-header\">\n\t<h5>Gn\u00ecomh<\/h5>\n<\/div>\n<div class=\"function\"><\/div>\n<div class=\"name-header\">\n\t<h5>Ainm<\/h5>\n<\/div>\n<div class=\"name\">language<\/div>\n<div class=\"retention-header\">\n\t<h5>Cr\u00ecochnachadh<\/h5>\n<\/div>\n<div class=\"retention\"><\/div>\n<div class=\"function-header\">\n\t<h5>Gn\u00ecomh<\/h5>\n<\/div>\n<div class=\"function\"><\/div>\n<div class=\"name-header\">\n\t<h5>Ainm<\/h5>\n<\/div>\n<div class=\"name\">_omappvp<\/div>\n<div class=\"retention-header\">\n\t<h5>Cr\u00ecochnachadh<\/h5>\n<\/div>\n<div class=\"retention\"><\/div>\n<div class=\"function-header\">\n\t<h5>Gn\u00ecomh<\/h5>\n<\/div>\n<div class=\"function\"><\/div>\n<div class=\"name-header\">\n\t<h5>Ainm<\/h5>\n<\/div>\n<div class=\"name\">_omappvs<\/div>\n<div class=\"retention-header\">\n\t<h5>Cr\u00ecochnachadh<\/h5>\n<\/div>\n<div class=\"retention\"><\/div>\n<div class=\"function-header\">\n\t<h5>Gn\u00ecomh<\/h5>\n<\/div>\n<div class=\"function\"><\/div>\n\n<\/div>\n<\/details>\n<\/div><h2>7. Cead<\/h2><p>When you visit our website for the first time, we will show you a pop-up with an explanation about cookies. As soon as you click on \"S\u00fctik elfogad\u00e1sa\", you consent to us using all cookies and plug-ins as described in the pop-up and this Cookie Policy. You can disable the use of cookies via your browser, but please note that our website may no longer work properly.<\/p><p class=\"cmplz-subtitle\">7.1 Sti\u00f9irich na roghainnean cead agad<\/p><div id=\"cmplz-manage-consent-container-nojavascript\">Tha thu air am Poileasaidh Briosgaidean a luchdachadh \u00e0s aonais taic javascript. Air AMP, faodaidh tu am putan cead riaghlaidh a chleachdadh aig bonn na duilleige.<\/div><div id=\"cmplz-manage-consent-container\" class=\"cmplz-manage-consent-container\"><\/div><h2>8. A&#039; comasachadh\/a&#039; cur \u00e0 comas agus a&#039; sguabadh \u00e0s bhriosgaidean<\/h2><p>Faodaidh tu do bhrobhsair eadar-l\u00ecn a chleachdadh gus briosgaidean a dhubhadh \u00e0s gu f\u00e8in-ghluasadach no le l\u00e0imh. Faodaidh tu cuideachd s\u00f2nrachadh gur d\u00f2cha nach t\u00e8id briosgaidean s\u00f2nraichte a chuir. Is e roghainn eile roghainnean do bhrobhsair eadar-l\u00ecn atharrachadh gus am faigh thu teachdaireachd gach uair a th\u00e8id briosgaid a chuir. Airson tuilleadh fiosrachaidh mu na roghainnean sin, thoir s\u00f9il air an sti\u00f9ireadh anns an earrann Cobhair den bhrobhsair agad.<\/p><p>Thoir an aire gur d\u00f2cha nach obraich an l\u00e0rach-l\u00ecn againn ceart ma tha a h-uile briosgaid \u00e0 comas. Ma sguabas tu \u00e0s na briosgaidean sa bhrobhsair agad, th\u00e8id an cur a-rithist \u00e0s deidh do chead nuair a thadhlas tu air an l\u00e0rach-l\u00ecn againn a-rithist.<\/p><h2>9. Do ch\u00f2raichean a thaobh d\u00e0ta pearsanta<\/h2><p>Tha na c\u00f2raichean a leanas agad a thaobh an d\u00e0ta pearsanta agad:<\/p><ul>\n                    <li>Tha a\u2019 ch\u00f2ir agad fios a bhith agad carson a tha feum air an d\u00e0ta pearsanta agad, d\u00e8 thachras dha, agus d\u00e8 cho fada \u2018s a th\u00e8id a chumail.<\/li>\n                    <li>C\u00f2ir ruigsinneachd: Tha c\u00f2ir agad cothrom fhaighinn air an d\u00e0ta pearsanta agad a tha aithnichte dhuinn.<\/li>\n                    <li>C\u00f2ir ceartachaidh: tha c\u00f2ir agad cur ris, ceartachadh, sguabadh \u00e0s no bacadh air an d\u00e0ta pearsanta agad uair sam bith a thogras tu.<\/li>\n                    <li>Ma bheir thu dhuinn do chead airson an d\u00e0ta agad a phr\u00f2iseasadh, tha a\u2019 ch\u00f2ir agad an cead sin a ch\u00f9l-ghairm agus an d\u00e0ta pearsanta agad a dhubhadh \u00e0s.<\/li>\n                    <li>C\u00f2ir an d\u00e0ta agad a ghluasad: tha c\u00f2ir agad an d\u00e0ta pearsanta agad gu l\u00e8ir iarraidh bhon rianadair agus a ghluasad gu h-iomlan gu rianadair eile.<\/li>\n                    <li>C\u00f2ir cur an aghaidh: faodaidh tu gearan a dh\u00e8anamh an aghaidh giullachd an d\u00e0ta agad. Bidh sinn a\u2019 g\u00e8illeadh ri seo, mura h-eil adhbharan reusanta ann airson giullachd.<\/li>\n                <\/ul><p>Gus na c\u00f2raichean seo a chleachdadh, cuir fios thugainn. Feuch an toir thu s\u00f9il air an fhiosrachadh conaltraidh aig bonn a\u2019 Phoileasaidh Cookie seo. Ma tha gearan agad mu mar a l\u00e0imhsicheas sinn an d\u00e0ta agad, bu mhath leinn cluinntinn bhuat, ach tha c\u00f2ir agad cuideachd gearan a chuir chun \u00f9ghdarras sti\u00f9iridh (an t-\u00d9ghdarras D\u00econ D\u00e0ta).<\/p><h2>10. Fiosrachadh conaltraidh<\/h2><p>Airson ceistean agus\/no beachdan mun Phoileasaidh Cookie againn agus an aithris seo, cuir fios thugainn a\u2019 cleachdadh an fhiosrachaidh conaltraidh a leanas:<\/p><p><span class=\"cmplz-contact-organisation\">Tibor Szoke EV<\/span><br>\n                      <span class=\"cmplz-contact-address\">6400 Kiskunhalas, sr\u00e0id Batth\u00e1ny. 54.<\/span><br>\n                      <span class=\"cmplz-contact-country\">An Ungair<\/span><br>\n                      <span class=\"cmplz-contact-domain\">L\u00e0rach-l\u00ecn: <a href=\"https:\/\/winebase.hu\/qr\/gd\">https:\/\/winebase.hu\/qr\/gd<\/a><\/span><br>\n                      <span class=\"cmplz-contact-email\">Post-d: <span class=\"cmplz-obfuscate\">&#104;&#101;&#108;lo@<span class=\"cmplz-fmail-domain\">&#101;x&#046;&#099;om<\/span>&#119;i&#110;ebas&#101;.&#104;&#117;<\/span><\/span><br>\n                    <span class=\"cmplz-contact-telephone\"><\/span><\/p><\/div>","protected":false},"excerpt":{"rendered":"","protected":false},"author":1,"featured_media":0,"parent":0,"menu_order":0,"comment_status":"closed","ping_status":"closed","template":"","meta":{"footnotes":""},"class_list":["post-320","page","type-page","status-publish","hentry"],"_links":{"self":[{"href":"https:\/\/winebase.hu\/qr\/gd\/wp-json\/wp\/v2\/pages\/320","targetHints":{"allow":["GET"]}}],"collection":[{"href":"https:\/\/winebase.hu\/qr\/gd\/wp-json\/wp\/v2\/pages"}],"about":[{"href":"https:\/\/winebase.hu\/qr\/gd\/wp-json\/wp\/v2\/types\/page"}],"author":[{"embeddable":true,"href":"https:\/\/winebase.hu\/qr\/gd\/wp-json\/wp\/v2\/users\/1"}],"replies":[{"embeddable":true,"href":"https:\/\/winebase.hu\/qr\/gd\/wp-json\/wp\/v2\/comments?post=320"}],"version-history":[{"count":1,"href":"https:\/\/winebase.hu\/qr\/gd\/wp-json\/wp\/v2\/pages\/320\/revisions"}],"predecessor-version":[{"id":327,"href":"https:\/\/winebase.hu\/qr\/gd\/wp-json\/wp\/v2\/pages\/320\/revisions\/327"}],"wp:attachment":[{"href":"https:\/\/winebase.hu\/qr\/gd\/wp-json\/wp\/v2\/media?parent=320"}],"curies":[{"name":"wp","href":"https:\/\/api.w.org\/{rel}","templated":true}]}}