{"id":320,"date":"2024-07-31T14:25:18","date_gmt":"2024-07-31T12:25:18","guid":{"rendered":"https:\/\/winebase.hu\/qr\/cookie-policy-eu"},"modified":"2024-08-01T16:44:19","modified_gmt":"2024-08-01T14:44:19","slug":"suti-szabalyzat","status":"publish","type":"page","link":"https:\/\/winebase.hu\/qr\/fi\/suti-szabalyzat","title":{"rendered":"Ev\u00e4stek\u00e4yt\u00e4nt\u00f6"},"content":{"rendered":"<!-- Legal document generated by Complianz | GDPR\/CCPA Cookie Consent https:\/\/wordpress.org\/plugins\/complianz-gdpr -->\n<div id=\"cmplz-document\" class=\"cmplz-document cookie-statement cmplz-document-eu\"><p><i>T\u00e4m\u00e4 ev\u00e4stek\u00e4yt\u00e4nt\u00f6 p\u00e4ivitettiin viimeksi 2024.08.01., ja se koskee Euroopan talousalueen ja Sveitsin pysyvi\u00e4 asukkaita.<\/i><br><\/p><h2>1. Johdanto<\/h2><p>Verkkosivustomme, <a href=\"https:\/\/winebase.hu\/qr\/fi\">https:\/\/winebase.hu\/qr\/fi<\/a> (\"Verkkosivusto\") k\u00e4ytt\u00e4\u00e4 ev\u00e4steit\u00e4 ja muita niihin liittyvi\u00e4 tekniikoita (k\u00e4yt\u00e4nn\u00f6llisiss\u00e4 tarkoituksissa viittaamme kaikkiin tekniikoihin nimell\u00e4 \"ev\u00e4steet\"). Ev\u00e4steit\u00e4 k\u00e4ytt\u00e4v\u00e4t my\u00f6s kolmannet osapuolet, joiden kanssa teemme yhteisty\u00f6t\u00e4. Alla olevassa asiakirjassa selostamme Verkkosivustomme k\u00e4ytt\u00e4m\u00e4t ev\u00e4steet.<\/p><h2>2. Mit\u00e4 ev\u00e4steet ovat?<\/h2><p>Ev\u00e4ste on pieni, yksinkertainen tiedosto, joka l\u00e4hetet\u00e4\u00e4n verkkosivuston mukana ja jonka selaimesi tallentaa tietokoneesi tai muun laitteesi kiintolevylle. Siihen tallennetut tiedot voidaan palauttaa palvelimillemme tai asianomaisten kolmansien osapuolten palvelimille seuraavan vierailusi yhteydess\u00e4.<\/p><h2>3. Mit\u00e4 skriptit ovat?<\/h2><p>Skripti on ohjelmointikoodi, jonka avulla verkkosivustomme toimii oikein ja vuorovaikutteisesti. T\u00e4m\u00e4 koodi suoritetaan joko palvelimellamme tai laitteellasi.<\/p><h2>4. Mik\u00e4 on verkkomajakka?<\/h2><p>Verkkomajakka (tai pikselitunniste) on pieni, n\u00e4kym\u00e4t\u00f6n teksti tai kuva verkkosivustolla, jota k\u00e4ytet\u00e4\u00e4n verkkosivuston liikenteen seuraamiseen tallentamalla erilaisia tietoja sinusta verkkomajakoiden avulla.<\/p><h2>5. Ev\u00e4steet<\/h2><p class=\"cmplz-subtitle\">5.1 Tekniset tai toiminnalliset ev\u00e4steet<\/p><p>Jotkin ev\u00e4steet varmistavat, ett\u00e4 tietyt verkkosivuston osat toimivat oikein ja ett\u00e4 k\u00e4ytt\u00e4j\u00e4n asetukset pysyv\u00e4t tiedossa. Asettamalla toiminnallisia ev\u00e4steit\u00e4 helpotamme verkkosivustollamme vierailua. T\u00e4m\u00e4 tarkoittaa, ett\u00e4 sinun ei tarvitse sy\u00f6tt\u00e4\u00e4 samoja tietoja toistuvasti, kun vierailet verkkosivustollamme, ja esimerkiksi tuotteet pysyv\u00e4t ostoskorissasi, kunnes olet maksanut. Voimme asettaa n\u00e4it\u00e4 ev\u00e4steit\u00e4 ilman suostumustasi.<\/p><h2>6. Ev\u00e4steet asetettu<\/h2><div id=\"cmplz-cookies-overview\"><details class=\"cmplz-dropdown cmplz-service-desc cmplz-dropdown-cookiepolicy\">\n\t<summary class=\"cmplz-service-header\"><div>\n\t\t<h3>Sekalaiset<\/h3>\n\t\t<p>Kertomuksen tarkoitus<\/p>\n\t\t<label for=\"cmplz_service_sekalaista\" class=\"cmplz_consent_per_service_label\"><span class=\"screen-reader-text\">Suostumus tiedoksiantoon sekalaiset<\/span><\/label>\n\t\t<input type=\"checkbox\" id=\"cmplz_service_sekalaista\" class=\"cmplz-accept-service cmplz-hidden\" data-service=\"sekalaista\" data-category=\"functional\"><\/div>\n\t<\/summary>\n\t<div class=\"cmplz-service-description\">\n\t\t<h4>K\u00e4yt\u00e4<\/h4>\n\t\t<p><\/p>\n\t<\/div>\n\t<div class=\"cmplz-sharing-data\">\n\t\t<h4>Tietojen jakaminen<\/h4>\n\t\t<p>Tietojen jakaminen tutkimuksia odotettaessa<\/p>\n\t<\/div>\n\t<div class=\"cookies-per-purpose\">\n    <div class=\"purpose\"><h4>Kertomuksen tarkoitus<\/h4><\/div>\n    <div class=\"name-header\">\n\t<h5>Nimi<\/h5>\n<\/div>\n<div class=\"name\">_ga<\/div>\n<div class=\"retention-header\">\n\t<h5>Ik\u00e4\u00e4ntyminen<\/h5>\n<\/div>\n<div class=\"retention\"><\/div>\n<div class=\"function-header\">\n\t<h5>Toiminto<\/h5>\n<\/div>\n<div class=\"function\"><\/div>\n<div class=\"name-header\">\n\t<h5>Nimi<\/h5>\n<\/div>\n<div class=\"name\">_ga_Q8D12B8SJ8<\/div>\n<div class=\"retention-header\">\n\t<h5>Ik\u00e4\u00e4ntyminen<\/h5>\n<\/div>\n<div class=\"retention\"><\/div>\n<div class=\"function-header\">\n\t<h5>Toiminto<\/h5>\n<\/div>\n<div class=\"function\"><\/div>\n<div class=\"name-header\">\n\t<h5>Nimi<\/h5>\n<\/div>\n<div class=\"name\">2fuf6at4<\/div>\n<div class=\"retention-header\">\n\t<h5>Ik\u00e4\u00e4ntyminen<\/h5>\n<\/div>\n<div class=\"retention\"><\/div>\n<div class=\"function-header\">\n\t<h5>Toiminto<\/h5>\n<\/div>\n<div class=\"function\"><\/div>\n<div class=\"name-header\">\n\t<h5>Nimi<\/h5>\n<\/div>\n<div class=\"name\">k7k80o55<\/div>\n<div class=\"retention-header\">\n\t<h5>Ik\u00e4\u00e4ntyminen<\/h5>\n<\/div>\n<div class=\"retention\"><\/div>\n<div class=\"function-header\">\n\t<h5>Toiminto<\/h5>\n<\/div>\n<div class=\"function\"><\/div>\n<div class=\"name-header\">\n\t<h5>Nimi<\/h5>\n<\/div>\n<div class=\"name\">jd4mdtr6<\/div>\n<div class=\"retention-header\">\n\t<h5>Ik\u00e4\u00e4ntyminen<\/h5>\n<\/div>\n<div class=\"retention\"><\/div>\n<div class=\"function-header\">\n\t<h5>Toiminto<\/h5>\n<\/div>\n<div class=\"function\"><\/div>\n<div class=\"name-header\">\n\t<h5>Nimi<\/h5>\n<\/div>\n<div class=\"name\">fpwchxd2<\/div>\n<div class=\"retention-header\">\n\t<h5>Ik\u00e4\u00e4ntyminen<\/h5>\n<\/div>\n<div class=\"retention\"><\/div>\n<div class=\"function-header\">\n\t<h5>Toiminto<\/h5>\n<\/div>\n<div class=\"function\"><\/div>\n<div class=\"name-header\">\n\t<h5>Nimi<\/h5>\n<\/div>\n<div class=\"name\">pdqhrfdj<\/div>\n<div class=\"retention-header\">\n\t<h5>Ik\u00e4\u00e4ntyminen<\/h5>\n<\/div>\n<div class=\"retention\"><\/div>\n<div class=\"function-header\">\n\t<h5>Toiminto<\/h5>\n<\/div>\n<div class=\"function\"><\/div>\n<div class=\"name-header\">\n\t<h5>Nimi<\/h5>\n<\/div>\n<div class=\"name\">367fomw3<\/div>\n<div class=\"retention-header\">\n\t<h5>Ik\u00e4\u00e4ntyminen<\/h5>\n<\/div>\n<div class=\"retention\"><\/div>\n<div class=\"function-header\">\n\t<h5>Toiminto<\/h5>\n<\/div>\n<div class=\"function\"><\/div>\n<div class=\"name-header\">\n\t<h5>Nimi<\/h5>\n<\/div>\n<div class=\"name\">4nyi2d7r<\/div>\n<div class=\"retention-header\">\n\t<h5>Ik\u00e4\u00e4ntyminen<\/h5>\n<\/div>\n<div class=\"retention\"><\/div>\n<div class=\"function-header\">\n\t<h5>Toiminto<\/h5>\n<\/div>\n<div class=\"function\"><\/div>\n<div class=\"name-header\">\n\t<h5>Nimi<\/h5>\n<\/div>\n<div class=\"name\">yx8zuzgu<\/div>\n<div class=\"retention-header\">\n\t<h5>Ik\u00e4\u00e4ntyminen<\/h5>\n<\/div>\n<div class=\"retention\"><\/div>\n<div class=\"function-header\">\n\t<h5>Toiminto<\/h5>\n<\/div>\n<div class=\"function\"><\/div>\n<div class=\"name-header\">\n\t<h5>Nimi<\/h5>\n<\/div>\n<div class=\"name\">ydeyrekp<\/div>\n<div class=\"retention-header\">\n\t<h5>Ik\u00e4\u00e4ntyminen<\/h5>\n<\/div>\n<div class=\"retention\"><\/div>\n<div class=\"function-header\">\n\t<h5>Toiminto<\/h5>\n<\/div>\n<div class=\"function\"><\/div>\n<div class=\"name-header\">\n\t<h5>Nimi<\/h5>\n<\/div>\n<div class=\"name\">dyzxokvk<\/div>\n<div class=\"retention-header\">\n\t<h5>Ik\u00e4\u00e4ntyminen<\/h5>\n<\/div>\n<div class=\"retention\"><\/div>\n<div class=\"function-header\">\n\t<h5>Toiminto<\/h5>\n<\/div>\n<div class=\"function\"><\/div>\n<div class=\"name-header\">\n\t<h5>Nimi<\/h5>\n<\/div>\n<div class=\"name\">hskf493a<\/div>\n<div class=\"retention-header\">\n\t<h5>Ik\u00e4\u00e4ntyminen<\/h5>\n<\/div>\n<div class=\"retention\"><\/div>\n<div class=\"function-header\">\n\t<h5>Toiminto<\/h5>\n<\/div>\n<div class=\"function\"><\/div>\n<div class=\"name-header\">\n\t<h5>Nimi<\/h5>\n<\/div>\n<div class=\"name\">selectedFormType<\/div>\n<div class=\"retention-header\">\n\t<h5>Ik\u00e4\u00e4ntyminen<\/h5>\n<\/div>\n<div class=\"retention\"><\/div>\n<div class=\"function-header\">\n\t<h5>Toiminto<\/h5>\n<\/div>\n<div class=\"function\"><\/div>\n<div class=\"name-header\">\n\t<h5>Nimi<\/h5>\n<\/div>\n<div class=\"name\">emoji-mart.last<\/div>\n<div class=\"retention-header\">\n\t<h5>Ik\u00e4\u00e4ntyminen<\/h5>\n<\/div>\n<div class=\"retention\"><\/div>\n<div class=\"function-header\">\n\t<h5>Toiminto<\/h5>\n<\/div>\n<div class=\"function\"><\/div>\n<div class=\"name-header\">\n\t<h5>Nimi<\/h5>\n<\/div>\n<div class=\"name\">omWpApi<\/div>\n<div class=\"retention-header\">\n\t<h5>Ik\u00e4\u00e4ntyminen<\/h5>\n<\/div>\n<div class=\"retention\"><\/div>\n<div class=\"function-header\">\n\t<h5>Toiminto<\/h5>\n<\/div>\n<div class=\"function\"><\/div>\n<div class=\"name-header\">\n\t<h5>Nimi<\/h5>\n<\/div>\n<div class=\"name\">emoji-mart.frequently<\/div>\n<div class=\"retention-header\">\n\t<h5>Ik\u00e4\u00e4ntyminen<\/h5>\n<\/div>\n<div class=\"retention\"><\/div>\n<div class=\"function-header\">\n\t<h5>Toiminto<\/h5>\n<\/div>\n<div class=\"function\"><\/div>\n<div class=\"name-header\">\n\t<h5>Nimi<\/h5>\n<\/div>\n<div class=\"name\">log-asetukset<\/div>\n<div class=\"retention-header\">\n\t<h5>Ik\u00e4\u00e4ntyminen<\/h5>\n<\/div>\n<div class=\"retention\"><\/div>\n<div class=\"function-header\">\n\t<h5>Toiminto<\/h5>\n<\/div>\n<div class=\"function\"><\/div>\n<div class=\"name-header\">\n\t<h5>Nimi<\/h5>\n<\/div>\n<div class=\"name\">loglevel<\/div>\n<div class=\"retention-header\">\n\t<h5>Ik\u00e4\u00e4ntyminen<\/h5>\n<\/div>\n<div class=\"retention\"><\/div>\n<div class=\"function-header\">\n\t<h5>Toiminto<\/h5>\n<\/div>\n<div class=\"function\"><\/div>\n<div class=\"name-header\">\n\t<h5>Nimi<\/h5>\n<\/div>\n<div class=\"name\">entriesPerPage<\/div>\n<div class=\"retention-header\">\n\t<h5>Ik\u00e4\u00e4ntyminen<\/h5>\n<\/div>\n<div class=\"retention\"><\/div>\n<div class=\"function-header\">\n\t<h5>Toiminto<\/h5>\n<\/div>\n<div class=\"function\"><\/div>\n<div class=\"name-header\">\n\t<h5>Nimi<\/h5>\n<\/div>\n<div class=\"name\">1toibxv5<\/div>\n<div class=\"retention-header\">\n\t<h5>Ik\u00e4\u00e4ntyminen<\/h5>\n<\/div>\n<div class=\"retention\"><\/div>\n<div class=\"function-header\">\n\t<h5>Toiminto<\/h5>\n<\/div>\n<div class=\"function\"><\/div>\n<div class=\"name-header\">\n\t<h5>Nimi<\/h5>\n<\/div>\n<div class=\"name\">j1c0hj1a<\/div>\n<div class=\"retention-header\">\n\t<h5>Ik\u00e4\u00e4ntyminen<\/h5>\n<\/div>\n<div class=\"retention\"><\/div>\n<div class=\"function-header\">\n\t<h5>Toiminto<\/h5>\n<\/div>\n<div class=\"function\"><\/div>\n<div class=\"name-header\">\n\t<h5>Nimi<\/h5>\n<\/div>\n<div class=\"name\">ph1dy13n<\/div>\n<div class=\"retention-header\">\n\t<h5>Ik\u00e4\u00e4ntyminen<\/h5>\n<\/div>\n<div class=\"retention\"><\/div>\n<div class=\"function-header\">\n\t<h5>Toiminto<\/h5>\n<\/div>\n<div class=\"function\"><\/div>\n<div class=\"name-header\">\n\t<h5>Nimi<\/h5>\n<\/div>\n<div class=\"name\">8w1zazp3<\/div>\n<div class=\"retention-header\">\n\t<h5>Ik\u00e4\u00e4ntyminen<\/h5>\n<\/div>\n<div class=\"retention\"><\/div>\n<div class=\"function-header\">\n\t<h5>Toiminto<\/h5>\n<\/div>\n<div class=\"function\"><\/div>\n<div class=\"name-header\">\n\t<h5>Nimi<\/h5>\n<\/div>\n<div class=\"name\">c47mngya<\/div>\n<div class=\"retention-header\">\n\t<h5>Ik\u00e4\u00e4ntyminen<\/h5>\n<\/div>\n<div class=\"retention\"><\/div>\n<div class=\"function-header\">\n\t<h5>Toiminto<\/h5>\n<\/div>\n<div class=\"function\"><\/div>\n<div class=\"name-header\">\n\t<h5>Nimi<\/h5>\n<\/div>\n<div class=\"name\">p4s885on<\/div>\n<div class=\"retention-header\">\n\t<h5>Ik\u00e4\u00e4ntyminen<\/h5>\n<\/div>\n<div class=\"retention\"><\/div>\n<div class=\"function-header\">\n\t<h5>Toiminto<\/h5>\n<\/div>\n<div class=\"function\"><\/div>\n<div class=\"name-header\">\n\t<h5>Nimi<\/h5>\n<\/div>\n<div class=\"name\">drm1xvgt<\/div>\n<div class=\"retention-header\">\n\t<h5>Ik\u00e4\u00e4ntyminen<\/h5>\n<\/div>\n<div class=\"retention\"><\/div>\n<div class=\"function-header\">\n\t<h5>Toiminto<\/h5>\n<\/div>\n<div class=\"function\"><\/div>\n<div class=\"name-header\">\n\t<h5>Nimi<\/h5>\n<\/div>\n<div class=\"name\">5kjkr0qu<\/div>\n<div class=\"retention-header\">\n\t<h5>Ik\u00e4\u00e4ntyminen<\/h5>\n<\/div>\n<div class=\"retention\"><\/div>\n<div class=\"function-header\">\n\t<h5>Toiminto<\/h5>\n<\/div>\n<div class=\"function\"><\/div>\n<div class=\"name-header\">\n\t<h5>Nimi<\/h5>\n<\/div>\n<div class=\"name\">76koxdcg<\/div>\n<div class=\"retention-header\">\n\t<h5>Ik\u00e4\u00e4ntyminen<\/h5>\n<\/div>\n<div class=\"retention\"><\/div>\n<div class=\"function-header\">\n\t<h5>Toiminto<\/h5>\n<\/div>\n<div class=\"function\"><\/div>\n<div class=\"name-header\">\n\t<h5>Nimi<\/h5>\n<\/div>\n<div class=\"name\">omVisitsFirst<\/div>\n<div class=\"retention-header\">\n\t<h5>Ik\u00e4\u00e4ntyminen<\/h5>\n<\/div>\n<div class=\"retention\"><\/div>\n<div class=\"function-header\">\n\t<h5>Toiminto<\/h5>\n<\/div>\n<div class=\"function\"><\/div>\n<div class=\"name-header\">\n\t<h5>Nimi<\/h5>\n<\/div>\n<div class=\"name\">omVisits<\/div>\n<div class=\"retention-header\">\n\t<h5>Ik\u00e4\u00e4ntyminen<\/h5>\n<\/div>\n<div class=\"retention\"><\/div>\n<div class=\"function-header\">\n\t<h5>Toiminto<\/h5>\n<\/div>\n<div class=\"function\"><\/div>\n<div class=\"name-header\">\n\t<h5>Nimi<\/h5>\n<\/div>\n<div class=\"name\">omSessionStart<\/div>\n<div class=\"retention-header\">\n\t<h5>Ik\u00e4\u00e4ntyminen<\/h5>\n<\/div>\n<div class=\"retention\"><\/div>\n<div class=\"function-header\">\n\t<h5>Toiminto<\/h5>\n<\/div>\n<div class=\"function\"><\/div>\n<div class=\"name-header\">\n\t<h5>Nimi<\/h5>\n<\/div>\n<div class=\"name\">omScrollHeight<\/div>\n<div class=\"retention-header\">\n\t<h5>Ik\u00e4\u00e4ntyminen<\/h5>\n<\/div>\n<div class=\"retention\"><\/div>\n<div class=\"function-header\">\n\t<h5>Toiminto<\/h5>\n<\/div>\n<div class=\"function\"><\/div>\n<div class=\"name-header\">\n\t<h5>Nimi<\/h5>\n<\/div>\n<div class=\"name\">omSessionPageviews<\/div>\n<div class=\"retention-header\">\n\t<h5>Ik\u00e4\u00e4ntyminen<\/h5>\n<\/div>\n<div class=\"retention\"><\/div>\n<div class=\"function-header\">\n\t<h5>Toiminto<\/h5>\n<\/div>\n<div class=\"function\"><\/div>\n<div class=\"name-header\">\n\t<h5>Nimi<\/h5>\n<\/div>\n<div class=\"name\">adobeCleanFontAdded<\/div>\n<div class=\"retention-header\">\n\t<h5>Ik\u00e4\u00e4ntyminen<\/h5>\n<\/div>\n<div class=\"retention\"><\/div>\n<div class=\"function-header\">\n\t<h5>Toiminto<\/h5>\n<\/div>\n<div class=\"function\"><\/div>\n<div class=\"name-header\">\n\t<h5>Nimi<\/h5>\n<\/div>\n<div class=\"name\">language<\/div>\n<div class=\"retention-header\">\n\t<h5>Ik\u00e4\u00e4ntyminen<\/h5>\n<\/div>\n<div class=\"retention\"><\/div>\n<div class=\"function-header\">\n\t<h5>Toiminto<\/h5>\n<\/div>\n<div class=\"function\"><\/div>\n<div class=\"name-header\">\n\t<h5>Nimi<\/h5>\n<\/div>\n<div class=\"name\">_omappvp<\/div>\n<div class=\"retention-header\">\n\t<h5>Ik\u00e4\u00e4ntyminen<\/h5>\n<\/div>\n<div class=\"retention\"><\/div>\n<div class=\"function-header\">\n\t<h5>Toiminto<\/h5>\n<\/div>\n<div class=\"function\"><\/div>\n<div class=\"name-header\">\n\t<h5>Nimi<\/h5>\n<\/div>\n<div class=\"name\">_omappvs<\/div>\n<div class=\"retention-header\">\n\t<h5>Ik\u00e4\u00e4ntyminen<\/h5>\n<\/div>\n<div class=\"retention\"><\/div>\n<div class=\"function-header\">\n\t<h5>Toiminto<\/h5>\n<\/div>\n<div class=\"function\"><\/div>\n\n<\/div>\n<\/details>\n<\/div><h2>7. Suostumus<\/h2><p>Kun vierailet verkkosivuillamme ensimm\u00e4ist\u00e4 kertaa, n\u00e4yt\u00e4mme sinulle ponnahdusikkunan, jossa on selitys ev\u00e4steist\u00e4. Heti kun napsautat \"S\u00fctik elfogad\u00e1sa\", hyv\u00e4ksyt sen, ett\u00e4 k\u00e4yt\u00e4mme kaikkia ev\u00e4steit\u00e4 ja laajennuksia ponnahdusikkunassa ja t\u00e4ss\u00e4 ev\u00e4stek\u00e4yt\u00e4nn\u00f6ss\u00e4 kuvatulla tavalla. Voit est\u00e4\u00e4 ev\u00e4steiden k\u00e4yt\u00f6n selaimesi kautta, mutta huomaa, ett\u00e4 verkkosivustomme ei v\u00e4ltt\u00e4m\u00e4tt\u00e4 en\u00e4\u00e4 toimi kunnolla.<\/p><p class=\"cmplz-subtitle\">7.1 Suostumusasetusten hallinta<\/p><div id=\"cmplz-manage-consent-container-nojavascript\">Olet ladannut ev\u00e4stek\u00e4yt\u00e4nn\u00f6n ilman JavaScript-tukea. AMP:ss\u00e4 voit k\u00e4ytt\u00e4\u00e4 sivun alareunassa olevaa Manage consent -painiketta.<\/div><div id=\"cmplz-manage-consent-container\" class=\"cmplz-manage-consent-container\"><\/div><h2>8. Ev\u00e4steiden ottaminen k\u00e4ytt\u00f6\u00f6n\/pois k\u00e4yt\u00f6st\u00e4 ja poistaminen k\u00e4yt\u00f6st\u00e4<\/h2><p>Voit poistaa ev\u00e4steet internet-selaimellasi automaattisesti tai manuaalisesti. Voit my\u00f6s m\u00e4\u00e4ritt\u00e4\u00e4, ett\u00e4 tiettyj\u00e4 ev\u00e4steit\u00e4 ei saa asettaa. Toinen vaihtoehto on muuttaa Internet-selaimesi asetuksia niin, ett\u00e4 saat viestin aina, kun ev\u00e4ste asetetaan. Lis\u00e4tietoja n\u00e4ist\u00e4 vaihtoehdoista saat selaimesi Ohje-osiosta.<\/p><p>Huomaa, ett\u00e4 verkkosivustomme ei v\u00e4ltt\u00e4m\u00e4tt\u00e4 toimi oikein, jos kaikki ev\u00e4steet on poistettu k\u00e4yt\u00f6st\u00e4. Jos poistat ev\u00e4steet selaimestasi, ne asennetaan uudelleen suostumuksesi j\u00e4lkeen, kun vierailet verkkosivustollamme uudelleen.<\/p><h2>9. Henkil\u00f6tietoihin liittyv\u00e4t oikeutesi<\/h2><p>Sinulla on seuraavat henkil\u00f6tietojasi koskevat oikeudet:<\/p><ul>\n                    <li>Sinulla on oikeus tiet\u00e4\u00e4, miksi henkil\u00f6tietojasi tarvitaan, mit\u00e4 niille tapahtuu ja kuinka kauan niit\u00e4 s\u00e4ilytet\u00e4\u00e4n.<\/li>\n                    <li>Oikeus tutustua tietoihin: sinulla on oikeus tutustua sinusta hallussamme oleviin tietoihin.<\/li>\n                    <li>Oikaisuoikeus: Sinulla on oikeus saada henkil\u00f6tietojasi t\u00e4ydennetty\u00e4, oikaistua, poistettua tai estetty\u00e4 milloin tahansa.<\/li>\n                    <li>Jos annat meille suostumuksesi tietojesi k\u00e4sittelyyn, sinulla on oikeus peruuttaa suostumuksesi ja pyyt\u00e4\u00e4 henkil\u00f6tietojesi poistamista.<\/li>\n                    <li>Oikeus siirt\u00e4\u00e4 tietosi: Sinulla on oikeus pyyt\u00e4\u00e4 kaikki henkil\u00f6tietosi rekisterinpit\u00e4j\u00e4lt\u00e4 ja siirt\u00e4\u00e4 ne kokonaisuudessaan toiselle rekisterinpit\u00e4j\u00e4lle.<\/li>\n                    <li>Vastustamisoikeus: Sinulla on oikeus vastustaa tietojesi k\u00e4sittely\u00e4. Noudatamme t\u00e4t\u00e4 oikeutta, ellei k\u00e4sittelylle ole oikeutettua perustetta.<\/li>\n                <\/ul><p>Jos haluat k\u00e4ytt\u00e4\u00e4 n\u00e4it\u00e4 oikeuksia, ota meihin yhteytt\u00e4. Katso yhteystiedot t\u00e4m\u00e4n ev\u00e4stek\u00e4yt\u00e4nn\u00f6n lopussa. Jos sinulla on valitus tavasta, jolla k\u00e4sittelemme tietojasi, haluaisimme kuulla sinusta, mutta sinulla on my\u00f6s oikeus tehd\u00e4 valitus valvontaviranomaiselle (tietosuojaviranomaiselle).<\/p><h2>10. Yhteystiedot<\/h2><p>Jos sinulla on kysymyksi\u00e4 ja\/tai kommentteja ev\u00e4stek\u00e4yt\u00e4nn\u00f6st\u00e4mme ja t\u00e4st\u00e4 lausunnosta, ota meihin yhteytt\u00e4 k\u00e4ytt\u00e4m\u00e4ll\u00e4 seuraavia yhteystietoja:<\/p><p><span class=\"cmplz-contact-organisation\">Tibor Sz\u0151ke E.V.<\/span><br>\n                      <span class=\"cmplz-contact-address\">6400 Kiskunhalas, Batth\u00e1ny u. 54.<\/span><br>\n                      <span class=\"cmplz-contact-country\">Unkari<\/span><br>\n                      <span class=\"cmplz-contact-domain\">Verkkosivusto: <a href=\"https:\/\/winebase.hu\/qr\/fi\">https:\/\/winebase.hu\/qr\/fi<\/a><\/span><br>\n                      <span class=\"cmplz-contact-email\">S\u00e4hk\u00f6posti: <span class=\"cmplz-obfuscate\">&#104;el&#108;o@<span class=\"cmplz-fmail-domain\">&#101;&#120;&#046;com<\/span>wi&#110;&#101;bas&#101;&#046;hu<\/span><\/span><br>\n                    <span class=\"cmplz-contact-telephone\"><\/span><\/p><\/div>","protected":false},"excerpt":{"rendered":"","protected":false},"author":1,"featured_media":0,"parent":0,"menu_order":0,"comment_status":"closed","ping_status":"closed","template":"","meta":{"footnotes":""},"class_list":["post-320","page","type-page","status-publish","hentry"],"_links":{"self":[{"href":"https:\/\/winebase.hu\/qr\/fi\/wp-json\/wp\/v2\/pages\/320","targetHints":{"allow":["GET"]}}],"collection":[{"href":"https:\/\/winebase.hu\/qr\/fi\/wp-json\/wp\/v2\/pages"}],"about":[{"href":"https:\/\/winebase.hu\/qr\/fi\/wp-json\/wp\/v2\/types\/page"}],"author":[{"embeddable":true,"href":"https:\/\/winebase.hu\/qr\/fi\/wp-json\/wp\/v2\/users\/1"}],"replies":[{"embeddable":true,"href":"https:\/\/winebase.hu\/qr\/fi\/wp-json\/wp\/v2\/comments?post=320"}],"version-history":[{"count":1,"href":"https:\/\/winebase.hu\/qr\/fi\/wp-json\/wp\/v2\/pages\/320\/revisions"}],"predecessor-version":[{"id":327,"href":"https:\/\/winebase.hu\/qr\/fi\/wp-json\/wp\/v2\/pages\/320\/revisions\/327"}],"wp:attachment":[{"href":"https:\/\/winebase.hu\/qr\/fi\/wp-json\/wp\/v2\/media?parent=320"}],"curies":[{"name":"wp","href":"https:\/\/api.w.org\/{rel}","templated":true}]}}