{"id":320,"date":"2024-07-31T14:25:18","date_gmt":"2024-07-31T12:25:18","guid":{"rendered":"https:\/\/winebase.hu\/qr\/cookie-policy-eu"},"modified":"2024-08-01T16:44:19","modified_gmt":"2024-08-01T14:44:19","slug":"suti-szabalyzat","status":"publish","type":"page","link":"https:\/\/winebase.hu\/qr\/et\/suti-szabalyzat","title":{"rendered":"K\u00fcpsiste poliitika"},"content":{"rendered":"<!-- Legal document generated by Complianz | GDPR\/CCPA Cookie Consent https:\/\/wordpress.org\/plugins\/complianz-gdpr -->\n<div id=\"cmplz-document\" class=\"cmplz-document cookie-statement cmplz-document-eu\"><p><i>K\u00e4esolevat k\u00fcpsiste poliitikat uuendati viimati 2024.08.01. ja see kehtib Euroopa Majanduspiirkonna ja \u0160veitsi kodanikele ja seaduslikele p\u00fcsielanikele.<\/i><br><\/p><h2>1. Sissejuhatus<\/h2><p>Meie veebisait, <a href=\"https:\/\/winebase.hu\/qr\/et\">https:\/\/winebase.hu\/qr\/et<\/a> (hereinafter: \"the website\") uses cookies and other related technologies (for convenience all technologies are referred to as \"cookies\"). Cookies are also placed by third parties we have engaged. In the document below we inform you about the use of cookies on our website.<\/p><h2>2. Mis on k\u00fcpsised?<\/h2><p>K\u00fcpsis on v\u00e4ike lihtne fail, mis saadetakse koos selle veebisaidi lehek\u00fclgedega ja mida teie brauser salvestab teie arvuti v\u00f5i muu seadme k\u00f5vakettale. Sellesse salvestatud teave v\u00f5idakse j\u00e4rgmise k\u00fclastuse ajal saata tagasi meie v\u00f5i asjaomaste kolmandate isikute serveritesse.<\/p><h2>3. Mis on skriptid?<\/h2><p>Skript on osa programmikoodist, mida kasutatakse selleks, et meie veebisait korralikult ja interaktiivselt toimiks. Seda koodi t\u00e4idetakse meie serveris v\u00f5i teie seadmes.<\/p><h2>4. Mis on veebimajakas?<\/h2><p>Veebimajakas (v\u00f5i piksli silt) on v\u00e4ike, n\u00e4htamatu teksti- v\u00f5i pildit\u00fckk veebisaidil, mida kasutatakse veebisaidi liikluse j\u00e4lgimiseks. Selleks salvestatakse veebimajakate abil mitmesuguseid andmeid teie kohta.<\/p><h2>5. k\u00fcpsised<\/h2><p class=\"cmplz-subtitle\">5.1 Tehnilised v\u00f5i funktsionaalsed k\u00fcpsised<\/p><p>M\u00f5ned k\u00fcpsised tagavad, et veebisaidi teatud osad toimiksid korralikult ja et teie kasutaja eelistused j\u00e4\u00e4ksid teada. Funktsionaalsete k\u00fcpsiste paigutamisega lihtsustame teie jaoks meie veebisaidi k\u00fclastamist. Nii ei pea te meie veebisaidi k\u00fclastamisel korduvalt sisestama sama teavet ja n\u00e4iteks j\u00e4\u00e4vad kaubad teie ostukorvis alles, kuni olete maksnud. Me v\u00f5ime neid k\u00fcpsiseid paigutada ilma teie n\u00f5usolekuta.<\/p><h2>6. Paigaldatud k\u00fcpsised<\/h2><div id=\"cmplz-cookies-overview\"><details class=\"cmplz-dropdown cmplz-service-desc cmplz-dropdown-cookiepolicy\">\n\t<summary class=\"cmplz-service-header\"><div>\n\t\t<h3>Mitmesugused<\/h3>\n\t\t<p>Eesm\u00e4rk kuni uurimise l\u00f5petamiseni<\/p>\n\t\t<label for=\"cmplz_service_miscellaneous\" class=\"cmplz_consent_per_service_label\"><span class=\"screen-reader-text\">N\u00f5usolek mitmesuguste teenuste osutamiseks<\/span><\/label>\n\t\t<input type=\"checkbox\" id=\"cmplz_service_miscellaneous\" class=\"cmplz-accept-service cmplz-hidden\" data-service=\"miscellaneous\" data-category=\"functional\"><\/div>\n\t<\/summary>\n\t<div class=\"cmplz-service-description\">\n\t\t<h4>Kasutamine<\/h4>\n\t\t<p><\/p>\n\t<\/div>\n\t<div class=\"cmplz-sharing-data\">\n\t\t<h4>Andmete jagamine<\/h4>\n\t\t<p>Andmete jagamine ootab uurimist<\/p>\n\t<\/div>\n\t<div class=\"cookies-per-purpose\">\n    <div class=\"purpose\"><h4>Eesm\u00e4rk kuni uurimise l\u00f5petamiseni<\/h4><\/div>\n    <div class=\"name-header\">\n\t<h5>Nimi<\/h5>\n<\/div>\n<div class=\"name\">_ga<\/div>\n<div class=\"retention-header\">\n\t<h5>Vananemine<\/h5>\n<\/div>\n<div class=\"retention\"><\/div>\n<div class=\"function-header\">\n\t<h5>Funktsioon<\/h5>\n<\/div>\n<div class=\"function\"><\/div>\n<div class=\"name-header\">\n\t<h5>Nimi<\/h5>\n<\/div>\n<div class=\"name\">_ga_Q8D12B8SJ8<\/div>\n<div class=\"retention-header\">\n\t<h5>Vananemine<\/h5>\n<\/div>\n<div class=\"retention\"><\/div>\n<div class=\"function-header\">\n\t<h5>Funktsioon<\/h5>\n<\/div>\n<div class=\"function\"><\/div>\n<div class=\"name-header\">\n\t<h5>Nimi<\/h5>\n<\/div>\n<div class=\"name\">2fuf6at4<\/div>\n<div class=\"retention-header\">\n\t<h5>Vananemine<\/h5>\n<\/div>\n<div class=\"retention\"><\/div>\n<div class=\"function-header\">\n\t<h5>Funktsioon<\/h5>\n<\/div>\n<div class=\"function\"><\/div>\n<div class=\"name-header\">\n\t<h5>Nimi<\/h5>\n<\/div>\n<div class=\"name\">k7k80o55<\/div>\n<div class=\"retention-header\">\n\t<h5>Vananemine<\/h5>\n<\/div>\n<div class=\"retention\"><\/div>\n<div class=\"function-header\">\n\t<h5>Funktsioon<\/h5>\n<\/div>\n<div class=\"function\"><\/div>\n<div class=\"name-header\">\n\t<h5>Nimi<\/h5>\n<\/div>\n<div class=\"name\">jd4mdtr6<\/div>\n<div class=\"retention-header\">\n\t<h5>Vananemine<\/h5>\n<\/div>\n<div class=\"retention\"><\/div>\n<div class=\"function-header\">\n\t<h5>Funktsioon<\/h5>\n<\/div>\n<div class=\"function\"><\/div>\n<div class=\"name-header\">\n\t<h5>Nimi<\/h5>\n<\/div>\n<div class=\"name\">fpwchxd2<\/div>\n<div class=\"retention-header\">\n\t<h5>Vananemine<\/h5>\n<\/div>\n<div class=\"retention\"><\/div>\n<div class=\"function-header\">\n\t<h5>Funktsioon<\/h5>\n<\/div>\n<div class=\"function\"><\/div>\n<div class=\"name-header\">\n\t<h5>Nimi<\/h5>\n<\/div>\n<div class=\"name\">pdqhrfdj<\/div>\n<div class=\"retention-header\">\n\t<h5>Vananemine<\/h5>\n<\/div>\n<div class=\"retention\"><\/div>\n<div class=\"function-header\">\n\t<h5>Funktsioon<\/h5>\n<\/div>\n<div class=\"function\"><\/div>\n<div class=\"name-header\">\n\t<h5>Nimi<\/h5>\n<\/div>\n<div class=\"name\">367fomw3<\/div>\n<div class=\"retention-header\">\n\t<h5>Vananemine<\/h5>\n<\/div>\n<div class=\"retention\"><\/div>\n<div class=\"function-header\">\n\t<h5>Funktsioon<\/h5>\n<\/div>\n<div class=\"function\"><\/div>\n<div class=\"name-header\">\n\t<h5>Nimi<\/h5>\n<\/div>\n<div class=\"name\">4nyi2d7r<\/div>\n<div class=\"retention-header\">\n\t<h5>Vananemine<\/h5>\n<\/div>\n<div class=\"retention\"><\/div>\n<div class=\"function-header\">\n\t<h5>Funktsioon<\/h5>\n<\/div>\n<div class=\"function\"><\/div>\n<div class=\"name-header\">\n\t<h5>Nimi<\/h5>\n<\/div>\n<div class=\"name\">yx8zuzgu<\/div>\n<div class=\"retention-header\">\n\t<h5>Vananemine<\/h5>\n<\/div>\n<div class=\"retention\"><\/div>\n<div class=\"function-header\">\n\t<h5>Funktsioon<\/h5>\n<\/div>\n<div class=\"function\"><\/div>\n<div class=\"name-header\">\n\t<h5>Nimi<\/h5>\n<\/div>\n<div class=\"name\">ydeyrekp<\/div>\n<div class=\"retention-header\">\n\t<h5>Vananemine<\/h5>\n<\/div>\n<div class=\"retention\"><\/div>\n<div class=\"function-header\">\n\t<h5>Funktsioon<\/h5>\n<\/div>\n<div class=\"function\"><\/div>\n<div class=\"name-header\">\n\t<h5>Nimi<\/h5>\n<\/div>\n<div class=\"name\">dyzxokvk<\/div>\n<div class=\"retention-header\">\n\t<h5>Vananemine<\/h5>\n<\/div>\n<div class=\"retention\"><\/div>\n<div class=\"function-header\">\n\t<h5>Funktsioon<\/h5>\n<\/div>\n<div class=\"function\"><\/div>\n<div class=\"name-header\">\n\t<h5>Nimi<\/h5>\n<\/div>\n<div class=\"name\">hskf493a<\/div>\n<div class=\"retention-header\">\n\t<h5>Vananemine<\/h5>\n<\/div>\n<div class=\"retention\"><\/div>\n<div class=\"function-header\">\n\t<h5>Funktsioon<\/h5>\n<\/div>\n<div class=\"function\"><\/div>\n<div class=\"name-header\">\n\t<h5>Nimi<\/h5>\n<\/div>\n<div class=\"name\">selectedFormType<\/div>\n<div class=\"retention-header\">\n\t<h5>Vananemine<\/h5>\n<\/div>\n<div class=\"retention\"><\/div>\n<div class=\"function-header\">\n\t<h5>Funktsioon<\/h5>\n<\/div>\n<div class=\"function\"><\/div>\n<div class=\"name-header\">\n\t<h5>Nimi<\/h5>\n<\/div>\n<div class=\"name\">emoji-mart.last<\/div>\n<div class=\"retention-header\">\n\t<h5>Vananemine<\/h5>\n<\/div>\n<div class=\"retention\"><\/div>\n<div class=\"function-header\">\n\t<h5>Funktsioon<\/h5>\n<\/div>\n<div class=\"function\"><\/div>\n<div class=\"name-header\">\n\t<h5>Nimi<\/h5>\n<\/div>\n<div class=\"name\">omWpApi<\/div>\n<div class=\"retention-header\">\n\t<h5>Vananemine<\/h5>\n<\/div>\n<div class=\"retention\"><\/div>\n<div class=\"function-header\">\n\t<h5>Funktsioon<\/h5>\n<\/div>\n<div class=\"function\"><\/div>\n<div class=\"name-header\">\n\t<h5>Nimi<\/h5>\n<\/div>\n<div class=\"name\">emoji-mart.frequently<\/div>\n<div class=\"retention-header\">\n\t<h5>Vananemine<\/h5>\n<\/div>\n<div class=\"retention\"><\/div>\n<div class=\"function-header\">\n\t<h5>Funktsioon<\/h5>\n<\/div>\n<div class=\"function\"><\/div>\n<div class=\"name-header\">\n\t<h5>Nimi<\/h5>\n<\/div>\n<div class=\"name\">log-settings<\/div>\n<div class=\"retention-header\">\n\t<h5>Vananemine<\/h5>\n<\/div>\n<div class=\"retention\"><\/div>\n<div class=\"function-header\">\n\t<h5>Funktsioon<\/h5>\n<\/div>\n<div class=\"function\"><\/div>\n<div class=\"name-header\">\n\t<h5>Nimi<\/h5>\n<\/div>\n<div class=\"name\">loglevel<\/div>\n<div class=\"retention-header\">\n\t<h5>Vananemine<\/h5>\n<\/div>\n<div class=\"retention\"><\/div>\n<div class=\"function-header\">\n\t<h5>Funktsioon<\/h5>\n<\/div>\n<div class=\"function\"><\/div>\n<div class=\"name-header\">\n\t<h5>Nimi<\/h5>\n<\/div>\n<div class=\"name\">entriesPerPage<\/div>\n<div class=\"retention-header\">\n\t<h5>Vananemine<\/h5>\n<\/div>\n<div class=\"retention\"><\/div>\n<div class=\"function-header\">\n\t<h5>Funktsioon<\/h5>\n<\/div>\n<div class=\"function\"><\/div>\n<div class=\"name-header\">\n\t<h5>Nimi<\/h5>\n<\/div>\n<div class=\"name\">1toibxv5<\/div>\n<div class=\"retention-header\">\n\t<h5>Vananemine<\/h5>\n<\/div>\n<div class=\"retention\"><\/div>\n<div class=\"function-header\">\n\t<h5>Funktsioon<\/h5>\n<\/div>\n<div class=\"function\"><\/div>\n<div class=\"name-header\">\n\t<h5>Nimi<\/h5>\n<\/div>\n<div class=\"name\">j1c0hj1a<\/div>\n<div class=\"retention-header\">\n\t<h5>Vananemine<\/h5>\n<\/div>\n<div class=\"retention\"><\/div>\n<div class=\"function-header\">\n\t<h5>Funktsioon<\/h5>\n<\/div>\n<div class=\"function\"><\/div>\n<div class=\"name-header\">\n\t<h5>Nimi<\/h5>\n<\/div>\n<div class=\"name\">ph1dy13n<\/div>\n<div class=\"retention-header\">\n\t<h5>Vananemine<\/h5>\n<\/div>\n<div class=\"retention\"><\/div>\n<div class=\"function-header\">\n\t<h5>Funktsioon<\/h5>\n<\/div>\n<div class=\"function\"><\/div>\n<div class=\"name-header\">\n\t<h5>Nimi<\/h5>\n<\/div>\n<div class=\"name\">8w1zazp3<\/div>\n<div class=\"retention-header\">\n\t<h5>Vananemine<\/h5>\n<\/div>\n<div class=\"retention\"><\/div>\n<div class=\"function-header\">\n\t<h5>Funktsioon<\/h5>\n<\/div>\n<div class=\"function\"><\/div>\n<div class=\"name-header\">\n\t<h5>Nimi<\/h5>\n<\/div>\n<div class=\"name\">c47mngya<\/div>\n<div class=\"retention-header\">\n\t<h5>Vananemine<\/h5>\n<\/div>\n<div class=\"retention\"><\/div>\n<div class=\"function-header\">\n\t<h5>Funktsioon<\/h5>\n<\/div>\n<div class=\"function\"><\/div>\n<div class=\"name-header\">\n\t<h5>Nimi<\/h5>\n<\/div>\n<div class=\"name\">p4s885on<\/div>\n<div class=\"retention-header\">\n\t<h5>Vananemine<\/h5>\n<\/div>\n<div class=\"retention\"><\/div>\n<div class=\"function-header\">\n\t<h5>Funktsioon<\/h5>\n<\/div>\n<div class=\"function\"><\/div>\n<div class=\"name-header\">\n\t<h5>Nimi<\/h5>\n<\/div>\n<div class=\"name\">drm1xvgt<\/div>\n<div class=\"retention-header\">\n\t<h5>Vananemine<\/h5>\n<\/div>\n<div class=\"retention\"><\/div>\n<div class=\"function-header\">\n\t<h5>Funktsioon<\/h5>\n<\/div>\n<div class=\"function\"><\/div>\n<div class=\"name-header\">\n\t<h5>Nimi<\/h5>\n<\/div>\n<div class=\"name\">5kjkr0qu<\/div>\n<div class=\"retention-header\">\n\t<h5>Vananemine<\/h5>\n<\/div>\n<div class=\"retention\"><\/div>\n<div class=\"function-header\">\n\t<h5>Funktsioon<\/h5>\n<\/div>\n<div class=\"function\"><\/div>\n<div class=\"name-header\">\n\t<h5>Nimi<\/h5>\n<\/div>\n<div class=\"name\">76koxdcg<\/div>\n<div class=\"retention-header\">\n\t<h5>Vananemine<\/h5>\n<\/div>\n<div class=\"retention\"><\/div>\n<div class=\"function-header\">\n\t<h5>Funktsioon<\/h5>\n<\/div>\n<div class=\"function\"><\/div>\n<div class=\"name-header\">\n\t<h5>Nimi<\/h5>\n<\/div>\n<div class=\"name\">omVisitsFirst<\/div>\n<div class=\"retention-header\">\n\t<h5>Vananemine<\/h5>\n<\/div>\n<div class=\"retention\"><\/div>\n<div class=\"function-header\">\n\t<h5>Funktsioon<\/h5>\n<\/div>\n<div class=\"function\"><\/div>\n<div class=\"name-header\">\n\t<h5>Nimi<\/h5>\n<\/div>\n<div class=\"name\">omVisits<\/div>\n<div class=\"retention-header\">\n\t<h5>Vananemine<\/h5>\n<\/div>\n<div class=\"retention\"><\/div>\n<div class=\"function-header\">\n\t<h5>Funktsioon<\/h5>\n<\/div>\n<div class=\"function\"><\/div>\n<div class=\"name-header\">\n\t<h5>Nimi<\/h5>\n<\/div>\n<div class=\"name\">omSessionStart<\/div>\n<div class=\"retention-header\">\n\t<h5>Vananemine<\/h5>\n<\/div>\n<div class=\"retention\"><\/div>\n<div class=\"function-header\">\n\t<h5>Funktsioon<\/h5>\n<\/div>\n<div class=\"function\"><\/div>\n<div class=\"name-header\">\n\t<h5>Nimi<\/h5>\n<\/div>\n<div class=\"name\">omScrollHeight<\/div>\n<div class=\"retention-header\">\n\t<h5>Vananemine<\/h5>\n<\/div>\n<div class=\"retention\"><\/div>\n<div class=\"function-header\">\n\t<h5>Funktsioon<\/h5>\n<\/div>\n<div class=\"function\"><\/div>\n<div class=\"name-header\">\n\t<h5>Nimi<\/h5>\n<\/div>\n<div class=\"name\">omSessionPageviews<\/div>\n<div class=\"retention-header\">\n\t<h5>Vananemine<\/h5>\n<\/div>\n<div class=\"retention\"><\/div>\n<div class=\"function-header\">\n\t<h5>Funktsioon<\/h5>\n<\/div>\n<div class=\"function\"><\/div>\n<div class=\"name-header\">\n\t<h5>Nimi<\/h5>\n<\/div>\n<div class=\"name\">adobeCleanFontAdded<\/div>\n<div class=\"retention-header\">\n\t<h5>Vananemine<\/h5>\n<\/div>\n<div class=\"retention\"><\/div>\n<div class=\"function-header\">\n\t<h5>Funktsioon<\/h5>\n<\/div>\n<div class=\"function\"><\/div>\n<div class=\"name-header\">\n\t<h5>Nimi<\/h5>\n<\/div>\n<div class=\"name\">language<\/div>\n<div class=\"retention-header\">\n\t<h5>Vananemine<\/h5>\n<\/div>\n<div class=\"retention\"><\/div>\n<div class=\"function-header\">\n\t<h5>Funktsioon<\/h5>\n<\/div>\n<div class=\"function\"><\/div>\n<div class=\"name-header\">\n\t<h5>Nimi<\/h5>\n<\/div>\n<div class=\"name\">_omappvp<\/div>\n<div class=\"retention-header\">\n\t<h5>Vananemine<\/h5>\n<\/div>\n<div class=\"retention\"><\/div>\n<div class=\"function-header\">\n\t<h5>Funktsioon<\/h5>\n<\/div>\n<div class=\"function\"><\/div>\n<div class=\"name-header\">\n\t<h5>Nimi<\/h5>\n<\/div>\n<div class=\"name\">_omappvs<\/div>\n<div class=\"retention-header\">\n\t<h5>Vananemine<\/h5>\n<\/div>\n<div class=\"retention\"><\/div>\n<div class=\"function-header\">\n\t<h5>Funktsioon<\/h5>\n<\/div>\n<div class=\"function\"><\/div>\n\n<\/div>\n<\/details>\n<\/div><h2>7. N\u00f5usolek<\/h2><p>When you visit our website for the first time, we will show you a pop-up with an explanation about cookies. As soon as you click on \"S\u00fctik elfogad\u00e1sa\", you consent to us using all cookies and plug-ins as described in the pop-up and this Cookie Policy. You can disable the use of cookies via your browser, but please note that our website may no longer work properly.<\/p><p class=\"cmplz-subtitle\">7.1 N\u00f5usoleku seadete haldamine<\/p><div id=\"cmplz-manage-consent-container-nojavascript\">Te olete laadinud k\u00fcpsiste poliitika ilma javascriptitoetuseta. AMP-l saate kasutada lehe allosas asuvat n\u00f5usoleku haldamise nuppu.<\/div><div id=\"cmplz-manage-consent-container\" class=\"cmplz-manage-consent-container\"><\/div><h2>8. K\u00fcpsiste lubamine\/v\u00e4ljal\u00fclitamine ja kustutamine<\/h2><p>Saate oma internetibrauseri abil k\u00fcpsised automaatselt v\u00f5i k\u00e4sitsi kustutada v\u00f5i m\u00e4\u00e4rata, et teatud k\u00fcpsiseid ei tohi paigutada. Teine v\u00f5imalus on muuta oma internetibrauseri seadeid nii, et saate iga kord, kui k\u00fcpsis asetatakse, teate. Lisateavet nende v\u00f5imaluste kohta leiate oma veebilehitseja abiosas olevatest juhistest.<\/p><p>Pange t\u00e4hele, et meie veebisait ei pruugi korralikult toimida, kui k\u00f5ik k\u00fcpsised on keelatud. Kui te kustutate k\u00fcpsised oma brauserist, pannakse need p\u00e4rast teie n\u00f5usolekut uuesti sisse, kui k\u00fclastate meie veebilehte uuesti.<\/p><h2>9. Teie \u00f5igused seoses isikuandmetega<\/h2><p>Teil on j\u00e4rgmised \u00f5igused seoses oma isikuandmetega:<\/p><ul>\n                    <li>Teil on \u00f5igus teada, miks teie isikuandmeid vajatakse, mis nendega juhtub ja kui kaua neid s\u00e4ilitatakse.<\/li>\n                    <li>Juurdep\u00e4\u00e4su\u00f5igus: Teil on \u00f5igus tutvuda oma teadaolevate isikuandmetega.<\/li>\n                    <li>\u00d5igus andmete parandamisele: teil on \u00f5igus t\u00e4iendada, parandada, kustutada v\u00f5i blokeerida oma isikuandmeid, kui te seda soovite.<\/li>\n                    <li>Kui olete andnud meile n\u00f5usoleku oma andmete t\u00f6\u00f6tlemiseks, on teil \u00f5igus see n\u00f5usolek tagasi v\u00f5tta ja lasta oma isikuandmed kustutada.<\/li>\n                    <li>\u00d5igus edastada oma andmeid: teil on \u00f5igus n\u00f5uda vastutavalt t\u00f6\u00f6tlejalt k\u00f5iki oma isikuandmeid ja edastada need tervikuna teisele vastutavale t\u00f6\u00f6tlejale.<\/li>\n                    <li>\u00d5igus esitada vastuv\u00e4iteid: te v\u00f5ite esitada vastuv\u00e4iteid oma andmete t\u00f6\u00f6tlemisele. Me t\u00e4idame seda, v\u00e4lja arvatud juhul, kui t\u00f6\u00f6tlemine on p\u00f5hjendatud.<\/li>\n                <\/ul><p>Nende \u00f5iguste kasutamiseks v\u00f5tke meiega \u00fchendust.Palun vaadake k\u00e4esoleva k\u00fcpsiste poliitika l\u00f5pus olevaid kontaktandmeid.Kui teil on kaebus selle kohta, kuidas me teie andmeid k\u00e4sitleme, soovime teie arvamust kuulda, kuid teil on ka \u00f5igus esitada kaebus j\u00e4relevalveasutusele (andmekaitseasutusele).<\/p><h2>10. Kontaktandmed<\/h2><p>K\u00fcsimuste ja\/v\u00f5i kommentaaride esitamiseks meie k\u00fcpsiste poliitika ja k\u00e4esoleva avalduse kohta v\u00f5tke meiega \u00fchendust, kasutades j\u00e4rgmisi kontaktandmeid:<\/p><p><span class=\"cmplz-contact-organisation\">Tibor Sz\u0151ke E.V.<\/span><br>\n                      <span class=\"cmplz-contact-address\">6400 Kiskunhalas, Batth\u00e1ny u. 54.<\/span><br>\n                      <span class=\"cmplz-contact-country\">Ungari<\/span><br>\n                      <span class=\"cmplz-contact-domain\">Veebileht: <a href=\"https:\/\/winebase.hu\/qr\/et\">https:\/\/winebase.hu\/qr\/et<\/a><\/span><br>\n                      <span class=\"cmplz-contact-email\">E-post: <span class=\"cmplz-obfuscate\">&#104;&#101;&#108;lo@<span class=\"cmplz-fmail-domain\">&#101;&#120;.c&#111;m<\/span>&#119;&#105;n&#101;&#098;ase.h&#117;<\/span><\/span><br>\n                    <span class=\"cmplz-contact-telephone\"><\/span><\/p><\/div>","protected":false},"excerpt":{"rendered":"","protected":false},"author":1,"featured_media":0,"parent":0,"menu_order":0,"comment_status":"closed","ping_status":"closed","template":"","meta":{"footnotes":""},"class_list":["post-320","page","type-page","status-publish","hentry"],"_links":{"self":[{"href":"https:\/\/winebase.hu\/qr\/et\/wp-json\/wp\/v2\/pages\/320","targetHints":{"allow":["GET"]}}],"collection":[{"href":"https:\/\/winebase.hu\/qr\/et\/wp-json\/wp\/v2\/pages"}],"about":[{"href":"https:\/\/winebase.hu\/qr\/et\/wp-json\/wp\/v2\/types\/page"}],"author":[{"embeddable":true,"href":"https:\/\/winebase.hu\/qr\/et\/wp-json\/wp\/v2\/users\/1"}],"replies":[{"embeddable":true,"href":"https:\/\/winebase.hu\/qr\/et\/wp-json\/wp\/v2\/comments?post=320"}],"version-history":[{"count":1,"href":"https:\/\/winebase.hu\/qr\/et\/wp-json\/wp\/v2\/pages\/320\/revisions"}],"predecessor-version":[{"id":327,"href":"https:\/\/winebase.hu\/qr\/et\/wp-json\/wp\/v2\/pages\/320\/revisions\/327"}],"wp:attachment":[{"href":"https:\/\/winebase.hu\/qr\/et\/wp-json\/wp\/v2\/media?parent=320"}],"curies":[{"name":"wp","href":"https:\/\/api.w.org\/{rel}","templated":true}]}}