{"id":320,"date":"2024-07-31T14:25:18","date_gmt":"2024-07-31T12:25:18","guid":{"rendered":"https:\/\/winebase.hu\/qr\/cookie-policy-eu"},"modified":"2024-08-01T16:44:19","modified_gmt":"2024-08-01T14:44:19","slug":"suti-szabalyzat","status":"publish","type":"page","link":"https:\/\/winebase.hu\/qr\/de\/suti-szabalyzat","title":{"rendered":"Cookie-Politik"},"content":{"rendered":"<!-- Legal document generated by Complianz | GDPR\/CCPA Cookie Consent https:\/\/wordpress.org\/plugins\/complianz-gdpr -->\n<div id=\"cmplz-document\" class=\"cmplz-document cookie-statement cmplz-document-eu\"><p><i>Diese Cookie-Richtlinie wurde zuletzt am 2024.08.01. aktualisiert und gilt f\u00fcr B\u00fcrger und Einwohner des Europ\u00e4ischen Wirtschaftsraums und der Schweiz.<\/i><br><\/p><h2>1. Einleitung<\/h2><p>Unsere Website, <a href=\"https:\/\/winebase.hu\/qr\/de\">https:\/\/winebase.hu\/qr\/de<\/a> (im folgenden: \"Die Website\") verwendet Cookies und \u00e4hnliche Technologien (der Einfachheit halber werden all diese unter \"Cookies\" zusammengefasst). Cookies werden au\u00dferdem von uns beauftragten Drittparteien platziert. In dem unten stehendem Dokument informieren wir dich \u00fcber die Verwendung von Cookies auf unserer Website.<\/p><h2>2 Was sind Cookies?<\/h2><p>Bei einem Cookie handelt es sich um eine einfache kleine Datei, die zusammen mit den Seiten einer Internetadresse gesendet und vom Webbrowser auf dem PC oder einem anderen Ger\u00e4t gespeichert werden kann. Die darin gespeicherten Informationen k\u00f6nnen bei sp\u00e4teren Besuchen an unsere Server oder an die Server von relevanten Dritten gesendet werden.<\/p><h2>3. Was sind Skripte?<\/h2><p>Ein Skript ist ein St\u00fcck Programmcode, das dazu dient, unserer Website Funktionalit\u00e4t und Interaktivit\u00e4t zu verleihen, und das auf unseren Servern oder auf Ihrem Ger\u00e4t ausgef\u00fchrt wird.<\/p><h2>4 Was ist ein Web-Beacon?<\/h2><p>Ein Web-Beacon (auch Pixel-Tag genannt) ist ein kleines, unsichtbares Text- oder Bildfragment auf einer Website, das dazu dient, den Verkehr auf der Website zu \u00fcberwachen. Um dies zu erm\u00f6glichen, werden mit Web-Beacons verschiedene Daten \u00fcber Sie gespeichert.<\/p><h2>5. Kekse<\/h2><p class=\"cmplz-subtitle\">5.1 Technische oder funktionale Cookies<\/p><p>Einige Cookies stellen sicher, dass bestimmte Teile der Website ordnungsgem\u00e4\u00df funktionieren und deine Benutzereinstellungen weiterhin in Erinnerung bleiben. Durch das Setzen funktionaler Cookies erleichtern wir dir den Besuch unserer Website. Auf diese Weise musst du beim Besuch unserer Website nicht wiederholt dieselben Informationen eingeben, so bleiben Artikel beispielsweise in deinem Warenkorb, bis du bezahlst. Wir k\u00f6nnen diese Cookies ohne deine Einwilligung platzieren.<\/p><h2>6. platzierte Kekse<\/h2><div id=\"cmplz-cookies-overview\"><details class=\"cmplz-dropdown cmplz-service-desc cmplz-dropdown-cookiepolicy\">\n\t<summary class=\"cmplz-service-header\"><div>\n\t\t<h3>Andere<\/h3>\n\t\t<p>Gegenstand der Untersuchung<\/p>\n\t\t<label for=\"cmplz_service_sonstiges\" class=\"cmplz_consent_per_service_label\"><span class=\"screen-reader-text\">Zustimmung zur Zustellung anderer<\/span><\/label>\n\t\t<input type=\"checkbox\" id=\"cmplz_service_sonstiges\" class=\"cmplz-accept-service cmplz-hidden\" data-service=\"sonstiges\" data-category=\"functional\"><\/div>\n\t<\/summary>\n\t<div class=\"cmplz-service-description\">\n\t\t<h4>Verwendung<\/h4>\n\t\t<p><\/p>\n\t<\/div>\n\t<div class=\"cmplz-sharing-data\">\n\t\t<h4>Offenlegung von Daten<\/h4>\n\t\t<p>Gemeinsame Nutzung von Daten wird noch untersucht<\/p>\n\t<\/div>\n\t<div class=\"cookies-per-purpose\">\n    <div class=\"purpose\"><h4>Gegenstand der Untersuchung<\/h4><\/div>\n    <div class=\"name-header\">\n\t<h5>Name<\/h5>\n<\/div>\n<div class=\"name\">_ga<\/div>\n<div class=\"retention-header\">\n\t<h5>Verfallsdatum<\/h5>\n<\/div>\n<div class=\"retention\"><\/div>\n<div class=\"function-header\">\n\t<h5>Funktion<\/h5>\n<\/div>\n<div class=\"function\"><\/div>\n<div class=\"name-header\">\n\t<h5>Name<\/h5>\n<\/div>\n<div class=\"name\">_ga_Q8D12B8SJ8<\/div>\n<div class=\"retention-header\">\n\t<h5>Verfallsdatum<\/h5>\n<\/div>\n<div class=\"retention\"><\/div>\n<div class=\"function-header\">\n\t<h5>Funktion<\/h5>\n<\/div>\n<div class=\"function\"><\/div>\n<div class=\"name-header\">\n\t<h5>Name<\/h5>\n<\/div>\n<div class=\"name\">2fuf6at4<\/div>\n<div class=\"retention-header\">\n\t<h5>Verfallsdatum<\/h5>\n<\/div>\n<div class=\"retention\"><\/div>\n<div class=\"function-header\">\n\t<h5>Funktion<\/h5>\n<\/div>\n<div class=\"function\"><\/div>\n<div class=\"name-header\">\n\t<h5>Name<\/h5>\n<\/div>\n<div class=\"name\">k7k80o55<\/div>\n<div class=\"retention-header\">\n\t<h5>Verfallsdatum<\/h5>\n<\/div>\n<div class=\"retention\"><\/div>\n<div class=\"function-header\">\n\t<h5>Funktion<\/h5>\n<\/div>\n<div class=\"function\"><\/div>\n<div class=\"name-header\">\n\t<h5>Name<\/h5>\n<\/div>\n<div class=\"name\">jd4mdtr6<\/div>\n<div class=\"retention-header\">\n\t<h5>Verfallsdatum<\/h5>\n<\/div>\n<div class=\"retention\"><\/div>\n<div class=\"function-header\">\n\t<h5>Funktion<\/h5>\n<\/div>\n<div class=\"function\"><\/div>\n<div class=\"name-header\">\n\t<h5>Name<\/h5>\n<\/div>\n<div class=\"name\">fpwchxd2<\/div>\n<div class=\"retention-header\">\n\t<h5>Verfallsdatum<\/h5>\n<\/div>\n<div class=\"retention\"><\/div>\n<div class=\"function-header\">\n\t<h5>Funktion<\/h5>\n<\/div>\n<div class=\"function\"><\/div>\n<div class=\"name-header\">\n\t<h5>Name<\/h5>\n<\/div>\n<div class=\"name\">pdqhrfdj<\/div>\n<div class=\"retention-header\">\n\t<h5>Verfallsdatum<\/h5>\n<\/div>\n<div class=\"retention\"><\/div>\n<div class=\"function-header\">\n\t<h5>Funktion<\/h5>\n<\/div>\n<div class=\"function\"><\/div>\n<div class=\"name-header\">\n\t<h5>Name<\/h5>\n<\/div>\n<div class=\"name\">367fomw3<\/div>\n<div class=\"retention-header\">\n\t<h5>Verfallsdatum<\/h5>\n<\/div>\n<div class=\"retention\"><\/div>\n<div class=\"function-header\">\n\t<h5>Funktion<\/h5>\n<\/div>\n<div class=\"function\"><\/div>\n<div class=\"name-header\">\n\t<h5>Name<\/h5>\n<\/div>\n<div class=\"name\">4nyi2d7r<\/div>\n<div class=\"retention-header\">\n\t<h5>Verfallsdatum<\/h5>\n<\/div>\n<div class=\"retention\"><\/div>\n<div class=\"function-header\">\n\t<h5>Funktion<\/h5>\n<\/div>\n<div class=\"function\"><\/div>\n<div class=\"name-header\">\n\t<h5>Name<\/h5>\n<\/div>\n<div class=\"name\">yx8zuzgu<\/div>\n<div class=\"retention-header\">\n\t<h5>Verfallsdatum<\/h5>\n<\/div>\n<div class=\"retention\"><\/div>\n<div class=\"function-header\">\n\t<h5>Funktion<\/h5>\n<\/div>\n<div class=\"function\"><\/div>\n<div class=\"name-header\">\n\t<h5>Name<\/h5>\n<\/div>\n<div class=\"name\">ydeyrekp<\/div>\n<div class=\"retention-header\">\n\t<h5>Verfallsdatum<\/h5>\n<\/div>\n<div class=\"retention\"><\/div>\n<div class=\"function-header\">\n\t<h5>Funktion<\/h5>\n<\/div>\n<div class=\"function\"><\/div>\n<div class=\"name-header\">\n\t<h5>Name<\/h5>\n<\/div>\n<div class=\"name\">dyzxokvk<\/div>\n<div class=\"retention-header\">\n\t<h5>Verfallsdatum<\/h5>\n<\/div>\n<div class=\"retention\"><\/div>\n<div class=\"function-header\">\n\t<h5>Funktion<\/h5>\n<\/div>\n<div class=\"function\"><\/div>\n<div class=\"name-header\">\n\t<h5>Name<\/h5>\n<\/div>\n<div class=\"name\">hskf493a<\/div>\n<div class=\"retention-header\">\n\t<h5>Verfallsdatum<\/h5>\n<\/div>\n<div class=\"retention\"><\/div>\n<div class=\"function-header\">\n\t<h5>Funktion<\/h5>\n<\/div>\n<div class=\"function\"><\/div>\n<div class=\"name-header\">\n\t<h5>Name<\/h5>\n<\/div>\n<div class=\"name\">selectedFormType<\/div>\n<div class=\"retention-header\">\n\t<h5>Verfallsdatum<\/h5>\n<\/div>\n<div class=\"retention\"><\/div>\n<div class=\"function-header\">\n\t<h5>Funktion<\/h5>\n<\/div>\n<div class=\"function\"><\/div>\n<div class=\"name-header\">\n\t<h5>Name<\/h5>\n<\/div>\n<div class=\"name\">emoji-mart.last<\/div>\n<div class=\"retention-header\">\n\t<h5>Verfallsdatum<\/h5>\n<\/div>\n<div class=\"retention\"><\/div>\n<div class=\"function-header\">\n\t<h5>Funktion<\/h5>\n<\/div>\n<div class=\"function\"><\/div>\n<div class=\"name-header\">\n\t<h5>Name<\/h5>\n<\/div>\n<div class=\"name\">omWpApi<\/div>\n<div class=\"retention-header\">\n\t<h5>Verfallsdatum<\/h5>\n<\/div>\n<div class=\"retention\"><\/div>\n<div class=\"function-header\">\n\t<h5>Funktion<\/h5>\n<\/div>\n<div class=\"function\"><\/div>\n<div class=\"name-header\">\n\t<h5>Name<\/h5>\n<\/div>\n<div class=\"name\">emoji-mart.h\u00e4ufig<\/div>\n<div class=\"retention-header\">\n\t<h5>Verfallsdatum<\/h5>\n<\/div>\n<div class=\"retention\"><\/div>\n<div class=\"function-header\">\n\t<h5>Funktion<\/h5>\n<\/div>\n<div class=\"function\"><\/div>\n<div class=\"name-header\">\n\t<h5>Name<\/h5>\n<\/div>\n<div class=\"name\">Log-Einstellungen<\/div>\n<div class=\"retention-header\">\n\t<h5>Verfallsdatum<\/h5>\n<\/div>\n<div class=\"retention\"><\/div>\n<div class=\"function-header\">\n\t<h5>Funktion<\/h5>\n<\/div>\n<div class=\"function\"><\/div>\n<div class=\"name-header\">\n\t<h5>Name<\/h5>\n<\/div>\n<div class=\"name\">Loglevel<\/div>\n<div class=\"retention-header\">\n\t<h5>Verfallsdatum<\/h5>\n<\/div>\n<div class=\"retention\"><\/div>\n<div class=\"function-header\">\n\t<h5>Funktion<\/h5>\n<\/div>\n<div class=\"function\"><\/div>\n<div class=\"name-header\">\n\t<h5>Name<\/h5>\n<\/div>\n<div class=\"name\">Eintr\u00e4gePerSeite<\/div>\n<div class=\"retention-header\">\n\t<h5>Verfallsdatum<\/h5>\n<\/div>\n<div class=\"retention\"><\/div>\n<div class=\"function-header\">\n\t<h5>Funktion<\/h5>\n<\/div>\n<div class=\"function\"><\/div>\n<div class=\"name-header\">\n\t<h5>Name<\/h5>\n<\/div>\n<div class=\"name\">1toibxv5<\/div>\n<div class=\"retention-header\">\n\t<h5>Verfallsdatum<\/h5>\n<\/div>\n<div class=\"retention\"><\/div>\n<div class=\"function-header\">\n\t<h5>Funktion<\/h5>\n<\/div>\n<div class=\"function\"><\/div>\n<div class=\"name-header\">\n\t<h5>Name<\/h5>\n<\/div>\n<div class=\"name\">j1c0hj1a<\/div>\n<div class=\"retention-header\">\n\t<h5>Verfallsdatum<\/h5>\n<\/div>\n<div class=\"retention\"><\/div>\n<div class=\"function-header\">\n\t<h5>Funktion<\/h5>\n<\/div>\n<div class=\"function\"><\/div>\n<div class=\"name-header\">\n\t<h5>Name<\/h5>\n<\/div>\n<div class=\"name\">ph1dy13n<\/div>\n<div class=\"retention-header\">\n\t<h5>Verfallsdatum<\/h5>\n<\/div>\n<div class=\"retention\"><\/div>\n<div class=\"function-header\">\n\t<h5>Funktion<\/h5>\n<\/div>\n<div class=\"function\"><\/div>\n<div class=\"name-header\">\n\t<h5>Name<\/h5>\n<\/div>\n<div class=\"name\">8w1zazp3<\/div>\n<div class=\"retention-header\">\n\t<h5>Verfallsdatum<\/h5>\n<\/div>\n<div class=\"retention\"><\/div>\n<div class=\"function-header\">\n\t<h5>Funktion<\/h5>\n<\/div>\n<div class=\"function\"><\/div>\n<div class=\"name-header\">\n\t<h5>Name<\/h5>\n<\/div>\n<div class=\"name\">c47mngya<\/div>\n<div class=\"retention-header\">\n\t<h5>Verfallsdatum<\/h5>\n<\/div>\n<div class=\"retention\"><\/div>\n<div class=\"function-header\">\n\t<h5>Funktion<\/h5>\n<\/div>\n<div class=\"function\"><\/div>\n<div class=\"name-header\">\n\t<h5>Name<\/h5>\n<\/div>\n<div class=\"name\">p4s885on<\/div>\n<div class=\"retention-header\">\n\t<h5>Verfallsdatum<\/h5>\n<\/div>\n<div class=\"retention\"><\/div>\n<div class=\"function-header\">\n\t<h5>Funktion<\/h5>\n<\/div>\n<div class=\"function\"><\/div>\n<div class=\"name-header\">\n\t<h5>Name<\/h5>\n<\/div>\n<div class=\"name\">drm1xvgt<\/div>\n<div class=\"retention-header\">\n\t<h5>Verfallsdatum<\/h5>\n<\/div>\n<div class=\"retention\"><\/div>\n<div class=\"function-header\">\n\t<h5>Funktion<\/h5>\n<\/div>\n<div class=\"function\"><\/div>\n<div class=\"name-header\">\n\t<h5>Name<\/h5>\n<\/div>\n<div class=\"name\">5kjkr0qu<\/div>\n<div class=\"retention-header\">\n\t<h5>Verfallsdatum<\/h5>\n<\/div>\n<div class=\"retention\"><\/div>\n<div class=\"function-header\">\n\t<h5>Funktion<\/h5>\n<\/div>\n<div class=\"function\"><\/div>\n<div class=\"name-header\">\n\t<h5>Name<\/h5>\n<\/div>\n<div class=\"name\">76koxdcg<\/div>\n<div class=\"retention-header\">\n\t<h5>Verfallsdatum<\/h5>\n<\/div>\n<div class=\"retention\"><\/div>\n<div class=\"function-header\">\n\t<h5>Funktion<\/h5>\n<\/div>\n<div class=\"function\"><\/div>\n<div class=\"name-header\">\n\t<h5>Name<\/h5>\n<\/div>\n<div class=\"name\">omVisitsFirst<\/div>\n<div class=\"retention-header\">\n\t<h5>Verfallsdatum<\/h5>\n<\/div>\n<div class=\"retention\"><\/div>\n<div class=\"function-header\">\n\t<h5>Funktion<\/h5>\n<\/div>\n<div class=\"function\"><\/div>\n<div class=\"name-header\">\n\t<h5>Name<\/h5>\n<\/div>\n<div class=\"name\">omVisits<\/div>\n<div class=\"retention-header\">\n\t<h5>Verfallsdatum<\/h5>\n<\/div>\n<div class=\"retention\"><\/div>\n<div class=\"function-header\">\n\t<h5>Funktion<\/h5>\n<\/div>\n<div class=\"function\"><\/div>\n<div class=\"name-header\">\n\t<h5>Name<\/h5>\n<\/div>\n<div class=\"name\">omSessionStart<\/div>\n<div class=\"retention-header\">\n\t<h5>Verfallsdatum<\/h5>\n<\/div>\n<div class=\"retention\"><\/div>\n<div class=\"function-header\">\n\t<h5>Funktion<\/h5>\n<\/div>\n<div class=\"function\"><\/div>\n<div class=\"name-header\">\n\t<h5>Name<\/h5>\n<\/div>\n<div class=\"name\">omScrollHeight<\/div>\n<div class=\"retention-header\">\n\t<h5>Verfallsdatum<\/h5>\n<\/div>\n<div class=\"retention\"><\/div>\n<div class=\"function-header\">\n\t<h5>Funktion<\/h5>\n<\/div>\n<div class=\"function\"><\/div>\n<div class=\"name-header\">\n\t<h5>Name<\/h5>\n<\/div>\n<div class=\"name\">omSessionPageviews<\/div>\n<div class=\"retention-header\">\n\t<h5>Verfallsdatum<\/h5>\n<\/div>\n<div class=\"retention\"><\/div>\n<div class=\"function-header\">\n\t<h5>Funktion<\/h5>\n<\/div>\n<div class=\"function\"><\/div>\n<div class=\"name-header\">\n\t<h5>Name<\/h5>\n<\/div>\n<div class=\"name\">adobeCleanFontAdded<\/div>\n<div class=\"retention-header\">\n\t<h5>Verfallsdatum<\/h5>\n<\/div>\n<div class=\"retention\"><\/div>\n<div class=\"function-header\">\n\t<h5>Funktion<\/h5>\n<\/div>\n<div class=\"function\"><\/div>\n<div class=\"name-header\">\n\t<h5>Name<\/h5>\n<\/div>\n<div class=\"name\">language<\/div>\n<div class=\"retention-header\">\n\t<h5>Verfallsdatum<\/h5>\n<\/div>\n<div class=\"retention\"><\/div>\n<div class=\"function-header\">\n\t<h5>Funktion<\/h5>\n<\/div>\n<div class=\"function\"><\/div>\n<div class=\"name-header\">\n\t<h5>Name<\/h5>\n<\/div>\n<div class=\"name\">_omappvp<\/div>\n<div class=\"retention-header\">\n\t<h5>Verfallsdatum<\/h5>\n<\/div>\n<div class=\"retention\"><\/div>\n<div class=\"function-header\">\n\t<h5>Funktion<\/h5>\n<\/div>\n<div class=\"function\"><\/div>\n<div class=\"name-header\">\n\t<h5>Name<\/h5>\n<\/div>\n<div class=\"name\">_omappvs<\/div>\n<div class=\"retention-header\">\n\t<h5>Verfallsdatum<\/h5>\n<\/div>\n<div class=\"retention\"><\/div>\n<div class=\"function-header\">\n\t<h5>Funktion<\/h5>\n<\/div>\n<div class=\"function\"><\/div>\n\n<\/div>\n<\/details>\n<\/div><h2>7. Einwilligung<\/h2><p>Wenn du unsere Website das erste Mal besuchst, zeigen wir dir ein Pop-Up mit einer Erkl\u00e4rung \u00fcber Cookies. Sobald du auf \"S\u00fctik elfogad\u00e1sa\" klickst, gibst du uns deine Einwilligung, alle in diesem Pop-Up und in der Cookie-Richtlinie beschriebenen Cookies und Plugins zu verwenden. Du kannst die Verwendung von Cookies \u00fcber deinen Browser deaktivieren, aber bitte beachte, dass unsere Website dann unter Umst\u00e4nden nicht richtig funktioniert.<\/p><p class=\"cmplz-subtitle\">7.1 Verwalte deine Einwilligungseinstellungen<\/p><div id=\"cmplz-manage-consent-container-nojavascript\">Du hast die Cookie-Richtlinie ohne Javascript-Unterst\u00fctzung geladen.&nbsp;Unter AMP kannst du den Button zum Zustimmen der Einwilligung unten auf der Seite verwenden.<\/div><div id=\"cmplz-manage-consent-container\" class=\"cmplz-manage-consent-container\"><\/div><h2>8. Aktivierung\/Deaktivierung und L\u00f6schung von Cookies<\/h2><p>Sie k\u00f6nnen Ihren Internet-Browser verwenden, um Cookies automatisch oder manuell zu l\u00f6schen, und Sie k\u00f6nnen auch festlegen, ob spezielle Cookies gesetzt werden sollen oder nicht. Sie k\u00f6nnen Ihren Internet-Browser auch so einstellen, dass Sie jedes Mal benachrichtigt werden, wenn ein Cookie platziert wird. Weitere Informationen zu diesen Optionen finden Sie in den Anweisungen im Hilfebereich Ihres Browsers.<\/p><p>Bitte beachten Sie, dass unsere Website m\u00f6glicherweise nicht richtig funktioniert, wenn alle Cookies deaktiviert sind. Wenn Sie die Cookies in Ihrem Browser l\u00f6schen, werden sie bei einem erneuten Besuch unserer Website wieder eingesetzt.<\/p><h2>9. Deine Rechte in Bezug auf personenbezogene Daten<\/h2><p>Du hast folgende Rechte in Bezug auf deine personenbezogenen Daten:<\/p><ul>\n                    <li>Du hast das Recht zu erfahren, warum deine personenbezogenen Daten ben\u00f6tigt werden, was damit passiert und wie lange sie aufbewahrt werden.<\/li>\n                    <li>Auskunftsrecht: Du hast das Recht deine uns bekannten pers\u00f6nliche Daten einzusehen.\n\t<\/li>\n                    <li>Recht auf Berichtigung: Du hast das Recht wann immer du w\u00fcnscht, deine personenbezogenen Daten zu erg\u00e4nzen, zu korrigieren sowie gel\u00f6scht oder blockiert zu bekommen.<\/li>\n                    <li>Wenn du uns deine Einwilligung zur Verarbeitung deiner Daten erteilst, hast du das Recht diese Einwilligung zu widerrufen und deine personenbezogenen Daten l\u00f6schen zu lassen.<\/li>\n                    <li>Recht auf Daten\u00fcbertragbarkeit: Du hast das Recht, alle deine personenbezogenen Daten von dem f\u00fcr die Verarbeitung Verantwortlichen anzufordern und sie vollst\u00e4ndig an einen anderen f\u00fcr die Verarbeitung Verantwortlichen zu \u00fcbermitteln.<\/li>\n                    <li>Widerspruchsrecht: Sie k\u00f6nnen der Verarbeitung Ihrer Daten widersprechen, und wir werden dies tun, es sei denn, es liegen berechtigte Gr\u00fcnde f\u00fcr die Verarbeitung vor.<\/li>\n                <\/ul><p>Um diese Rechte auszu\u00fcben, wenden Sie sich bitte an uns. Bitte beachten Sie die Kontaktdaten am Ende dieser Cookie-Erkl\u00e4rung. Wenn Sie sich dar\u00fcber beschweren m\u00f6chten, wie wir Ihre Daten behandeln, haben Sie das Recht, sich an die Aufsichtsbeh\u00f6rde (Datenschutzbeh\u00f6rde) zu wenden.<\/p><h2>10. Kontaktinformationen<\/h2><p>Wenn Sie Fragen und\/oder Anmerkungen zu unserer Cookie-Richtlinie und dieser Erkl\u00e4rung haben, wenden Sie sich bitte an die nachstehenden Kontaktangaben:<\/p><p><span class=\"cmplz-contact-organisation\">Tibor Sz\u0151ke E.V.<\/span><br>\n                      <span class=\"cmplz-contact-address\">6400 Kiskunhalas, Batth\u00e1ny u. 54.<\/span><br>\n                      <span class=\"cmplz-contact-country\">Ungarn<\/span><br>\n                      <span class=\"cmplz-contact-domain\">Website: <a href=\"https:\/\/winebase.hu\/qr\/de\">https:\/\/winebase.hu\/qr\/de<\/a><\/span><br>\n                      <span class=\"cmplz-contact-email\">E-Mail: <span class=\"cmplz-obfuscate\">&#104;&#101;&#108;&#108;o@<span class=\"cmplz-fmail-domain\">&#101;x.c&#111;m<\/span>&#119;i&#110;&#101;&#098;a&#115;&#101;&#046;&#104;&#117;<\/span><\/span><br>\n                    <span class=\"cmplz-contact-telephone\"><\/span><\/p><\/div>","protected":false},"excerpt":{"rendered":"","protected":false},"author":1,"featured_media":0,"parent":0,"menu_order":0,"comment_status":"closed","ping_status":"closed","template":"","meta":{"footnotes":""},"class_list":["post-320","page","type-page","status-publish","hentry"],"_links":{"self":[{"href":"https:\/\/winebase.hu\/qr\/de\/wp-json\/wp\/v2\/pages\/320","targetHints":{"allow":["GET"]}}],"collection":[{"href":"https:\/\/winebase.hu\/qr\/de\/wp-json\/wp\/v2\/pages"}],"about":[{"href":"https:\/\/winebase.hu\/qr\/de\/wp-json\/wp\/v2\/types\/page"}],"author":[{"embeddable":true,"href":"https:\/\/winebase.hu\/qr\/de\/wp-json\/wp\/v2\/users\/1"}],"replies":[{"embeddable":true,"href":"https:\/\/winebase.hu\/qr\/de\/wp-json\/wp\/v2\/comments?post=320"}],"version-history":[{"count":1,"href":"https:\/\/winebase.hu\/qr\/de\/wp-json\/wp\/v2\/pages\/320\/revisions"}],"predecessor-version":[{"id":327,"href":"https:\/\/winebase.hu\/qr\/de\/wp-json\/wp\/v2\/pages\/320\/revisions\/327"}],"wp:attachment":[{"href":"https:\/\/winebase.hu\/qr\/de\/wp-json\/wp\/v2\/media?parent=320"}],"curies":[{"name":"wp","href":"https:\/\/api.w.org\/{rel}","templated":true}]}}