{"id":320,"date":"2024-07-31T14:25:18","date_gmt":"2024-07-31T12:25:18","guid":{"rendered":"https:\/\/winebase.hu\/qr\/cookie-policy-eu"},"modified":"2024-08-01T16:44:19","modified_gmt":"2024-08-01T14:44:19","slug":"suti-szabalyzat","status":"publish","type":"page","link":"https:\/\/winebase.hu\/qr\/da\/suti-szabalyzat","title":{"rendered":"Cookie-politik"},"content":{"rendered":"<!-- Legal document generated by Complianz | GDPR\/CCPA Cookie Consent https:\/\/wordpress.org\/plugins\/complianz-gdpr -->\n<div id=\"cmplz-document\" class=\"cmplz-document cookie-statement cmplz-document-eu\"><p><i>Denne cookiepolitik blev sidst opdateret 2024.08.01. og g\u00e6lder borgere i Det Europ\u00e6iske \u00d8konomiske Samarbejdsomr\u00e5de.<\/i><br><\/p><h2>1. Introduktion<\/h2><p>Vores websted, <a href=\"https:\/\/winebase.hu\/qr\/da\">https:\/\/winebase.hu\/qr\/da<\/a> (i det f\u00f8lgende: \"webstedet\") bruger cookies og andre relaterede teknologier (for nemheds skyld ben\u00e6vnes alle teknologier \"cookies\"). Cookies placeres ogs\u00e5 af tredjepart, vi har engageret. I dokumentet herunder informerer vi dig om brugen af \u200b\u200bcookies p\u00e5 vores websted.<\/p><h2>2. Hvad er cookies?<\/h2><p>En cookie er en lille tekstfil, der sendes sammen med sider p\u00e5 dit websted, og som gemmes i din browser p\u00e5 din computer eller dit computerudstyr. Oplysninger i cookien kan sendes til vores servere eller relevante tredjepartsservere, n\u00e5r du bes\u00f8ger webstedet.<\/p><h2>3. Hvad er scripts?<\/h2><p>Et script er en stump kode, der g\u00f8r, at vores websted fungerer ordentligt og som forventet. Denne kode kan findes p\u00e5 din server eller p\u00e5 din computer.<\/p><h2>4. Hvad er en web-beacon?<\/h2><p>En web beacon (eller pixel tag) er et lille stykke tekst eller billede p\u00e5 en webside, som bruges til at overv\u00e5ge trafikken p\u00e5 websiden. For at g\u00f8re dette indsamler web beacons specifikke data om dig.<\/p><h2>5. Sm\u00e5kager <\/h2><p class=\"cmplz-subtitle\">5.1 Tekniske eller funktionelle cookies<\/p><p>Nogle cookies sikrer, at visse dele af webstedet fungerer korrekt, og at dine brugerpr\u00e6ferencer forbliver kendte. Ved at placere funktionelle cookies g\u00f8r vi det lettere for dig at bes\u00f8ge vores hjemmeside. P\u00e5 den m\u00e5de beh\u00f8ver du ikke at indtaste de samme oplysninger, hver gang du bes\u00f8ger vores hjemmeside, og oplysningerne vil f.eks. forblive i din indk\u00f8bskurv, indtil du har betalt. Vi kan placere disse cookies uden dit samtykke.<\/p><h2>6. Placerede sm\u00e5kager<\/h2><div id=\"cmplz-cookies-overview\"><details class=\"cmplz-dropdown cmplz-service-desc cmplz-dropdown-cookiepolicy\">\n\t<summary class=\"cmplz-service-header\"><div>\n\t\t<h3>Forskellige<\/h3>\n\t\t<p>Form\u00e5l, indtil unders\u00f8gelse<\/p>\n\t\t<label for=\"cmplz_service_diverse\" class=\"cmplz_consent_per_service_label\"><span class=\"screen-reader-text\">Samtykke til forskellige tjenester<\/span><\/label>\n\t\t<input type=\"checkbox\" id=\"cmplz_service_diverse\" class=\"cmplz-accept-service cmplz-hidden\" data-service=\"diverse\" data-category=\"functional\"><\/div>\n\t<\/summary>\n\t<div class=\"cmplz-service-description\">\n\t\t<h4>G\u00e5 til<\/h4>\n\t\t<p><\/p>\n\t<\/div>\n\t<div class=\"cmplz-sharing-data\">\n\t\t<h4>Deling af data<\/h4>\n\t\t<p>Sletning af data fra en analyse<\/p>\n\t<\/div>\n\t<div class=\"cookies-per-purpose\">\n    <div class=\"purpose\"><h4>Form\u00e5l, indtil unders\u00f8gelse<\/h4><\/div>\n    <div class=\"name-header\">\n\t<h5>Navn<\/h5>\n<\/div>\n<div class=\"name\">_ga<\/div>\n<div class=\"retention-header\">\n\t<h5>Udl\u00f8b<\/h5>\n<\/div>\n<div class=\"retention\"><\/div>\n<div class=\"function-header\">\n\t<h5>Funktion<\/h5>\n<\/div>\n<div class=\"function\"><\/div>\n<div class=\"name-header\">\n\t<h5>Navn<\/h5>\n<\/div>\n<div class=\"name\">_ga_Q8D12B8SJ8<\/div>\n<div class=\"retention-header\">\n\t<h5>Udl\u00f8b<\/h5>\n<\/div>\n<div class=\"retention\"><\/div>\n<div class=\"function-header\">\n\t<h5>Funktion<\/h5>\n<\/div>\n<div class=\"function\"><\/div>\n<div class=\"name-header\">\n\t<h5>Navn<\/h5>\n<\/div>\n<div class=\"name\">2fuf6at4<\/div>\n<div class=\"retention-header\">\n\t<h5>Udl\u00f8b<\/h5>\n<\/div>\n<div class=\"retention\"><\/div>\n<div class=\"function-header\">\n\t<h5>Funktion<\/h5>\n<\/div>\n<div class=\"function\"><\/div>\n<div class=\"name-header\">\n\t<h5>Navn<\/h5>\n<\/div>\n<div class=\"name\">k7k80o55<\/div>\n<div class=\"retention-header\">\n\t<h5>Udl\u00f8b<\/h5>\n<\/div>\n<div class=\"retention\"><\/div>\n<div class=\"function-header\">\n\t<h5>Funktion<\/h5>\n<\/div>\n<div class=\"function\"><\/div>\n<div class=\"name-header\">\n\t<h5>Navn<\/h5>\n<\/div>\n<div class=\"name\">jd4mdtr6<\/div>\n<div class=\"retention-header\">\n\t<h5>Udl\u00f8b<\/h5>\n<\/div>\n<div class=\"retention\"><\/div>\n<div class=\"function-header\">\n\t<h5>Funktion<\/h5>\n<\/div>\n<div class=\"function\"><\/div>\n<div class=\"name-header\">\n\t<h5>Navn<\/h5>\n<\/div>\n<div class=\"name\">fpwchxd2<\/div>\n<div class=\"retention-header\">\n\t<h5>Udl\u00f8b<\/h5>\n<\/div>\n<div class=\"retention\"><\/div>\n<div class=\"function-header\">\n\t<h5>Funktion<\/h5>\n<\/div>\n<div class=\"function\"><\/div>\n<div class=\"name-header\">\n\t<h5>Navn<\/h5>\n<\/div>\n<div class=\"name\">pdqhrfdj<\/div>\n<div class=\"retention-header\">\n\t<h5>Udl\u00f8b<\/h5>\n<\/div>\n<div class=\"retention\"><\/div>\n<div class=\"function-header\">\n\t<h5>Funktion<\/h5>\n<\/div>\n<div class=\"function\"><\/div>\n<div class=\"name-header\">\n\t<h5>Navn<\/h5>\n<\/div>\n<div class=\"name\">367fomw3<\/div>\n<div class=\"retention-header\">\n\t<h5>Udl\u00f8b<\/h5>\n<\/div>\n<div class=\"retention\"><\/div>\n<div class=\"function-header\">\n\t<h5>Funktion<\/h5>\n<\/div>\n<div class=\"function\"><\/div>\n<div class=\"name-header\">\n\t<h5>Navn<\/h5>\n<\/div>\n<div class=\"name\">4nyi2d7r<\/div>\n<div class=\"retention-header\">\n\t<h5>Udl\u00f8b<\/h5>\n<\/div>\n<div class=\"retention\"><\/div>\n<div class=\"function-header\">\n\t<h5>Funktion<\/h5>\n<\/div>\n<div class=\"function\"><\/div>\n<div class=\"name-header\">\n\t<h5>Navn<\/h5>\n<\/div>\n<div class=\"name\">yx8zuzgu<\/div>\n<div class=\"retention-header\">\n\t<h5>Udl\u00f8b<\/h5>\n<\/div>\n<div class=\"retention\"><\/div>\n<div class=\"function-header\">\n\t<h5>Funktion<\/h5>\n<\/div>\n<div class=\"function\"><\/div>\n<div class=\"name-header\">\n\t<h5>Navn<\/h5>\n<\/div>\n<div class=\"name\">ydeyrekp<\/div>\n<div class=\"retention-header\">\n\t<h5>Udl\u00f8b<\/h5>\n<\/div>\n<div class=\"retention\"><\/div>\n<div class=\"function-header\">\n\t<h5>Funktion<\/h5>\n<\/div>\n<div class=\"function\"><\/div>\n<div class=\"name-header\">\n\t<h5>Navn<\/h5>\n<\/div>\n<div class=\"name\">dyzxokvk<\/div>\n<div class=\"retention-header\">\n\t<h5>Udl\u00f8b<\/h5>\n<\/div>\n<div class=\"retention\"><\/div>\n<div class=\"function-header\">\n\t<h5>Funktion<\/h5>\n<\/div>\n<div class=\"function\"><\/div>\n<div class=\"name-header\">\n\t<h5>Navn<\/h5>\n<\/div>\n<div class=\"name\">hskf493a<\/div>\n<div class=\"retention-header\">\n\t<h5>Udl\u00f8b<\/h5>\n<\/div>\n<div class=\"retention\"><\/div>\n<div class=\"function-header\">\n\t<h5>Funktion<\/h5>\n<\/div>\n<div class=\"function\"><\/div>\n<div class=\"name-header\">\n\t<h5>Navn<\/h5>\n<\/div>\n<div class=\"name\">selectedFormType<\/div>\n<div class=\"retention-header\">\n\t<h5>Udl\u00f8b<\/h5>\n<\/div>\n<div class=\"retention\"><\/div>\n<div class=\"function-header\">\n\t<h5>Funktion<\/h5>\n<\/div>\n<div class=\"function\"><\/div>\n<div class=\"name-header\">\n\t<h5>Navn<\/h5>\n<\/div>\n<div class=\"name\">emoji-mart.last<\/div>\n<div class=\"retention-header\">\n\t<h5>Udl\u00f8b<\/h5>\n<\/div>\n<div class=\"retention\"><\/div>\n<div class=\"function-header\">\n\t<h5>Funktion<\/h5>\n<\/div>\n<div class=\"function\"><\/div>\n<div class=\"name-header\">\n\t<h5>Navn<\/h5>\n<\/div>\n<div class=\"name\">omWpApi<\/div>\n<div class=\"retention-header\">\n\t<h5>Udl\u00f8b<\/h5>\n<\/div>\n<div class=\"retention\"><\/div>\n<div class=\"function-header\">\n\t<h5>Funktion<\/h5>\n<\/div>\n<div class=\"function\"><\/div>\n<div class=\"name-header\">\n\t<h5>Navn<\/h5>\n<\/div>\n<div class=\"name\">emoji-mart.frequently<\/div>\n<div class=\"retention-header\">\n\t<h5>Udl\u00f8b<\/h5>\n<\/div>\n<div class=\"retention\"><\/div>\n<div class=\"function-header\">\n\t<h5>Funktion<\/h5>\n<\/div>\n<div class=\"function\"><\/div>\n<div class=\"name-header\">\n\t<h5>Navn<\/h5>\n<\/div>\n<div class=\"name\">log-indstillinger<\/div>\n<div class=\"retention-header\">\n\t<h5>Udl\u00f8b<\/h5>\n<\/div>\n<div class=\"retention\"><\/div>\n<div class=\"function-header\">\n\t<h5>Funktion<\/h5>\n<\/div>\n<div class=\"function\"><\/div>\n<div class=\"name-header\">\n\t<h5>Navn<\/h5>\n<\/div>\n<div class=\"name\">logniveau<\/div>\n<div class=\"retention-header\">\n\t<h5>Udl\u00f8b<\/h5>\n<\/div>\n<div class=\"retention\"><\/div>\n<div class=\"function-header\">\n\t<h5>Funktion<\/h5>\n<\/div>\n<div class=\"function\"><\/div>\n<div class=\"name-header\">\n\t<h5>Navn<\/h5>\n<\/div>\n<div class=\"name\">posterPer side<\/div>\n<div class=\"retention-header\">\n\t<h5>Udl\u00f8b<\/h5>\n<\/div>\n<div class=\"retention\"><\/div>\n<div class=\"function-header\">\n\t<h5>Funktion<\/h5>\n<\/div>\n<div class=\"function\"><\/div>\n<div class=\"name-header\">\n\t<h5>Navn<\/h5>\n<\/div>\n<div class=\"name\">1toibxv5<\/div>\n<div class=\"retention-header\">\n\t<h5>Udl\u00f8b<\/h5>\n<\/div>\n<div class=\"retention\"><\/div>\n<div class=\"function-header\">\n\t<h5>Funktion<\/h5>\n<\/div>\n<div class=\"function\"><\/div>\n<div class=\"name-header\">\n\t<h5>Navn<\/h5>\n<\/div>\n<div class=\"name\">j1c0hj1a<\/div>\n<div class=\"retention-header\">\n\t<h5>Udl\u00f8b<\/h5>\n<\/div>\n<div class=\"retention\"><\/div>\n<div class=\"function-header\">\n\t<h5>Funktion<\/h5>\n<\/div>\n<div class=\"function\"><\/div>\n<div class=\"name-header\">\n\t<h5>Navn<\/h5>\n<\/div>\n<div class=\"name\">ph1dy13n<\/div>\n<div class=\"retention-header\">\n\t<h5>Udl\u00f8b<\/h5>\n<\/div>\n<div class=\"retention\"><\/div>\n<div class=\"function-header\">\n\t<h5>Funktion<\/h5>\n<\/div>\n<div class=\"function\"><\/div>\n<div class=\"name-header\">\n\t<h5>Navn<\/h5>\n<\/div>\n<div class=\"name\">8w1zazp3<\/div>\n<div class=\"retention-header\">\n\t<h5>Udl\u00f8b<\/h5>\n<\/div>\n<div class=\"retention\"><\/div>\n<div class=\"function-header\">\n\t<h5>Funktion<\/h5>\n<\/div>\n<div class=\"function\"><\/div>\n<div class=\"name-header\">\n\t<h5>Navn<\/h5>\n<\/div>\n<div class=\"name\">c47mngya<\/div>\n<div class=\"retention-header\">\n\t<h5>Udl\u00f8b<\/h5>\n<\/div>\n<div class=\"retention\"><\/div>\n<div class=\"function-header\">\n\t<h5>Funktion<\/h5>\n<\/div>\n<div class=\"function\"><\/div>\n<div class=\"name-header\">\n\t<h5>Navn<\/h5>\n<\/div>\n<div class=\"name\">p4s885on<\/div>\n<div class=\"retention-header\">\n\t<h5>Udl\u00f8b<\/h5>\n<\/div>\n<div class=\"retention\"><\/div>\n<div class=\"function-header\">\n\t<h5>Funktion<\/h5>\n<\/div>\n<div class=\"function\"><\/div>\n<div class=\"name-header\">\n\t<h5>Navn<\/h5>\n<\/div>\n<div class=\"name\">drm1xvgt<\/div>\n<div class=\"retention-header\">\n\t<h5>Udl\u00f8b<\/h5>\n<\/div>\n<div class=\"retention\"><\/div>\n<div class=\"function-header\">\n\t<h5>Funktion<\/h5>\n<\/div>\n<div class=\"function\"><\/div>\n<div class=\"name-header\">\n\t<h5>Navn<\/h5>\n<\/div>\n<div class=\"name\">5kjkr0qu<\/div>\n<div class=\"retention-header\">\n\t<h5>Udl\u00f8b<\/h5>\n<\/div>\n<div class=\"retention\"><\/div>\n<div class=\"function-header\">\n\t<h5>Funktion<\/h5>\n<\/div>\n<div class=\"function\"><\/div>\n<div class=\"name-header\">\n\t<h5>Navn<\/h5>\n<\/div>\n<div class=\"name\">76koxdcg<\/div>\n<div class=\"retention-header\">\n\t<h5>Udl\u00f8b<\/h5>\n<\/div>\n<div class=\"retention\"><\/div>\n<div class=\"function-header\">\n\t<h5>Funktion<\/h5>\n<\/div>\n<div class=\"function\"><\/div>\n<div class=\"name-header\">\n\t<h5>Navn<\/h5>\n<\/div>\n<div class=\"name\">omVisitsFirst<\/div>\n<div class=\"retention-header\">\n\t<h5>Udl\u00f8b<\/h5>\n<\/div>\n<div class=\"retention\"><\/div>\n<div class=\"function-header\">\n\t<h5>Funktion<\/h5>\n<\/div>\n<div class=\"function\"><\/div>\n<div class=\"name-header\">\n\t<h5>Navn<\/h5>\n<\/div>\n<div class=\"name\">omVisits<\/div>\n<div class=\"retention-header\">\n\t<h5>Udl\u00f8b<\/h5>\n<\/div>\n<div class=\"retention\"><\/div>\n<div class=\"function-header\">\n\t<h5>Funktion<\/h5>\n<\/div>\n<div class=\"function\"><\/div>\n<div class=\"name-header\">\n\t<h5>Navn<\/h5>\n<\/div>\n<div class=\"name\">omSessionStart<\/div>\n<div class=\"retention-header\">\n\t<h5>Udl\u00f8b<\/h5>\n<\/div>\n<div class=\"retention\"><\/div>\n<div class=\"function-header\">\n\t<h5>Funktion<\/h5>\n<\/div>\n<div class=\"function\"><\/div>\n<div class=\"name-header\">\n\t<h5>Navn<\/h5>\n<\/div>\n<div class=\"name\">omScrollHeight<\/div>\n<div class=\"retention-header\">\n\t<h5>Udl\u00f8b<\/h5>\n<\/div>\n<div class=\"retention\"><\/div>\n<div class=\"function-header\">\n\t<h5>Funktion<\/h5>\n<\/div>\n<div class=\"function\"><\/div>\n<div class=\"name-header\">\n\t<h5>Navn<\/h5>\n<\/div>\n<div class=\"name\">omSessionPageviews<\/div>\n<div class=\"retention-header\">\n\t<h5>Udl\u00f8b<\/h5>\n<\/div>\n<div class=\"retention\"><\/div>\n<div class=\"function-header\">\n\t<h5>Funktion<\/h5>\n<\/div>\n<div class=\"function\"><\/div>\n<div class=\"name-header\">\n\t<h5>Navn<\/h5>\n<\/div>\n<div class=\"name\">adobeCleanFontAdded<\/div>\n<div class=\"retention-header\">\n\t<h5>Udl\u00f8b<\/h5>\n<\/div>\n<div class=\"retention\"><\/div>\n<div class=\"function-header\">\n\t<h5>Funktion<\/h5>\n<\/div>\n<div class=\"function\"><\/div>\n<div class=\"name-header\">\n\t<h5>Navn<\/h5>\n<\/div>\n<div class=\"name\">language<\/div>\n<div class=\"retention-header\">\n\t<h5>Udl\u00f8b<\/h5>\n<\/div>\n<div class=\"retention\"><\/div>\n<div class=\"function-header\">\n\t<h5>Funktion<\/h5>\n<\/div>\n<div class=\"function\"><\/div>\n<div class=\"name-header\">\n\t<h5>Navn<\/h5>\n<\/div>\n<div class=\"name\">_omappvp<\/div>\n<div class=\"retention-header\">\n\t<h5>Udl\u00f8b<\/h5>\n<\/div>\n<div class=\"retention\"><\/div>\n<div class=\"function-header\">\n\t<h5>Funktion<\/h5>\n<\/div>\n<div class=\"function\"><\/div>\n<div class=\"name-header\">\n\t<h5>Navn<\/h5>\n<\/div>\n<div class=\"name\">_omappvs<\/div>\n<div class=\"retention-header\">\n\t<h5>Udl\u00f8b<\/h5>\n<\/div>\n<div class=\"retention\"><\/div>\n<div class=\"function-header\">\n\t<h5>Funktion<\/h5>\n<\/div>\n<div class=\"function\"><\/div>\n\n<\/div>\n<\/details>\n<\/div><h2>7. Samtykke<\/h2><p>N\u00e5r du bes\u00f8ger vores websted for f\u00f8rste gang, viser vi dig en pop-up med en forklaring om cookies. S\u00e5 snart du klikker p\u00e5 \"S\u00fctik elfogad\u00e1sa\", accepterer du, at vi bruger alle cookies og plug-ins som beskrevet i pop-up filen og denne cookiepolitik. Du kan deaktivere brugen af \u200b\u200bcookies via din browser, men bem\u00e6rk at vores websted muligvis ikke l\u00e6ngere fungerer korrekt.<\/p><p class=\"cmplz-subtitle\">7.1 Administrer dine samtykkeindstillinger<\/p><div id=\"cmplz-manage-consent-container-nojavascript\">Du har indl\u00e6st cookiepolitikken uden javascript-underst\u00f8ttelse. P\u00e5 AMP kan du bruge knappen Administrer samtykke nederst p\u00e5 siden.<\/div><div id=\"cmplz-manage-consent-container\" class=\"cmplz-manage-consent-container\"><\/div><h2>8. Aktivering\/deaktivering og blokering af cookies<\/h2><p>Du kan bruge din internetbrowser til automatisk eller manuelt at indstille cookies, og du kan ogs\u00e5 angive, at visse cookies ikke m\u00e5 placeres. En anden mulighed er at \u00e6ndre indstillingerne for din internetbrowser ved at \u00e6ndre en cookie, hver gang der placeres en cookie. For mere information om disse indstillinger, se instruktionerne i Hj\u00e6lp-sektionen i din browser.<\/p><p>Bem\u00e6rk, at vores websted muligvis ikke fungerer korrekt, hvis alle cookies er deaktiverede. Hvis du sletter cookies i din browser, placeres de igen efter dit samtykke, n\u00e5r du atter bes\u00f8ger vores websteder.<\/p><h2>9. Dine rettigheder med hensyn til persondata<\/h2><p>Du har f\u00f8lgende rettigheder med hensyn til dine personlige data:<\/p><ul>\n                    <li>Du har ret til at vide, hvorfor dine personlige data er n\u00f8dvendige, hvad der vil ske med dem, og hvor l\u00e6nge de bliver opbevaret.<\/li>\n                    <li>Ret til adgang: Du har ret til at f\u00e5 adgang til dine personlige data, der er kendt af os.<\/li>\n                    <li>Ret til rettelse: Du har ret til at supplere, gemme, slette eller blokere dine personlige data, hvis du \u00f8nsker det.<\/li>\n                    <li>Hvis du giver os denne n\u00f8gle til at h\u00e5ndtere dine data, har du ret til at tr\u00e6kke denne n\u00f8gle tilbage og slette dine personlige data.<\/li>\n                    <li>Ret til at overf\u00f8re dine data: Du har ret til at anmode om alle dine personlige data fra den person, der er ansvarlig for din behandling, og overf\u00f8re dem i deres helhed til en anden person, der er ansvarlig for din behandling.<\/li>\n                    <li>Ret til indsigelse: Du kan give dit samtykke til behandlingen af dine data. Vi efterkommer dette, medmindre der er berettigede grunde til behandling.<\/li>\n                <\/ul><p>Kontakt os for at ud\u00f8ve disse rettigheder. Hvis du har en klage over den m\u00e5de, vi h\u00e5ndterer dine data p\u00e5, vil vi gerne h\u00f8re fra dig, men du er ogs\u00e5 velkommen til at sende en klage til Datatilsynet.<\/p><h2>10. Kontaktoplysninger<\/h2><p>Kontakt os via f\u00f8lgende kontaktoplysninger, hvis du har sp\u00f8rgsm\u00e5l og\/eller kommentarer til vores cookiepolitik og denne erkl\u00e6ring:<\/p><p><span class=\"cmplz-contact-organisation\">Tibor Sz\u0151ke E.V.<\/span><br>\n                      <span class=\"cmplz-contact-address\">6400 Kiskunhalas, Batth\u00e1ny u. 54.<\/span><br>\n                      <span class=\"cmplz-contact-country\">Ungarn<\/span><br>\n                      <span class=\"cmplz-contact-domain\">Internet-siden: <a href=\"https:\/\/winebase.hu\/qr\/da\">https:\/\/winebase.hu\/qr\/da<\/a><\/span><br>\n                      <span class=\"cmplz-contact-email\">E-mail: <span class=\"cmplz-obfuscate\">&#104;&#101;&#108;l&#111;@<span class=\"cmplz-fmail-domain\">e&#120;&#046;&#099;&#111;m<\/span>wine&#098;ase&#046;hu<\/span><\/span><br>\n                    <span class=\"cmplz-contact-telephone\"><\/span><\/p><\/div>","protected":false},"excerpt":{"rendered":"","protected":false},"author":1,"featured_media":0,"parent":0,"menu_order":0,"comment_status":"closed","ping_status":"closed","template":"","meta":{"footnotes":""},"class_list":["post-320","page","type-page","status-publish","hentry"],"_links":{"self":[{"href":"https:\/\/winebase.hu\/qr\/da\/wp-json\/wp\/v2\/pages\/320","targetHints":{"allow":["GET"]}}],"collection":[{"href":"https:\/\/winebase.hu\/qr\/da\/wp-json\/wp\/v2\/pages"}],"about":[{"href":"https:\/\/winebase.hu\/qr\/da\/wp-json\/wp\/v2\/types\/page"}],"author":[{"embeddable":true,"href":"https:\/\/winebase.hu\/qr\/da\/wp-json\/wp\/v2\/users\/1"}],"replies":[{"embeddable":true,"href":"https:\/\/winebase.hu\/qr\/da\/wp-json\/wp\/v2\/comments?post=320"}],"version-history":[{"count":1,"href":"https:\/\/winebase.hu\/qr\/da\/wp-json\/wp\/v2\/pages\/320\/revisions"}],"predecessor-version":[{"id":327,"href":"https:\/\/winebase.hu\/qr\/da\/wp-json\/wp\/v2\/pages\/320\/revisions\/327"}],"wp:attachment":[{"href":"https:\/\/winebase.hu\/qr\/da\/wp-json\/wp\/v2\/media?parent=320"}],"curies":[{"name":"wp","href":"https:\/\/api.w.org\/{rel}","templated":true}]}}