{"id":320,"date":"2024-07-31T14:25:18","date_gmt":"2024-07-31T12:25:18","guid":{"rendered":"https:\/\/winebase.hu\/qr\/cookie-policy-eu"},"modified":"2024-08-01T16:44:19","modified_gmt":"2024-08-01T14:44:19","slug":"suti-szabalyzat","status":"publish","type":"page","link":"https:\/\/winebase.hu\/qr\/cs\/suti-szabalyzat","title":{"rendered":"Z\u00e1sady pou\u017e\u00edv\u00e1n\u00ed soubor\u016f cookie"},"content":{"rendered":"<!-- Legal document generated by Complianz | GDPR\/CCPA Cookie Consent https:\/\/wordpress.org\/plugins\/complianz-gdpr -->\n<div id=\"cmplz-document\" class=\"cmplz-document cookie-statement cmplz-document-eu\"><p><i>Tyto Z\u00e1sady cookies byly naposledy aktualizov\u00e1ny 2024.08.01. a vztahuj\u00ed se na ob\u010dany a osoby s trval\u00fdm pobytem v Evropsk\u00e9m hospod\u00e1\u0159sk\u00e9m prostoru.<\/i><br><\/p><h2>1. V\u00e1\u0161 nov\u00fd \u00fa\u010det<\/h2><p>Na\u0161e webov\u00e9 str\u00e1nky <a href=\"https:\/\/winebase.hu\/qr\/cs\">https:\/\/winebase.hu\/qr\/cs<\/a> (d\u00e1le jen \"web\") pou\u017e\u00edvaj\u00ed cookies a dal\u0161\u00ed souvisej\u00edc\u00ed technologie (pro usnadn\u011bn\u00ed jsou v\u0161echny technologie ozna\u010dov\u00e1ny jako \"cookies\"). Cookies tak\u00e9 vkl\u00e1daj\u00ed t\u0159et\u00ed strany, kter\u00e9 jsme zapojili. V n\u00ed\u017ee uveden\u00e9m dokumentu v\u00e1s informujeme o pou\u017e\u00edv\u00e1n\u00ed cookies na na\u0161em webu.<\/p><h2>2. Co jsou soubory cookies?<\/h2><p>Soubor cookie je mal\u00fd, jedno\u010d\u00edseln\u00fd soubor, kter\u00fd je na\u010d\u00edt\u00e1n spolu s \u0159et\u011bzci t\u00e9to webov\u00e9 str\u00e1nky a ukl\u00e1d\u00e1n prohligerem na pevn\u00fd disk po\u010d\u00edta\u010de nebo jin\u00e9ho za\u0159\u00edzen\u00ed. Informace v nich ulo\u017een\u00e9 mohou b\u00fdt vr\u00e1ceny na\u0161im server\u016fm nebo server\u016fm p\u0159\u00edslu\u0161n\u00fdch t\u0159et\u00edch stran b\u011bhem n\u00e1sledn\u00e9 n\u00e1v\u0161t\u011bvy.<\/p><h2>3. Co jsou skripty?<\/h2><p>Skript je \u010d\u00e1st programov\u00e9ho k\u00f3du, kter\u00fd se pou\u017e\u00edv\u00e1 k zaji\u0161t\u011bn\u00ed spr\u00e1vn\u00e9ho a interaktivn\u00edho fungov\u00e1n\u00ed na\u0161ich webov\u00fdch str\u00e1nek. Tento k\u00f3d je ulo\u017een na na\u0161em serveru nebo ve va\u0161em po\u010d\u00edta\u010di.<\/p><h2>4. Co je to webov\u00fd maj\u00e1k?<\/h2><p>Webov\u00fd maj\u00e1k (nebo pixelov\u00e1 zna\u010dka) je mal\u00fd, neviditeln\u00fd kus textu nebo obr\u00e1zku na webu, kter\u00fd se pou\u017e\u00edv\u00e1 ke sledov\u00e1n\u00ed provozu na webu. Za t\u00edmto \u00fa\u010delem jsou r\u016fzn\u00e1 data o v\u00e1s ukl\u00e1d\u00e1na pomoc\u00ed webov\u00fdch maj\u00e1k\u016f.<\/p><h2>5. cookies<\/h2><p class=\"cmplz-subtitle\">5.1 Technick\u00e9 nebo funk\u010dn\u00ed soubory cookies<\/p><p>N\u011bkter\u00e9 soubory cookies zaji\u0161\u0165uj\u00ed, \u017ee ur\u010dit\u00e9 \u010d\u00e1sti webu funguj\u00ed spr\u00e1vn\u011b a \u017ee va\u0161e u\u017eivatelsk\u00e9 preference z\u016fst\u00e1vaj\u00ed zn\u00e1m\u00e9. Um\u00edst\u011bn\u00edm funk\u010dn\u00edch soubor\u016f cookies usnad\u0148ujeme n\u00e1v\u0161t\u011bvu na\u0161ich webov\u00fdch str\u00e1nek. T\u00edmto zp\u016fsobem nemus\u00edte p\u0159i n\u00e1v\u0161t\u011bv\u011b na\u0161ich webov\u00fdch str\u00e1nek opakovan\u011b zad\u00e1vat stejn\u00e9 informace a nap\u0159\u00edklad polo\u017eky z\u016fstanou v n\u00e1kupn\u00edm ko\u0161\u00edku, dokud nezaplat\u00edte. Tyto cookies m\u016f\u017eeme um\u00edstit bez va\u0161eho souhlasu.<\/p><h2>6. Odstraniteln\u00e9 soubory cookie<\/h2><div id=\"cmplz-cookies-overview\"><details class=\"cmplz-dropdown cmplz-service-desc cmplz-dropdown-cookiepolicy\">\n\t<summary class=\"cmplz-service-header\"><div>\n\t\t<h3>Ostatn\u00ed<\/h3>\n\t\t<p>\u00da\u010del \u010dekaj\u00edc\u00ed na zji\u0161t\u011bn\u00ed<\/p>\n\t\t<label for=\"cmplz_service_ostatn\u00ed\" class=\"cmplz_consent_per_service_label\"><span class=\"screen-reader-text\">Souhlas se slu\u017ebou ostatn\u00ed<\/span><\/label>\n\t\t<input type=\"checkbox\" id=\"cmplz_service_ostatn\u00ed\" class=\"cmplz-accept-service cmplz-hidden\" data-service=\"ostatn\u00ed\" data-category=\"functional\"><\/div>\n\t<\/summary>\n\t<div class=\"cmplz-service-description\">\n\t\t<h4>U\u017e\u00edv\u00e1n\u00ed<\/h4>\n\t\t<p><\/p>\n\t<\/div>\n\t<div class=\"cmplz-sharing-data\">\n\t\t<h4>Sd\u00edlen\u00ed \u00fadaj\u016f<\/h4>\n\t\t<p>Sd\u00edlen\u00ed \u00fadaj\u016f \u010dek\u00e1 na zji\u0161t\u011bn\u00ed<\/p>\n\t<\/div>\n\t<div class=\"cookies-per-purpose\">\n    <div class=\"purpose\"><h4>\u00da\u010del \u010dekaj\u00edc\u00ed na zji\u0161t\u011bn\u00ed<\/h4><\/div>\n    <div class=\"name-header\">\n\t<h5>Nazev<\/h5>\n<\/div>\n<div class=\"name\">_ga<\/div>\n<div class=\"retention-header\">\n\t<h5>Expirace<\/h5>\n<\/div>\n<div class=\"retention\"><\/div>\n<div class=\"function-header\">\n\t<h5>R\u00e1dio<\/h5>\n<\/div>\n<div class=\"function\"><\/div>\n<div class=\"name-header\">\n\t<h5>Nazev<\/h5>\n<\/div>\n<div class=\"name\">_ga_Q8D12B8SJ8<\/div>\n<div class=\"retention-header\">\n\t<h5>Expirace<\/h5>\n<\/div>\n<div class=\"retention\"><\/div>\n<div class=\"function-header\">\n\t<h5>R\u00e1dio<\/h5>\n<\/div>\n<div class=\"function\"><\/div>\n<div class=\"name-header\">\n\t<h5>Nazev<\/h5>\n<\/div>\n<div class=\"name\">2fuf6at4<\/div>\n<div class=\"retention-header\">\n\t<h5>Expirace<\/h5>\n<\/div>\n<div class=\"retention\"><\/div>\n<div class=\"function-header\">\n\t<h5>R\u00e1dio<\/h5>\n<\/div>\n<div class=\"function\"><\/div>\n<div class=\"name-header\">\n\t<h5>Nazev<\/h5>\n<\/div>\n<div class=\"name\">k7k80o55<\/div>\n<div class=\"retention-header\">\n\t<h5>Expirace<\/h5>\n<\/div>\n<div class=\"retention\"><\/div>\n<div class=\"function-header\">\n\t<h5>R\u00e1dio<\/h5>\n<\/div>\n<div class=\"function\"><\/div>\n<div class=\"name-header\">\n\t<h5>Nazev<\/h5>\n<\/div>\n<div class=\"name\">jd4mdtr6<\/div>\n<div class=\"retention-header\">\n\t<h5>Expirace<\/h5>\n<\/div>\n<div class=\"retention\"><\/div>\n<div class=\"function-header\">\n\t<h5>R\u00e1dio<\/h5>\n<\/div>\n<div class=\"function\"><\/div>\n<div class=\"name-header\">\n\t<h5>Nazev<\/h5>\n<\/div>\n<div class=\"name\">fpwchxd2<\/div>\n<div class=\"retention-header\">\n\t<h5>Expirace<\/h5>\n<\/div>\n<div class=\"retention\"><\/div>\n<div class=\"function-header\">\n\t<h5>R\u00e1dio<\/h5>\n<\/div>\n<div class=\"function\"><\/div>\n<div class=\"name-header\">\n\t<h5>Nazev<\/h5>\n<\/div>\n<div class=\"name\">pdqhrfdj<\/div>\n<div class=\"retention-header\">\n\t<h5>Expirace<\/h5>\n<\/div>\n<div class=\"retention\"><\/div>\n<div class=\"function-header\">\n\t<h5>R\u00e1dio<\/h5>\n<\/div>\n<div class=\"function\"><\/div>\n<div class=\"name-header\">\n\t<h5>Nazev<\/h5>\n<\/div>\n<div class=\"name\">367fomw3<\/div>\n<div class=\"retention-header\">\n\t<h5>Expirace<\/h5>\n<\/div>\n<div class=\"retention\"><\/div>\n<div class=\"function-header\">\n\t<h5>R\u00e1dio<\/h5>\n<\/div>\n<div class=\"function\"><\/div>\n<div class=\"name-header\">\n\t<h5>Nazev<\/h5>\n<\/div>\n<div class=\"name\">4nyi2d7r<\/div>\n<div class=\"retention-header\">\n\t<h5>Expirace<\/h5>\n<\/div>\n<div class=\"retention\"><\/div>\n<div class=\"function-header\">\n\t<h5>R\u00e1dio<\/h5>\n<\/div>\n<div class=\"function\"><\/div>\n<div class=\"name-header\">\n\t<h5>Nazev<\/h5>\n<\/div>\n<div class=\"name\">yx8zuzgu<\/div>\n<div class=\"retention-header\">\n\t<h5>Expirace<\/h5>\n<\/div>\n<div class=\"retention\"><\/div>\n<div class=\"function-header\">\n\t<h5>R\u00e1dio<\/h5>\n<\/div>\n<div class=\"function\"><\/div>\n<div class=\"name-header\">\n\t<h5>Nazev<\/h5>\n<\/div>\n<div class=\"name\">ydeyrekp<\/div>\n<div class=\"retention-header\">\n\t<h5>Expirace<\/h5>\n<\/div>\n<div class=\"retention\"><\/div>\n<div class=\"function-header\">\n\t<h5>R\u00e1dio<\/h5>\n<\/div>\n<div class=\"function\"><\/div>\n<div class=\"name-header\">\n\t<h5>Nazev<\/h5>\n<\/div>\n<div class=\"name\">dyzxokvk<\/div>\n<div class=\"retention-header\">\n\t<h5>Expirace<\/h5>\n<\/div>\n<div class=\"retention\"><\/div>\n<div class=\"function-header\">\n\t<h5>R\u00e1dio<\/h5>\n<\/div>\n<div class=\"function\"><\/div>\n<div class=\"name-header\">\n\t<h5>Nazev<\/h5>\n<\/div>\n<div class=\"name\">hskf493a<\/div>\n<div class=\"retention-header\">\n\t<h5>Expirace<\/h5>\n<\/div>\n<div class=\"retention\"><\/div>\n<div class=\"function-header\">\n\t<h5>R\u00e1dio<\/h5>\n<\/div>\n<div class=\"function\"><\/div>\n<div class=\"name-header\">\n\t<h5>Nazev<\/h5>\n<\/div>\n<div class=\"name\">selectedFormType<\/div>\n<div class=\"retention-header\">\n\t<h5>Expirace<\/h5>\n<\/div>\n<div class=\"retention\"><\/div>\n<div class=\"function-header\">\n\t<h5>R\u00e1dio<\/h5>\n<\/div>\n<div class=\"function\"><\/div>\n<div class=\"name-header\">\n\t<h5>Nazev<\/h5>\n<\/div>\n<div class=\"name\">emoji-mart.last<\/div>\n<div class=\"retention-header\">\n\t<h5>Expirace<\/h5>\n<\/div>\n<div class=\"retention\"><\/div>\n<div class=\"function-header\">\n\t<h5>R\u00e1dio<\/h5>\n<\/div>\n<div class=\"function\"><\/div>\n<div class=\"name-header\">\n\t<h5>Nazev<\/h5>\n<\/div>\n<div class=\"name\">omWpApi<\/div>\n<div class=\"retention-header\">\n\t<h5>Expirace<\/h5>\n<\/div>\n<div class=\"retention\"><\/div>\n<div class=\"function-header\">\n\t<h5>R\u00e1dio<\/h5>\n<\/div>\n<div class=\"function\"><\/div>\n<div class=\"name-header\">\n\t<h5>Nazev<\/h5>\n<\/div>\n<div class=\"name\">emoji-mart.frequently<\/div>\n<div class=\"retention-header\">\n\t<h5>Expirace<\/h5>\n<\/div>\n<div class=\"retention\"><\/div>\n<div class=\"function-header\">\n\t<h5>R\u00e1dio<\/h5>\n<\/div>\n<div class=\"function\"><\/div>\n<div class=\"name-header\">\n\t<h5>Nazev<\/h5>\n<\/div>\n<div class=\"name\">log-settings<\/div>\n<div class=\"retention-header\">\n\t<h5>Expirace<\/h5>\n<\/div>\n<div class=\"retention\"><\/div>\n<div class=\"function-header\">\n\t<h5>R\u00e1dio<\/h5>\n<\/div>\n<div class=\"function\"><\/div>\n<div class=\"name-header\">\n\t<h5>Nazev<\/h5>\n<\/div>\n<div class=\"name\">loglevel<\/div>\n<div class=\"retention-header\">\n\t<h5>Expirace<\/h5>\n<\/div>\n<div class=\"retention\"><\/div>\n<div class=\"function-header\">\n\t<h5>R\u00e1dio<\/h5>\n<\/div>\n<div class=\"function\"><\/div>\n<div class=\"name-header\">\n\t<h5>Nazev<\/h5>\n<\/div>\n<div class=\"name\">entriesPerPage<\/div>\n<div class=\"retention-header\">\n\t<h5>Expirace<\/h5>\n<\/div>\n<div class=\"retention\"><\/div>\n<div class=\"function-header\">\n\t<h5>R\u00e1dio<\/h5>\n<\/div>\n<div class=\"function\"><\/div>\n<div class=\"name-header\">\n\t<h5>Nazev<\/h5>\n<\/div>\n<div class=\"name\">1toibxv5<\/div>\n<div class=\"retention-header\">\n\t<h5>Expirace<\/h5>\n<\/div>\n<div class=\"retention\"><\/div>\n<div class=\"function-header\">\n\t<h5>R\u00e1dio<\/h5>\n<\/div>\n<div class=\"function\"><\/div>\n<div class=\"name-header\">\n\t<h5>Nazev<\/h5>\n<\/div>\n<div class=\"name\">j1c0hj1a<\/div>\n<div class=\"retention-header\">\n\t<h5>Expirace<\/h5>\n<\/div>\n<div class=\"retention\"><\/div>\n<div class=\"function-header\">\n\t<h5>R\u00e1dio<\/h5>\n<\/div>\n<div class=\"function\"><\/div>\n<div class=\"name-header\">\n\t<h5>Nazev<\/h5>\n<\/div>\n<div class=\"name\">ph1dy13n<\/div>\n<div class=\"retention-header\">\n\t<h5>Expirace<\/h5>\n<\/div>\n<div class=\"retention\"><\/div>\n<div class=\"function-header\">\n\t<h5>R\u00e1dio<\/h5>\n<\/div>\n<div class=\"function\"><\/div>\n<div class=\"name-header\">\n\t<h5>Nazev<\/h5>\n<\/div>\n<div class=\"name\">8w1zazp3<\/div>\n<div class=\"retention-header\">\n\t<h5>Expirace<\/h5>\n<\/div>\n<div class=\"retention\"><\/div>\n<div class=\"function-header\">\n\t<h5>R\u00e1dio<\/h5>\n<\/div>\n<div class=\"function\"><\/div>\n<div class=\"name-header\">\n\t<h5>Nazev<\/h5>\n<\/div>\n<div class=\"name\">c47mngya<\/div>\n<div class=\"retention-header\">\n\t<h5>Expirace<\/h5>\n<\/div>\n<div class=\"retention\"><\/div>\n<div class=\"function-header\">\n\t<h5>R\u00e1dio<\/h5>\n<\/div>\n<div class=\"function\"><\/div>\n<div class=\"name-header\">\n\t<h5>Nazev<\/h5>\n<\/div>\n<div class=\"name\">p4s885on<\/div>\n<div class=\"retention-header\">\n\t<h5>Expirace<\/h5>\n<\/div>\n<div class=\"retention\"><\/div>\n<div class=\"function-header\">\n\t<h5>R\u00e1dio<\/h5>\n<\/div>\n<div class=\"function\"><\/div>\n<div class=\"name-header\">\n\t<h5>Nazev<\/h5>\n<\/div>\n<div class=\"name\">drm1xvgt<\/div>\n<div class=\"retention-header\">\n\t<h5>Expirace<\/h5>\n<\/div>\n<div class=\"retention\"><\/div>\n<div class=\"function-header\">\n\t<h5>R\u00e1dio<\/h5>\n<\/div>\n<div class=\"function\"><\/div>\n<div class=\"name-header\">\n\t<h5>Nazev<\/h5>\n<\/div>\n<div class=\"name\">5kjkr0qu<\/div>\n<div class=\"retention-header\">\n\t<h5>Expirace<\/h5>\n<\/div>\n<div class=\"retention\"><\/div>\n<div class=\"function-header\">\n\t<h5>R\u00e1dio<\/h5>\n<\/div>\n<div class=\"function\"><\/div>\n<div class=\"name-header\">\n\t<h5>Nazev<\/h5>\n<\/div>\n<div class=\"name\">76koxdcg<\/div>\n<div class=\"retention-header\">\n\t<h5>Expirace<\/h5>\n<\/div>\n<div class=\"retention\"><\/div>\n<div class=\"function-header\">\n\t<h5>R\u00e1dio<\/h5>\n<\/div>\n<div class=\"function\"><\/div>\n<div class=\"name-header\">\n\t<h5>Nazev<\/h5>\n<\/div>\n<div class=\"name\">omVisitsFirst<\/div>\n<div class=\"retention-header\">\n\t<h5>Expirace<\/h5>\n<\/div>\n<div class=\"retention\"><\/div>\n<div class=\"function-header\">\n\t<h5>R\u00e1dio<\/h5>\n<\/div>\n<div class=\"function\"><\/div>\n<div class=\"name-header\">\n\t<h5>Nazev<\/h5>\n<\/div>\n<div class=\"name\">omVisits<\/div>\n<div class=\"retention-header\">\n\t<h5>Expirace<\/h5>\n<\/div>\n<div class=\"retention\"><\/div>\n<div class=\"function-header\">\n\t<h5>R\u00e1dio<\/h5>\n<\/div>\n<div class=\"function\"><\/div>\n<div class=\"name-header\">\n\t<h5>Nazev<\/h5>\n<\/div>\n<div class=\"name\">omSessionStart<\/div>\n<div class=\"retention-header\">\n\t<h5>Expirace<\/h5>\n<\/div>\n<div class=\"retention\"><\/div>\n<div class=\"function-header\">\n\t<h5>R\u00e1dio<\/h5>\n<\/div>\n<div class=\"function\"><\/div>\n<div class=\"name-header\">\n\t<h5>Nazev<\/h5>\n<\/div>\n<div class=\"name\">omScrollHeight<\/div>\n<div class=\"retention-header\">\n\t<h5>Expirace<\/h5>\n<\/div>\n<div class=\"retention\"><\/div>\n<div class=\"function-header\">\n\t<h5>R\u00e1dio<\/h5>\n<\/div>\n<div class=\"function\"><\/div>\n<div class=\"name-header\">\n\t<h5>Nazev<\/h5>\n<\/div>\n<div class=\"name\">omSessionPageviews<\/div>\n<div class=\"retention-header\">\n\t<h5>Expirace<\/h5>\n<\/div>\n<div class=\"retention\"><\/div>\n<div class=\"function-header\">\n\t<h5>R\u00e1dio<\/h5>\n<\/div>\n<div class=\"function\"><\/div>\n<div class=\"name-header\">\n\t<h5>Nazev<\/h5>\n<\/div>\n<div class=\"name\">adobeCleanFontAdded<\/div>\n<div class=\"retention-header\">\n\t<h5>Expirace<\/h5>\n<\/div>\n<div class=\"retention\"><\/div>\n<div class=\"function-header\">\n\t<h5>R\u00e1dio<\/h5>\n<\/div>\n<div class=\"function\"><\/div>\n<div class=\"name-header\">\n\t<h5>Nazev<\/h5>\n<\/div>\n<div class=\"name\">language<\/div>\n<div class=\"retention-header\">\n\t<h5>Expirace<\/h5>\n<\/div>\n<div class=\"retention\"><\/div>\n<div class=\"function-header\">\n\t<h5>R\u00e1dio<\/h5>\n<\/div>\n<div class=\"function\"><\/div>\n<div class=\"name-header\">\n\t<h5>Nazev<\/h5>\n<\/div>\n<div class=\"name\">_omappvp<\/div>\n<div class=\"retention-header\">\n\t<h5>Expirace<\/h5>\n<\/div>\n<div class=\"retention\"><\/div>\n<div class=\"function-header\">\n\t<h5>R\u00e1dio<\/h5>\n<\/div>\n<div class=\"function\"><\/div>\n<div class=\"name-header\">\n\t<h5>Nazev<\/h5>\n<\/div>\n<div class=\"name\">_omappvs<\/div>\n<div class=\"retention-header\">\n\t<h5>Expirace<\/h5>\n<\/div>\n<div class=\"retention\"><\/div>\n<div class=\"function-header\">\n\t<h5>R\u00e1dio<\/h5>\n<\/div>\n<div class=\"function\"><\/div>\n\n<\/div>\n<\/details>\n<\/div><h2>7. Souhlas<\/h2><p>Kdy\u017e poprv\u00e9 nav\u0161t\u00edv\u00edte n\u00e1\u0161 web, uk\u00e1\u017eeme v\u00e1m vyskakovac\u00ed okno s\u00a0vysv\u011btlen\u00edm o\u00a0cookies. Jakmile kliknete na \"S\u00fctik elfogad\u00e1sa\", vyjad\u0159ujete sv\u016fj souhlas s pou\u017e\u00edv\u00e1n\u00edm v\u0161ech soubor\u016f cookies a dopl\u0148k\u016f popsan\u00fdch ve vyskakovac\u00edm okn\u011b a v t\u011bchto Z\u00e1sad\u00e1ch cookies. Pou\u017e\u00edv\u00e1n\u00ed cookies m\u016f\u017eete zak\u00e1zat pomoc\u00ed sv\u00e9ho prohl\u00ed\u017ee\u010de, ale m\u011bjte na pam\u011bti, \u017ee na\u0161e webov\u00e9 str\u00e1nky ji\u017e nemus\u00ed fungovat spr\u00e1vn\u011b.<\/p><p class=\"cmplz-subtitle\">7.1 Spr\u00e1va nastaven\u00ed souhlasu<\/p><div id=\"cmplz-manage-consent-container-nojavascript\">Z\u00e1sady cookies jste na\u010detli bez podpory javascriptu. Na AMP m\u016f\u017eete pou\u017e\u00edt tla\u010d\u00edtko Spravovat souhlas ve spodn\u00ed \u010d\u00e1sti str\u00e1nky.<\/div><div id=\"cmplz-manage-consent-container\" class=\"cmplz-manage-consent-container\"><\/div><h2>8. Povolen\u00ed\/zak\u00e1z\u00e1n\u00ed a odstran\u011bn\u00ed cookies<\/h2><p>Pomoc\u00ed internetov\u00e9ho prohl\u00ed\u017ee\u010de m\u016f\u017eete automaticky nebo ru\u010dn\u011b mazat soubory cookies. M\u016f\u017eete tak\u00e9 ur\u010dit, \u017ee n\u011bkter\u00e9 soubory cookies nemus\u00ed b\u00fdt um\u00edst\u011bny. Dal\u0161\u00ed mo\u017enost\u00ed je zm\u011bnit nastaven\u00ed internetov\u00e9ho prohl\u00ed\u017ee\u010de tak, aby se v\u00e1m p\u0159i ka\u017ed\u00e9m ulo\u017een\u00ed souboru cookies zobrazila zpr\u00e1va. Dal\u0161\u00ed informace o t\u011bchto mo\u017enostech naleznete v N\u00e1pov\u011bd\u011b va\u0161eho prohl\u00ed\u017ee\u010de.<\/p><p>Vezm\u011bte pros\u00edm na v\u011bdom\u00ed, \u017ee n\u00e1\u0161 web nemus\u00ed fungovat spr\u00e1vn\u011b, pokud jsou deaktivov\u00e1ny v\u0161echny cookies. Pokud cookies sma\u017eete ve sv\u00e9m prohl\u00ed\u017ee\u010di, budou znovu um\u00edst\u011bny po va\u0161em souhlasu, kdy\u017e znovu nav\u0161t\u00edv\u00edte na\u0161e webov\u00e9 str\u00e1nky.<\/p><h2>9. Va\u0161e pr\u00e1va na osobn\u00ed \u00fadaje<\/h2><p>Pokud jde o va\u0161e osobn\u00ed \u00fadaje, m\u00e1te n\u00e1sleduj\u00edc\u00ed pr\u00e1va:<\/p><ul>\n                    <li>M\u00e1te pr\u00e1vo v\u011bd\u011bt, pro\u010d jsou va\u0161e osobn\u00ed \u00fadaje pot\u0159ebn\u00e9, co se s nimi stane a jak dlouho budou uchov\u00e1ny.<\/li>\n                    <li>Pr\u00e1vo na p\u0159\u00edstup: M\u00e1te pr\u00e1vo na p\u0159\u00edstup k va\u0161im osobn\u00edm \u00fadaj\u016fm, kter\u00e9 jsou n\u00e1m zn\u00e1my.<\/li>\n                    <li>Pr\u00e1vo na p\u0159\u00edstup: M\u00e1te pr\u00e1vo p\u0159idat, vymazat, odstranit nebo zablokovat jak\u00e9koli shrom\u00e1\u017ed\u011bn\u00e9 osobn\u00ed \u00fadaje.<\/li>\n                    <li>Pokud n\u00e1m ud\u011bl\u00edte souhlas se zpracov\u00e1n\u00edm va\u0161ich \u00fadaj\u016f, m\u00e1te pr\u00e1vo tento souhlas odvolat a nechat va\u0161e osobn\u00ed \u00fadaje smazat.<\/li>\n                    <li>Pr\u00e1vo na p\u0159enos va\u0161ich \u00fadaj\u016f: M\u00e1te pr\u00e1vo vy\u017e\u00e1dat si od spr\u00e1vce v\u0161echny va\u0161e osobn\u00ed \u00fadaje a v cel\u00e9m rozsahu je p\u0159edat jin\u00e9mu spr\u00e1vci.<\/li>\n                    <li>Pr\u00e1vo na n\u00e1mitku: proti zpracov\u00e1n\u00ed va\u0161ich \u00fadaj\u016f m\u016f\u017eete nam\u00edtat. \u0158\u00edd\u00edme se t\u00edm, pokud neexistuj\u00ed opr\u00e1vn\u011bn\u00e9 d\u016fvody ke zpracov\u00e1n\u00ed.<\/li>\n                <\/ul><p>Pro uplatn\u011bn\u00ed t\u011bchto pr\u00e1v n\u00e1s pros\u00edm kontaktujte. Kontaktn\u00ed \u00fadaje naleznete v samostatn\u00e9 \u010d\u00e1sti t\u011bchto Podm\u00ednek pou\u017e\u00edv\u00e1n\u00ed pro soubory cookie. Pokud m\u00e1te jak\u00e9koli pochybnosti o tom, jak nakl\u00e1d\u00e1me s va\u0161imi osobn\u00edmi \u00fadaji, dejte n\u00e1m pros\u00edm v\u011bd\u011bt, ale m\u00e1te tak\u00e9 pr\u00e1vo po\u017e\u00e1dat n\u00e1s o souhlas s pou\u017eit\u00edm va\u0161ich osobn\u00edch \u00fadaj\u016f.<\/p><h2>10. Kontaktn\u00ed \u00fadaje<\/h2><p>V p\u0159\u00edpad\u011b dotaz\u016f nebo koment\u00e1\u0159\u016f ohledn\u011b na\u0161ich z\u00e1sad t\u00fdkaj\u00edc\u00edch se soubor\u016f cookies a tohoto prohl\u00e1\u0161en\u00ed n\u00e1s pros\u00edm kontaktujte pomoc\u00ed n\u00e1sleduj\u00edc\u00edch kontaktn\u00edch \u00fadaj\u016f:<\/p><p><span class=\"cmplz-contact-organisation\">Tibor Sz\u0151ke E.V.<\/span><br>\n                      <span class=\"cmplz-contact-address\">6400 Kiskunhalas, Batth\u00e1ny u. 54.<\/span><br>\n                      <span class=\"cmplz-contact-country\">Ma\u010farsko<\/span><br>\n                      <span class=\"cmplz-contact-domain\">Web: <a href=\"https:\/\/winebase.hu\/qr\/cs\">https:\/\/winebase.hu\/qr\/cs<\/a><\/span><br>\n                      <span class=\"cmplz-contact-email\">E-mail: <span class=\"cmplz-obfuscate\">&#104;e&#108;&#108;&#111;@<span class=\"cmplz-fmail-domain\">&#101;&#120;&#046;&#099;om<\/span>w&#105;&#110;&#101;&#098;&#097;se.&#104;u<\/span><\/span><br>\n                    <span class=\"cmplz-contact-telephone\"><\/span><\/p><\/div>","protected":false},"excerpt":{"rendered":"","protected":false},"author":1,"featured_media":0,"parent":0,"menu_order":0,"comment_status":"closed","ping_status":"closed","template":"","meta":{"footnotes":""},"class_list":["post-320","page","type-page","status-publish","hentry"],"_links":{"self":[{"href":"https:\/\/winebase.hu\/qr\/cs\/wp-json\/wp\/v2\/pages\/320","targetHints":{"allow":["GET"]}}],"collection":[{"href":"https:\/\/winebase.hu\/qr\/cs\/wp-json\/wp\/v2\/pages"}],"about":[{"href":"https:\/\/winebase.hu\/qr\/cs\/wp-json\/wp\/v2\/types\/page"}],"author":[{"embeddable":true,"href":"https:\/\/winebase.hu\/qr\/cs\/wp-json\/wp\/v2\/users\/1"}],"replies":[{"embeddable":true,"href":"https:\/\/winebase.hu\/qr\/cs\/wp-json\/wp\/v2\/comments?post=320"}],"version-history":[{"count":1,"href":"https:\/\/winebase.hu\/qr\/cs\/wp-json\/wp\/v2\/pages\/320\/revisions"}],"predecessor-version":[{"id":327,"href":"https:\/\/winebase.hu\/qr\/cs\/wp-json\/wp\/v2\/pages\/320\/revisions\/327"}],"wp:attachment":[{"href":"https:\/\/winebase.hu\/qr\/cs\/wp-json\/wp\/v2\/media?parent=320"}],"curies":[{"name":"wp","href":"https:\/\/api.w.org\/{rel}","templated":true}]}}